{"id":4182,"date":"2015-04-13T16:28:12","date_gmt":"2015-04-13T14:28:12","guid":{"rendered":"https:\/\/cce.it\/\/automatic-dropdowns-division\/prodotti\/comfort\/pvc-plus\/"},"modified":"2018-07-19T09:08:49","modified_gmt":"2018-07-19T07:08:49","slug":"pvc-plus","status":"publish","type":"page","link":"https:\/\/cce.it\/de\/bereich-zugluft\/produkt\/comfort\/pvc-plus\/","title":{"rendered":"PVC Plus"},"content":{"rendered":"<h5><span>INFORMATION<\/span><\/h5>\n<hr \/>\n<p>Dieses eigens f\u00fcr PVC-T\u00fcren entworfene Modell gew&auml;hrleistet dank des im oberen Bereich schm\u00e4leren Au\u00dfenprofils einen hohen Schallschutz. Es sind verschiedene Druck- knopfkombinationen und zwei Befestigungsarten m\u00f6glich. Der Mechanismus kann sowohl von der Band- als auch Griffseite aus dem Au\u00dfenprofil gezogen werden (CCE-patentiertes System).<\/p>\n","protected":false},"excerpt":{"rendered":"<p>INFORMATION Dieses eigens f\u00fcr PVC-T\u00fcren entworfene Modell gew&auml;hrleistet dank des im oberen Bereich schm\u00e4leren Au\u00dfenprofils einen hohen Schallschutz. Es sind verschiedene Druck- knopfkombinationen und zwei Befestigungsarten m\u00f6glich. Der Mechanismus kann sowohl von der Band- als auch Griffseite aus dem Au\u00dfenprofil gezogen werden (CCE-patentiertes System).<\/p>\n","protected":false},"author":12,"featured_media":8819,"parent":4169,"menu_order":1014,"comment_status":"closed","ping_status":"open","template":"template-antis-product.php","meta":[],"acf":[],"yoast_head":"<!-- This site is optimized with the Yoast SEO plugin v15.0 - https:\/\/yoast.com\/wordpress\/plugins\/seo\/ -->\n<title>PVC Plus - CCE<\/title>\n<meta name=\"robots\" content=\"index, follow, max-snippet:-1, max-image-preview:large, max-video-preview:-1\" \/>\n<link rel=\"canonical\" href=\"https:\/\/cce.it\/de\/bereich-zugluft\/produkt\/comfort\/pvc-plus\/\" \/>\n<meta property=\"og:locale\" content=\"de_DE\" \/>\n<meta property=\"og:type\" content=\"article\" \/>\n<meta property=\"og:title\" content=\"PVC Plus - CCE\" \/>\n<meta property=\"og:description\" content=\"INFORMATION Dieses eigens f\u00fcr PVC-T\u00fcren entworfene Modell gew&auml;hrleistet dank des im oberen Bereich schm\u00e4leren Au\u00dfenprofils einen hohen Schallschutz. Es sind verschiedene Druck- knopfkombinationen und zwei Befestigungsarten m\u00f6glich. Der Mechanismus kann sowohl von der Band- als auch Griffseite aus dem Au\u00dfenprofil gezogen werden (CCE-patentiertes System).\" \/>\n<meta property=\"og:url\" content=\"https:\/\/cce.it\/de\/bereich-zugluft\/produkt\/comfort\/pvc-plus\/\" \/>\n<meta property=\"og:site_name\" content=\"CCE\" \/>\n<meta property=\"article:modified_time\" content=\"2018-07-19T07:08:49+00:00\" \/>\n<meta property=\"og:image\" content=\"https:\/\/cce.it\/wp-content\/uploads\/aspvcpl-prodotto_rev2.jpg\" \/>\n\t<meta property=\"og:image:width\" content=\"1920\" \/>\n\t<meta property=\"og:image:height\" content=\"726\" \/>\n<script type=\"application\/ld+json\" class=\"yoast-schema-graph\">{\"@context\":\"https:\/\/schema.org\",\"@graph\":[{\"@type\":\"WebSite\",\"@id\":\"https:\/\/cce.it\/de\/#website\",\"url\":\"https:\/\/cce.it\/de\/\",\"name\":\"CCE\",\"description\":\"\",\"potentialAction\":[{\"@type\":\"SearchAction\",\"target\":\"https:\/\/cce.it\/de\/?s={search_term_string}\",\"query-input\":\"required name=search_term_string\"}],\"inLanguage\":\"de-DE\"},{\"@type\":\"ImageObject\",\"@id\":\"https:\/\/cce.it\/de\/bereich-zugluft\/produkt\/comfort\/pvc-plus\/#primaryimage\",\"inLanguage\":\"de-DE\",\"url\":\"https:\/\/cce.it\/wp-content\/uploads\/aspvcpl-prodotto_rev2.jpg\",\"width\":1920,\"height\":726},{\"@type\":\"WebPage\",\"@id\":\"https:\/\/cce.it\/de\/bereich-zugluft\/produkt\/comfort\/pvc-plus\/#webpage\",\"url\":\"https:\/\/cce.it\/de\/bereich-zugluft\/produkt\/comfort\/pvc-plus\/\",\"name\":\"PVC Plus - CCE\",\"isPartOf\":{\"@id\":\"https:\/\/cce.it\/de\/#website\"},\"primaryImageOfPage\":{\"@id\":\"https:\/\/cce.it\/de\/bereich-zugluft\/produkt\/comfort\/pvc-plus\/#primaryimage\"},\"datePublished\":\"2015-04-13T14:28:12+00:00\",\"dateModified\":\"2018-07-19T07:08:49+00:00\",\"breadcrumb\":{\"@id\":\"https:\/\/cce.it\/de\/bereich-zugluft\/produkt\/comfort\/pvc-plus\/#breadcrumb\"},\"inLanguage\":\"de-DE\",\"potentialAction\":[{\"@type\":\"ReadAction\",\"target\":[\"https:\/\/cce.it\/de\/bereich-zugluft\/produkt\/comfort\/pvc-plus\/\"]}]},{\"@type\":\"BreadcrumbList\",\"@id\":\"https:\/\/cce.it\/de\/bereich-zugluft\/produkt\/comfort\/pvc-plus\/#breadcrumb\",\"itemListElement\":[{\"@type\":\"ListItem\",\"position\":1,\"item\":{\"@type\":\"WebPage\",\"@id\":\"https:\/\/cce.it\/de\/home\/\",\"url\":\"https:\/\/cce.it\/de\/home\/\",\"name\":\"Home\"}},{\"@type\":\"ListItem\",\"position\":2,\"item\":{\"@type\":\"WebPage\",\"@id\":\"https:\/\/cce.it\/de\/bereich-zugluft\/\",\"url\":\"https:\/\/cce.it\/de\/bereich-zugluft\/\",\"name\":\"Bereich Zugluft\"}},{\"@type\":\"ListItem\",\"position\":3,\"item\":{\"@type\":\"WebPage\",\"@id\":\"https:\/\/cce.it\/de\/bereich-zugluft\/produkt\/\",\"url\":\"https:\/\/cce.it\/de\/bereich-zugluft\/produkt\/\",\"name\":\"Kategorien\"}},{\"@type\":\"ListItem\",\"position\":4,\"item\":{\"@type\":\"WebPage\",\"@id\":\"https:\/\/cce.it\/de\/bereich-zugluft\/produkt\/comfort\/\",\"url\":\"https:\/\/cce.it\/de\/bereich-zugluft\/produkt\/comfort\/\",\"name\":\"Comfort\"}},{\"@type\":\"ListItem\",\"position\":5,\"item\":{\"@type\":\"WebPage\",\"@id\":\"https:\/\/cce.it\/de\/bereich-zugluft\/produkt\/comfort\/pvc-plus\/\",\"url\":\"https:\/\/cce.it\/de\/bereich-zugluft\/produkt\/comfort\/pvc-plus\/\",\"name\":\"PVC Plus\"}}]}]}<\/script>\n<!-- \/ Yoast SEO plugin. -->","_links":{"self":[{"href":"https:\/\/cce.it\/de\/wp-json\/wp\/v2\/pages\/4182"}],"collection":[{"href":"https:\/\/cce.it\/de\/wp-json\/wp\/v2\/pages"}],"about":[{"href":"https:\/\/cce.it\/de\/wp-json\/wp\/v2\/types\/page"}],"author":[{"embeddable":true,"href":"https:\/\/cce.it\/de\/wp-json\/wp\/v2\/users\/12"}],"replies":[{"embeddable":true,"href":"https:\/\/cce.it\/de\/wp-json\/wp\/v2\/comments?post=4182"}],"version-history":[{"count":11,"href":"https:\/\/cce.it\/de\/wp-json\/wp\/v2\/pages\/4182\/revisions"}],"predecessor-version":[{"id":18241,"href":"https:\/\/cce.it\/de\/wp-json\/wp\/v2\/pages\/4182\/revisions\/18241"}],"up":[{"embeddable":true,"href":"https:\/\/cce.it\/de\/wp-json\/wp\/v2\/pages\/4169"}],"wp:featuredmedia":[{"embeddable":true,"href":"https:\/\/cce.it\/de\/wp-json\/wp\/v2\/media\/8819"}],"wp:attachment":[{"href":"https:\/\/cce.it\/de\/wp-json\/wp\/v2\/media?parent=4182"}],"curies":[{"name":"wp","href":"https:\/\/api.w.org\/{rel}","templated":true}]}}