{"id":4172,"date":"2015-04-09T18:36:44","date_gmt":"2015-04-09T16:36:44","guid":{"rendered":"https:\/\/cce.it\/\/automatic-dropdowns-division\/prodotti\/comfort\/acoustic-plus\/"},"modified":"2018-07-19T09:09:04","modified_gmt":"2018-07-19T07:09:04","slug":"acoustic-plus","status":"publish","type":"page","link":"https:\/\/cce.it\/de\/bereich-zugluft\/produkt\/comfort\/acoustic-plus\/","title":{"rendered":"Acoustic Plus"},"content":{"rendered":"<h5><span>INFORMATION<\/span><\/h5>\n<hr \/>\n<p>Bestseller der akustischen Linie, durch IFT Rosenheim f\u00fcr 51 dB Schalld&auml;mmung zertifiziert. Es sind verschiedene Druckknopfkombinationen und zwei Befestigungsarten m\u00f6glich.<br \/>\nDer Mechanismus kann sowohl von der Bandals auch Griffseite aus dem Au\u00dfenprofil gezogen werden (CCE-patentiertes System).<\/p>\n","protected":false},"excerpt":{"rendered":"<p>INFORMATION Bestseller der akustischen Linie, durch IFT Rosenheim f\u00fcr 51 dB Schalld&auml;mmung zertifiziert. Es sind verschiedene Druckknopfkombinationen und zwei Befestigungsarten m\u00f6glich. Der Mechanismus kann sowohl von der Bandals auch Griffseite aus dem Au\u00dfenprofil gezogen werden (CCE-patentiertes System).<\/p>\n","protected":false},"author":12,"featured_media":8811,"parent":4169,"menu_order":175,"comment_status":"closed","ping_status":"open","template":"template-antis-product.php","meta":[],"acf":[],"yoast_head":"<!-- This site is optimized with the Yoast SEO plugin v15.0 - https:\/\/yoast.com\/wordpress\/plugins\/seo\/ -->\n<title>Acoustic Plus - CCE<\/title>\n<meta name=\"robots\" content=\"index, follow, max-snippet:-1, max-image-preview:large, max-video-preview:-1\" \/>\n<link rel=\"canonical\" href=\"https:\/\/cce.it\/de\/bereich-zugluft\/produkt\/comfort\/acoustic-plus\/\" \/>\n<meta property=\"og:locale\" content=\"it_IT\" \/>\n<meta property=\"og:type\" content=\"article\" \/>\n<meta property=\"og:title\" content=\"Acoustic Plus - CCE\" \/>\n<meta property=\"og:description\" content=\"INFORMATION Bestseller der akustischen Linie, durch IFT Rosenheim f\u00fcr 51 dB Schalld&auml;mmung zertifiziert. Es sind verschiedene Druckknopfkombinationen und zwei Befestigungsarten m\u00f6glich. Der Mechanismus kann sowohl von der Bandals auch Griffseite aus dem Au\u00dfenprofil gezogen werden (CCE-patentiertes System).\" \/>\n<meta property=\"og:url\" content=\"https:\/\/cce.it\/de\/bereich-zugluft\/produkt\/comfort\/acoustic-plus\/\" \/>\n<meta property=\"og:site_name\" content=\"CCE\" \/>\n<meta property=\"article:modified_time\" content=\"2018-07-19T07:09:04+00:00\" \/>\n<meta property=\"og:image\" content=\"https:\/\/cce.it\/wp-content\/uploads\/asplu-prodotto_rev2.jpg\" \/>\n\t<meta property=\"og:image:width\" content=\"1920\" \/>\n\t<meta property=\"og:image:height\" content=\"726\" \/>\n<script type=\"application\/ld+json\" class=\"yoast-schema-graph\">{\"@context\":\"https:\/\/schema.org\",\"@graph\":[{\"@type\":\"WebSite\",\"@id\":\"https:\/\/cce.it\/de\/#website\",\"url\":\"https:\/\/cce.it\/de\/\",\"name\":\"CCE\",\"description\":\"\",\"potentialAction\":[{\"@type\":\"SearchAction\",\"target\":\"https:\/\/cce.it\/de\/?s={search_term_string}\",\"query-input\":\"required name=search_term_string\"}],\"inLanguage\":\"it-IT\"},{\"@type\":\"ImageObject\",\"@id\":\"https:\/\/cce.it\/de\/bereich-zugluft\/produkt\/comfort\/acoustic-plus\/#primaryimage\",\"inLanguage\":\"it-IT\",\"url\":\"https:\/\/cce.it\/wp-content\/uploads\/asplu-prodotto_rev2.jpg\",\"width\":1920,\"height\":726},{\"@type\":\"WebPage\",\"@id\":\"https:\/\/cce.it\/de\/bereich-zugluft\/produkt\/comfort\/acoustic-plus\/#webpage\",\"url\":\"https:\/\/cce.it\/de\/bereich-zugluft\/produkt\/comfort\/acoustic-plus\/\",\"name\":\"Acoustic Plus - CCE\",\"isPartOf\":{\"@id\":\"https:\/\/cce.it\/de\/#website\"},\"primaryImageOfPage\":{\"@id\":\"https:\/\/cce.it\/de\/bereich-zugluft\/produkt\/comfort\/acoustic-plus\/#primaryimage\"},\"datePublished\":\"2015-04-09T16:36:44+00:00\",\"dateModified\":\"2018-07-19T07:09:04+00:00\",\"breadcrumb\":{\"@id\":\"https:\/\/cce.it\/de\/bereich-zugluft\/produkt\/comfort\/acoustic-plus\/#breadcrumb\"},\"inLanguage\":\"it-IT\",\"potentialAction\":[{\"@type\":\"ReadAction\",\"target\":[\"https:\/\/cce.it\/de\/bereich-zugluft\/produkt\/comfort\/acoustic-plus\/\"]}]},{\"@type\":\"BreadcrumbList\",\"@id\":\"https:\/\/cce.it\/de\/bereich-zugluft\/produkt\/comfort\/acoustic-plus\/#breadcrumb\",\"itemListElement\":[{\"@type\":\"ListItem\",\"position\":1,\"item\":{\"@type\":\"WebPage\",\"@id\":\"https:\/\/cce.it\/\",\"url\":\"https:\/\/cce.it\/\",\"name\":\"Home\"}},{\"@type\":\"ListItem\",\"position\":2,\"item\":{\"@type\":\"WebPage\",\"@id\":\"https:\/\/cce.it\/de\/bereich-zugluft\/\",\"url\":\"https:\/\/cce.it\/de\/bereich-zugluft\/\",\"name\":\"Bereich Zugluft\"}},{\"@type\":\"ListItem\",\"position\":3,\"item\":{\"@type\":\"WebPage\",\"@id\":\"https:\/\/cce.it\/de\/bereich-zugluft\/produkt\/\",\"url\":\"https:\/\/cce.it\/de\/bereich-zugluft\/produkt\/\",\"name\":\"Kategorien\"}},{\"@type\":\"ListItem\",\"position\":4,\"item\":{\"@type\":\"WebPage\",\"@id\":\"https:\/\/cce.it\/de\/bereich-zugluft\/produkt\/comfort\/\",\"url\":\"https:\/\/cce.it\/de\/bereich-zugluft\/produkt\/comfort\/\",\"name\":\"Comfort\"}},{\"@type\":\"ListItem\",\"position\":5,\"item\":{\"@type\":\"WebPage\",\"@id\":\"https:\/\/cce.it\/de\/bereich-zugluft\/produkt\/comfort\/acoustic-plus\/\",\"url\":\"https:\/\/cce.it\/de\/bereich-zugluft\/produkt\/comfort\/acoustic-plus\/\",\"name\":\"Acoustic Plus\"}}]}]}<\/script>\n<!-- \/ Yoast SEO plugin. -->","_links":{"self":[{"href":"https:\/\/cce.it\/de\/wp-json\/wp\/v2\/pages\/4172"}],"collection":[{"href":"https:\/\/cce.it\/de\/wp-json\/wp\/v2\/pages"}],"about":[{"href":"https:\/\/cce.it\/de\/wp-json\/wp\/v2\/types\/page"}],"author":[{"embeddable":true,"href":"https:\/\/cce.it\/de\/wp-json\/wp\/v2\/users\/12"}],"replies":[{"embeddable":true,"href":"https:\/\/cce.it\/de\/wp-json\/wp\/v2\/comments?post=4172"}],"version-history":[{"count":10,"href":"https:\/\/cce.it\/de\/wp-json\/wp\/v2\/pages\/4172\/revisions"}],"predecessor-version":[{"id":18243,"href":"https:\/\/cce.it\/de\/wp-json\/wp\/v2\/pages\/4172\/revisions\/18243"}],"up":[{"embeddable":true,"href":"https:\/\/cce.it\/de\/wp-json\/wp\/v2\/pages\/4169"}],"wp:featuredmedia":[{"embeddable":true,"href":"https:\/\/cce.it\/de\/wp-json\/wp\/v2\/media\/8811"}],"wp:attachment":[{"href":"https:\/\/cce.it\/de\/wp-json\/wp\/v2\/media?parent=4172"}],"curies":[{"name":"wp","href":"https:\/\/api.w.org\/{rel}","templated":true}]}}