{"id":4161,"date":"2015-04-10T16:04:18","date_gmt":"2015-04-10T14:04:18","guid":{"rendered":"https:\/\/cce.it\/\/automatic-dropdowns-division\/prodotti\/chrono\/chronoair\/"},"modified":"2018-07-19T08:55:07","modified_gmt":"2018-07-19T06:55:07","slug":"chronoair","status":"publish","type":"page","link":"https:\/\/cce.it\/de\/bereich-zugluft\/produkt\/chrono\/chronoair\/","title":{"rendered":"Chronoair"},"content":{"rendered":"<h5><span>INFORMATION<\/span><\/h5>\n<hr \/>\n<p> Steigert durch Ab- schlie\u00dfen der Seitenr&auml;ume den Schallschutz der automatischen T\u00fcrdichtungen Chronoseal. Die Abschlussteile Chronoair gibt es, je nachdem, was sie abschlie\u00dfen m\u00fcssen, in zwei Ausf\u00fchrungen. Die l\u00e4ngere Ausf\u00fchrung kann bei Bedarf gek\u00fcrzt werden.<\/p>\n","protected":false},"excerpt":{"rendered":"<p>INFORMATION Steigert durch Ab- schlie\u00dfen der Seitenr&auml;ume den Schallschutz der automatischen T\u00fcrdichtungen Chronoseal. Die Abschlussteile Chronoair gibt es, je nachdem, was sie abschlie\u00dfen m\u00fcssen, in zwei Ausf\u00fchrungen. Die l\u00e4ngere Ausf\u00fchrung kann bei Bedarf gek\u00fcrzt werden.<\/p>\n","protected":false},"author":12,"featured_media":17468,"parent":4137,"menu_order":280,"comment_status":"closed","ping_status":"closed","template":"template-antis-product.php","meta":[],"acf":[],"yoast_head":"<!-- This site is optimized with the Yoast SEO plugin v15.0 - https:\/\/yoast.com\/wordpress\/plugins\/seo\/ -->\n<title>Chronoair - CCE<\/title>\n<meta name=\"robots\" content=\"index, follow, max-snippet:-1, max-image-preview:large, max-video-preview:-1\" \/>\n<link rel=\"canonical\" href=\"https:\/\/cce.it\/de\/bereich-zugluft\/produkt\/chrono\/chronoair\/\" \/>\n<meta property=\"og:locale\" content=\"it_IT\" \/>\n<meta property=\"og:type\" content=\"article\" \/>\n<meta property=\"og:title\" content=\"Chronoair - CCE\" \/>\n<meta property=\"og:description\" content=\"INFORMATION Steigert durch Ab- schlie\u00dfen der Seitenr&auml;ume den Schallschutz der automatischen T\u00fcrdichtungen Chronoseal. Die Abschlussteile Chronoair gibt es, je nachdem, was sie abschlie\u00dfen m\u00fcssen, in zwei Ausf\u00fchrungen. Die l\u00e4ngere Ausf\u00fchrung kann bei Bedarf gek\u00fcrzt werden.\" \/>\n<meta property=\"og:url\" content=\"https:\/\/cce.it\/de\/bereich-zugluft\/produkt\/chrono\/chronoair\/\" \/>\n<meta property=\"og:site_name\" content=\"CCE\" \/>\n<meta property=\"article:modified_time\" content=\"2018-07-19T06:55:07+00:00\" \/>\n<meta property=\"og:image\" content=\"https:\/\/cce.it\/wp-content\/uploads\/chronoair.jpg\" \/>\n\t<meta property=\"og:image:width\" content=\"1920\" \/>\n\t<meta property=\"og:image:height\" content=\"726\" \/>\n<script type=\"application\/ld+json\" class=\"yoast-schema-graph\">{\"@context\":\"https:\/\/schema.org\",\"@graph\":[{\"@type\":\"WebSite\",\"@id\":\"https:\/\/cce.it\/de\/#website\",\"url\":\"https:\/\/cce.it\/de\/\",\"name\":\"CCE\",\"description\":\"\",\"potentialAction\":[{\"@type\":\"SearchAction\",\"target\":\"https:\/\/cce.it\/de\/?s={search_term_string}\",\"query-input\":\"required name=search_term_string\"}],\"inLanguage\":\"it-IT\"},{\"@type\":\"ImageObject\",\"@id\":\"https:\/\/cce.it\/de\/bereich-zugluft\/produkt\/chrono\/chronoair\/#primaryimage\",\"inLanguage\":\"it-IT\",\"url\":\"https:\/\/cce.it\/wp-content\/uploads\/chronoair.jpg\",\"width\":1920,\"height\":726},{\"@type\":\"WebPage\",\"@id\":\"https:\/\/cce.it\/de\/bereich-zugluft\/produkt\/chrono\/chronoair\/#webpage\",\"url\":\"https:\/\/cce.it\/de\/bereich-zugluft\/produkt\/chrono\/chronoair\/\",\"name\":\"Chronoair - CCE\",\"isPartOf\":{\"@id\":\"https:\/\/cce.it\/de\/#website\"},\"primaryImageOfPage\":{\"@id\":\"https:\/\/cce.it\/de\/bereich-zugluft\/produkt\/chrono\/chronoair\/#primaryimage\"},\"datePublished\":\"2015-04-10T14:04:18+00:00\",\"dateModified\":\"2018-07-19T06:55:07+00:00\",\"breadcrumb\":{\"@id\":\"https:\/\/cce.it\/de\/bereich-zugluft\/produkt\/chrono\/chronoair\/#breadcrumb\"},\"inLanguage\":\"it-IT\",\"potentialAction\":[{\"@type\":\"ReadAction\",\"target\":[\"https:\/\/cce.it\/de\/bereich-zugluft\/produkt\/chrono\/chronoair\/\"]}]},{\"@type\":\"BreadcrumbList\",\"@id\":\"https:\/\/cce.it\/de\/bereich-zugluft\/produkt\/chrono\/chronoair\/#breadcrumb\",\"itemListElement\":[{\"@type\":\"ListItem\",\"position\":1,\"item\":{\"@type\":\"WebPage\",\"@id\":\"https:\/\/cce.it\/\",\"url\":\"https:\/\/cce.it\/\",\"name\":\"Home\"}},{\"@type\":\"ListItem\",\"position\":2,\"item\":{\"@type\":\"WebPage\",\"@id\":\"https:\/\/cce.it\/de\/bereich-zugluft\/\",\"url\":\"https:\/\/cce.it\/de\/bereich-zugluft\/\",\"name\":\"Bereich Zugluft\"}},{\"@type\":\"ListItem\",\"position\":3,\"item\":{\"@type\":\"WebPage\",\"@id\":\"https:\/\/cce.it\/de\/bereich-zugluft\/produkt\/\",\"url\":\"https:\/\/cce.it\/de\/bereich-zugluft\/produkt\/\",\"name\":\"Kategorien\"}},{\"@type\":\"ListItem\",\"position\":4,\"item\":{\"@type\":\"WebPage\",\"@id\":\"https:\/\/cce.it\/de\/bereich-zugluft\/produkt\/chrono\/\",\"url\":\"https:\/\/cce.it\/de\/bereich-zugluft\/produkt\/chrono\/\",\"name\":\"Chrono\"}},{\"@type\":\"ListItem\",\"position\":5,\"item\":{\"@type\":\"WebPage\",\"@id\":\"https:\/\/cce.it\/de\/bereich-zugluft\/produkt\/chrono\/chronoair\/\",\"url\":\"https:\/\/cce.it\/de\/bereich-zugluft\/produkt\/chrono\/chronoair\/\",\"name\":\"Chronoair\"}}]}]}<\/script>\n<!-- \/ Yoast SEO plugin. -->","_links":{"self":[{"href":"https:\/\/cce.it\/de\/wp-json\/wp\/v2\/pages\/4161"}],"collection":[{"href":"https:\/\/cce.it\/de\/wp-json\/wp\/v2\/pages"}],"about":[{"href":"https:\/\/cce.it\/de\/wp-json\/wp\/v2\/types\/page"}],"author":[{"embeddable":true,"href":"https:\/\/cce.it\/de\/wp-json\/wp\/v2\/users\/12"}],"replies":[{"embeddable":true,"href":"https:\/\/cce.it\/de\/wp-json\/wp\/v2\/comments?post=4161"}],"version-history":[{"count":14,"href":"https:\/\/cce.it\/de\/wp-json\/wp\/v2\/pages\/4161\/revisions"}],"predecessor-version":[{"id":18213,"href":"https:\/\/cce.it\/de\/wp-json\/wp\/v2\/pages\/4161\/revisions\/18213"}],"up":[{"embeddable":true,"href":"https:\/\/cce.it\/de\/wp-json\/wp\/v2\/pages\/4137"}],"wp:featuredmedia":[{"embeddable":true,"href":"https:\/\/cce.it\/de\/wp-json\/wp\/v2\/media\/17468"}],"wp:attachment":[{"href":"https:\/\/cce.it\/de\/wp-json\/wp\/v2\/media?parent=4161"}],"curies":[{"name":"wp","href":"https:\/\/api.w.org\/{rel}","templated":true}]}}