{"id":4155,"date":"2015-04-13T15:47:55","date_gmt":"2015-04-13T13:47:55","guid":{"rendered":"https:\/\/cce.it\/\/automatic-dropdowns-division\/prodotti\/comfort-filler\/double-filler\/"},"modified":"2018-07-19T09:03:08","modified_gmt":"2018-07-19T07:03:08","slug":"double-filler","status":"publish","type":"page","link":"https:\/\/cce.it\/de\/bereich-zugluft\/produkt\/comfort-filler\/double-filler\/","title":{"rendered":"Double Filler"},"content":{"rendered":"<h5><span>INFORMATION<\/span><\/h5>\n<hr \/>\n<p>Die T\u00fcrdichtung Filler passt sich allen Bodenunregelm&auml;\u00dfigkeiten, Fliesenfugen und H\u00f6henunterschieden an und schlie\u00dft so perfekt. Dieses Modell besitzt dieselben mechanischen Eigenschaften des Modells Mini Plus Doppio, ist mit ihm austauschbar und bietet dar\u00fcber hinaus die Potentialit\u00e4ten des Filler-Systems.<\/p>\n","protected":false},"excerpt":{"rendered":"<p>INFORMATION Die T\u00fcrdichtung Filler passt sich allen Bodenunregelm&auml;\u00dfigkeiten, Fliesenfugen und H\u00f6henunterschieden an und schlie\u00dft so perfekt. Dieses Modell besitzt dieselben mechanischen Eigenschaften des Modells Mini Plus Doppio, ist mit ihm austauschbar und bietet dar\u00fcber hinaus die Potentialit\u00e4ten des Filler-Systems.<\/p>\n","protected":false},"author":12,"featured_media":8794,"parent":4150,"menu_order":504,"comment_status":"closed","ping_status":"open","template":"template-antis-product.php","meta":[],"acf":[],"yoast_head":"<!-- This site is optimized with the Yoast SEO plugin v15.0 - https:\/\/yoast.com\/wordpress\/plugins\/seo\/ -->\n<title>Double Filler - CCE<\/title>\n<meta name=\"robots\" content=\"index, follow, max-snippet:-1, max-image-preview:large, max-video-preview:-1\" \/>\n<link rel=\"canonical\" href=\"https:\/\/cce.it\/de\/bereich-zugluft\/produkt\/comfort-filler\/double-filler\/\" \/>\n<meta property=\"og:locale\" content=\"it_IT\" \/>\n<meta property=\"og:type\" content=\"article\" \/>\n<meta property=\"og:title\" content=\"Double Filler - CCE\" \/>\n<meta property=\"og:description\" content=\"INFORMATION Die T\u00fcrdichtung Filler passt sich allen Bodenunregelm&auml;\u00dfigkeiten, Fliesenfugen und H\u00f6henunterschieden an und schlie\u00dft so perfekt. Dieses Modell besitzt dieselben mechanischen Eigenschaften des Modells Mini Plus Doppio, ist mit ihm austauschbar und bietet dar\u00fcber hinaus die Potentialit\u00e4ten des Filler-Systems.\" \/>\n<meta property=\"og:url\" content=\"https:\/\/cce.it\/de\/bereich-zugluft\/produkt\/comfort-filler\/double-filler\/\" \/>\n<meta property=\"og:site_name\" content=\"CCE\" \/>\n<meta property=\"article:modified_time\" content=\"2018-07-19T07:03:08+00:00\" \/>\n<meta property=\"og:image\" content=\"https:\/\/cce.it\/wp-content\/uploads\/asdpfil-prodotto_rev2.jpg\" \/>\n\t<meta property=\"og:image:width\" content=\"1920\" \/>\n\t<meta property=\"og:image:height\" content=\"726\" \/>\n<script type=\"application\/ld+json\" class=\"yoast-schema-graph\">{\"@context\":\"https:\/\/schema.org\",\"@graph\":[{\"@type\":\"WebSite\",\"@id\":\"https:\/\/cce.it\/de\/#website\",\"url\":\"https:\/\/cce.it\/de\/\",\"name\":\"CCE\",\"description\":\"\",\"potentialAction\":[{\"@type\":\"SearchAction\",\"target\":\"https:\/\/cce.it\/de\/?s={search_term_string}\",\"query-input\":\"required name=search_term_string\"}],\"inLanguage\":\"it-IT\"},{\"@type\":\"ImageObject\",\"@id\":\"https:\/\/cce.it\/de\/bereich-zugluft\/produkt\/comfort-filler\/double-filler\/#primaryimage\",\"inLanguage\":\"it-IT\",\"url\":\"https:\/\/cce.it\/wp-content\/uploads\/asdpfil-prodotto_rev2.jpg\",\"width\":1920,\"height\":726},{\"@type\":\"WebPage\",\"@id\":\"https:\/\/cce.it\/de\/bereich-zugluft\/produkt\/comfort-filler\/double-filler\/#webpage\",\"url\":\"https:\/\/cce.it\/de\/bereich-zugluft\/produkt\/comfort-filler\/double-filler\/\",\"name\":\"Double Filler - CCE\",\"isPartOf\":{\"@id\":\"https:\/\/cce.it\/de\/#website\"},\"primaryImageOfPage\":{\"@id\":\"https:\/\/cce.it\/de\/bereich-zugluft\/produkt\/comfort-filler\/double-filler\/#primaryimage\"},\"datePublished\":\"2015-04-13T13:47:55+00:00\",\"dateModified\":\"2018-07-19T07:03:08+00:00\",\"breadcrumb\":{\"@id\":\"https:\/\/cce.it\/de\/bereich-zugluft\/produkt\/comfort-filler\/double-filler\/#breadcrumb\"},\"inLanguage\":\"it-IT\",\"potentialAction\":[{\"@type\":\"ReadAction\",\"target\":[\"https:\/\/cce.it\/de\/bereich-zugluft\/produkt\/comfort-filler\/double-filler\/\"]}]},{\"@type\":\"BreadcrumbList\",\"@id\":\"https:\/\/cce.it\/de\/bereich-zugluft\/produkt\/comfort-filler\/double-filler\/#breadcrumb\",\"itemListElement\":[{\"@type\":\"ListItem\",\"position\":1,\"item\":{\"@type\":\"WebPage\",\"@id\":\"https:\/\/cce.it\/\",\"url\":\"https:\/\/cce.it\/\",\"name\":\"Home\"}},{\"@type\":\"ListItem\",\"position\":2,\"item\":{\"@type\":\"WebPage\",\"@id\":\"https:\/\/cce.it\/de\/bereich-zugluft\/\",\"url\":\"https:\/\/cce.it\/de\/bereich-zugluft\/\",\"name\":\"Bereich Zugluft\"}},{\"@type\":\"ListItem\",\"position\":3,\"item\":{\"@type\":\"WebPage\",\"@id\":\"https:\/\/cce.it\/de\/bereich-zugluft\/produkt\/\",\"url\":\"https:\/\/cce.it\/de\/bereich-zugluft\/produkt\/\",\"name\":\"Kategorien\"}},{\"@type\":\"ListItem\",\"position\":4,\"item\":{\"@type\":\"WebPage\",\"@id\":\"https:\/\/cce.it\/de\/?page_id=4150\",\"url\":\"https:\/\/cce.it\/de\/?page_id=4150\",\"name\":\"Comfort Filler\"}},{\"@type\":\"ListItem\",\"position\":5,\"item\":{\"@type\":\"WebPage\",\"@id\":\"https:\/\/cce.it\/de\/bereich-zugluft\/produkt\/comfort-filler\/double-filler\/\",\"url\":\"https:\/\/cce.it\/de\/bereich-zugluft\/produkt\/comfort-filler\/double-filler\/\",\"name\":\"Double Filler\"}}]}]}<\/script>\n<!-- \/ Yoast SEO plugin. -->","_links":{"self":[{"href":"https:\/\/cce.it\/de\/wp-json\/wp\/v2\/pages\/4155"}],"collection":[{"href":"https:\/\/cce.it\/de\/wp-json\/wp\/v2\/pages"}],"about":[{"href":"https:\/\/cce.it\/de\/wp-json\/wp\/v2\/types\/page"}],"author":[{"embeddable":true,"href":"https:\/\/cce.it\/de\/wp-json\/wp\/v2\/users\/12"}],"replies":[{"embeddable":true,"href":"https:\/\/cce.it\/de\/wp-json\/wp\/v2\/comments?post=4155"}],"version-history":[{"count":8,"href":"https:\/\/cce.it\/de\/wp-json\/wp\/v2\/pages\/4155\/revisions"}],"predecessor-version":[{"id":18227,"href":"https:\/\/cce.it\/de\/wp-json\/wp\/v2\/pages\/4155\/revisions\/18227"}],"up":[{"embeddable":true,"href":"https:\/\/cce.it\/de\/wp-json\/wp\/v2\/pages\/4150"}],"wp:featuredmedia":[{"embeddable":true,"href":"https:\/\/cce.it\/de\/wp-json\/wp\/v2\/media\/8794"}],"wp:attachment":[{"href":"https:\/\/cce.it\/de\/wp-json\/wp\/v2\/media?parent=4155"}],"curies":[{"name":"wp","href":"https:\/\/api.w.org\/{rel}","templated":true}]}}