{"id":4154,"date":"2015-04-13T15:43:35","date_gmt":"2015-04-13T13:43:35","guid":{"rendered":"https:\/\/cce.it\/\/automatic-dropdowns-division\/prodotti\/comfort-filler\/superior-filler\/"},"modified":"2018-07-19T09:02:58","modified_gmt":"2018-07-19T07:02:58","slug":"superior-filler","status":"publish","type":"page","link":"https:\/\/cce.it\/de\/bereich-zugluft\/produkt\/comfort-filler\/superior-filler\/","title":{"rendered":"Superior Filler"},"content":{"rendered":"<h5><span>INFORMATION<\/span><\/h5>\n<hr \/>\n<p>Die T\u00fcrdichtung Filler passt sich allen Bodenunregelm&auml;\u00dfigkeiten, Fliesenfugen und H\u00f6hen- unterschieden an und schlie\u00dft so perfekt. Dieses Modell besitzt dieselben mechanischen Eigenschaften der Familie 14&#215;35, es ist mit ihr austauschbar und bietet dar\u00fcber hinaus die Potentialit\u00e4ten des Filler-Systems.<\/p>\n","protected":false},"excerpt":{"rendered":"<p>INFORMATION Die T\u00fcrdichtung Filler passt sich allen Bodenunregelm&auml;\u00dfigkeiten, Fliesenfugen und H\u00f6hen- unterschieden an und schlie\u00dft so perfekt. Dieses Modell besitzt dieselben mechanischen Eigenschaften der Familie 14&#215;35, es ist mit ihr austauschbar und bietet dar\u00fcber hinaus die Potentialit\u00e4ten des Filler-Systems.<\/p>\n","protected":false},"author":12,"featured_media":8790,"parent":4150,"menu_order":522,"comment_status":"closed","ping_status":"open","template":"template-antis-product.php","meta":[],"acf":[],"yoast_head":"<!-- This site is optimized with the Yoast SEO plugin v15.0 - https:\/\/yoast.com\/wordpress\/plugins\/seo\/ -->\n<title>Superior Filler - CCE<\/title>\n<meta name=\"robots\" content=\"index, follow, max-snippet:-1, max-image-preview:large, max-video-preview:-1\" \/>\n<link rel=\"canonical\" href=\"https:\/\/cce.it\/de\/bereich-zugluft\/produkt\/comfort-filler\/superior-filler\/\" \/>\n<meta property=\"og:locale\" content=\"it_IT\" \/>\n<meta property=\"og:type\" content=\"article\" \/>\n<meta property=\"og:title\" content=\"Superior Filler - CCE\" \/>\n<meta property=\"og:description\" content=\"INFORMATION Die T\u00fcrdichtung Filler passt sich allen Bodenunregelm&auml;\u00dfigkeiten, Fliesenfugen und H\u00f6hen- unterschieden an und schlie\u00dft so perfekt. Dieses Modell besitzt dieselben mechanischen Eigenschaften der Familie 14&#215;35, es ist mit ihr austauschbar und bietet dar\u00fcber hinaus die Potentialit\u00e4ten des Filler-Systems.\" \/>\n<meta property=\"og:url\" content=\"https:\/\/cce.it\/de\/bereich-zugluft\/produkt\/comfort-filler\/superior-filler\/\" \/>\n<meta property=\"og:site_name\" content=\"CCE\" \/>\n<meta property=\"article:modified_time\" content=\"2018-07-19T07:02:58+00:00\" \/>\n<meta property=\"og:image\" content=\"https:\/\/cce.it\/wp-content\/uploads\/assupfil-prodotto_rev2.jpg\" \/>\n\t<meta property=\"og:image:width\" content=\"1920\" \/>\n\t<meta property=\"og:image:height\" content=\"726\" \/>\n<script type=\"application\/ld+json\" class=\"yoast-schema-graph\">{\"@context\":\"https:\/\/schema.org\",\"@graph\":[{\"@type\":\"WebSite\",\"@id\":\"https:\/\/cce.it\/de\/#website\",\"url\":\"https:\/\/cce.it\/de\/\",\"name\":\"CCE\",\"description\":\"\",\"potentialAction\":[{\"@type\":\"SearchAction\",\"target\":\"https:\/\/cce.it\/de\/?s={search_term_string}\",\"query-input\":\"required name=search_term_string\"}],\"inLanguage\":\"it-IT\"},{\"@type\":\"ImageObject\",\"@id\":\"https:\/\/cce.it\/de\/bereich-zugluft\/produkt\/comfort-filler\/superior-filler\/#primaryimage\",\"inLanguage\":\"it-IT\",\"url\":\"https:\/\/cce.it\/wp-content\/uploads\/assupfil-prodotto_rev2.jpg\",\"width\":1920,\"height\":726},{\"@type\":\"WebPage\",\"@id\":\"https:\/\/cce.it\/de\/bereich-zugluft\/produkt\/comfort-filler\/superior-filler\/#webpage\",\"url\":\"https:\/\/cce.it\/de\/bereich-zugluft\/produkt\/comfort-filler\/superior-filler\/\",\"name\":\"Superior Filler - CCE\",\"isPartOf\":{\"@id\":\"https:\/\/cce.it\/de\/#website\"},\"primaryImageOfPage\":{\"@id\":\"https:\/\/cce.it\/de\/bereich-zugluft\/produkt\/comfort-filler\/superior-filler\/#primaryimage\"},\"datePublished\":\"2015-04-13T13:43:35+00:00\",\"dateModified\":\"2018-07-19T07:02:58+00:00\",\"breadcrumb\":{\"@id\":\"https:\/\/cce.it\/de\/bereich-zugluft\/produkt\/comfort-filler\/superior-filler\/#breadcrumb\"},\"inLanguage\":\"it-IT\",\"potentialAction\":[{\"@type\":\"ReadAction\",\"target\":[\"https:\/\/cce.it\/de\/bereich-zugluft\/produkt\/comfort-filler\/superior-filler\/\"]}]},{\"@type\":\"BreadcrumbList\",\"@id\":\"https:\/\/cce.it\/de\/bereich-zugluft\/produkt\/comfort-filler\/superior-filler\/#breadcrumb\",\"itemListElement\":[{\"@type\":\"ListItem\",\"position\":1,\"item\":{\"@type\":\"WebPage\",\"@id\":\"https:\/\/cce.it\/\",\"url\":\"https:\/\/cce.it\/\",\"name\":\"Home\"}},{\"@type\":\"ListItem\",\"position\":2,\"item\":{\"@type\":\"WebPage\",\"@id\":\"https:\/\/cce.it\/de\/bereich-zugluft\/\",\"url\":\"https:\/\/cce.it\/de\/bereich-zugluft\/\",\"name\":\"Bereich Zugluft\"}},{\"@type\":\"ListItem\",\"position\":3,\"item\":{\"@type\":\"WebPage\",\"@id\":\"https:\/\/cce.it\/de\/bereich-zugluft\/produkt\/\",\"url\":\"https:\/\/cce.it\/de\/bereich-zugluft\/produkt\/\",\"name\":\"Kategorien\"}},{\"@type\":\"ListItem\",\"position\":4,\"item\":{\"@type\":\"WebPage\",\"@id\":\"https:\/\/cce.it\/de\/?page_id=4150\",\"url\":\"https:\/\/cce.it\/de\/?page_id=4150\",\"name\":\"Comfort Filler\"}},{\"@type\":\"ListItem\",\"position\":5,\"item\":{\"@type\":\"WebPage\",\"@id\":\"https:\/\/cce.it\/de\/bereich-zugluft\/produkt\/comfort-filler\/superior-filler\/\",\"url\":\"https:\/\/cce.it\/de\/bereich-zugluft\/produkt\/comfort-filler\/superior-filler\/\",\"name\":\"Superior Filler\"}}]}]}<\/script>\n<!-- \/ Yoast SEO plugin. -->","_links":{"self":[{"href":"https:\/\/cce.it\/de\/wp-json\/wp\/v2\/pages\/4154"}],"collection":[{"href":"https:\/\/cce.it\/de\/wp-json\/wp\/v2\/pages"}],"about":[{"href":"https:\/\/cce.it\/de\/wp-json\/wp\/v2\/types\/page"}],"author":[{"embeddable":true,"href":"https:\/\/cce.it\/de\/wp-json\/wp\/v2\/users\/12"}],"replies":[{"embeddable":true,"href":"https:\/\/cce.it\/de\/wp-json\/wp\/v2\/comments?post=4154"}],"version-history":[{"count":11,"href":"https:\/\/cce.it\/de\/wp-json\/wp\/v2\/pages\/4154\/revisions"}],"predecessor-version":[{"id":18226,"href":"https:\/\/cce.it\/de\/wp-json\/wp\/v2\/pages\/4154\/revisions\/18226"}],"up":[{"embeddable":true,"href":"https:\/\/cce.it\/de\/wp-json\/wp\/v2\/pages\/4150"}],"wp:featuredmedia":[{"embeddable":true,"href":"https:\/\/cce.it\/de\/wp-json\/wp\/v2\/media\/8790"}],"wp:attachment":[{"href":"https:\/\/cce.it\/de\/wp-json\/wp\/v2\/media?parent=4154"}],"curies":[{"name":"wp","href":"https:\/\/api.w.org\/{rel}","templated":true}]}}