{"id":4148,"date":"2015-04-10T15:53:09","date_gmt":"2015-04-10T13:53:09","guid":{"rendered":"https:\/\/cce.it\/\/automatic-dropdowns-division\/prodotti\/chrono\/chronofloor\/"},"modified":"2018-07-19T08:55:30","modified_gmt":"2018-07-19T06:55:30","slug":"chronofloor","status":"publish","type":"page","link":"https:\/\/cce.it\/de\/bereich-zugluft\/produkt\/chrono\/chronofloor\/","title":{"rendered":"Chronofloor"},"content":{"rendered":"<h5><span>INFORMATION<\/span><\/h5>\n<hr \/>\n<p>Zus\u00e4tzliche, sehr d\u00fcnne und starke Bodenschwelle f\u00fcr automatische Unterblattt\u00fcrdichtungen. Mit ihren 4 mm H\u00f6he wird die Schwelle s&auml;mtlichen Normen zu Fluchtwegen und architektonischen Barrieren gerecht und ist ein ausgezeichnetes Zubeh\u00f6r f\u00fcr automatische Unterblattt\u00fcrdichtungen.<\/p>\n","protected":false},"excerpt":{"rendered":"<p>INFORMATION Zus\u00e4tzliche, sehr d\u00fcnne und starke Bodenschwelle f\u00fcr automatische Unterblattt\u00fcrdichtungen. Mit ihren 4 mm H\u00f6he wird die Schwelle s&auml;mtlichen Normen zu Fluchtwegen und architektonischen Barrieren gerecht und ist ein ausgezeichnetes Zubeh\u00f6r f\u00fcr automatische Unterblattt\u00fcrdichtungen.<\/p>\n","protected":false},"author":12,"featured_media":8511,"parent":4137,"menu_order":304,"comment_status":"closed","ping_status":"closed","template":"template-antis-product.php","meta":[],"acf":[],"yoast_head":"<!-- This site is optimized with the Yoast SEO plugin v15.0 - https:\/\/yoast.com\/wordpress\/plugins\/seo\/ -->\n<title>Chronofloor - CCE<\/title>\n<meta name=\"robots\" content=\"index, follow, max-snippet:-1, max-image-preview:large, max-video-preview:-1\" \/>\n<link rel=\"canonical\" href=\"https:\/\/cce.it\/de\/bereich-zugluft\/produkt\/chrono\/chronofloor\/\" \/>\n<meta property=\"og:locale\" content=\"it_IT\" \/>\n<meta property=\"og:type\" content=\"article\" \/>\n<meta property=\"og:title\" content=\"Chronofloor - CCE\" \/>\n<meta property=\"og:description\" content=\"INFORMATION Zus\u00e4tzliche, sehr d\u00fcnne und starke Bodenschwelle f\u00fcr automatische Unterblattt\u00fcrdichtungen. Mit ihren 4 mm H\u00f6he wird die Schwelle s&auml;mtlichen Normen zu Fluchtwegen und architektonischen Barrieren gerecht und ist ein ausgezeichnetes Zubeh\u00f6r f\u00fcr automatische Unterblattt\u00fcrdichtungen.\" \/>\n<meta property=\"og:url\" content=\"https:\/\/cce.it\/de\/bereich-zugluft\/produkt\/chrono\/chronofloor\/\" \/>\n<meta property=\"og:site_name\" content=\"CCE\" \/>\n<meta property=\"article:modified_time\" content=\"2018-07-19T06:55:30+00:00\" \/>\n<meta property=\"og:image\" content=\"https:\/\/cce.it\/wp-content\/uploads\/kitsogchr-prodotto_rev2.jpg\" \/>\n\t<meta property=\"og:image:width\" content=\"1920\" \/>\n\t<meta property=\"og:image:height\" content=\"726\" \/>\n<script type=\"application\/ld+json\" class=\"yoast-schema-graph\">{\"@context\":\"https:\/\/schema.org\",\"@graph\":[{\"@type\":\"WebSite\",\"@id\":\"https:\/\/cce.it\/de\/#website\",\"url\":\"https:\/\/cce.it\/de\/\",\"name\":\"CCE\",\"description\":\"\",\"potentialAction\":[{\"@type\":\"SearchAction\",\"target\":\"https:\/\/cce.it\/de\/?s={search_term_string}\",\"query-input\":\"required name=search_term_string\"}],\"inLanguage\":\"it-IT\"},{\"@type\":\"ImageObject\",\"@id\":\"https:\/\/cce.it\/de\/bereich-zugluft\/produkt\/chrono\/chronofloor\/#primaryimage\",\"inLanguage\":\"it-IT\",\"url\":\"https:\/\/cce.it\/wp-content\/uploads\/kitsogchr-prodotto_rev2.jpg\",\"width\":1920,\"height\":726},{\"@type\":\"WebPage\",\"@id\":\"https:\/\/cce.it\/de\/bereich-zugluft\/produkt\/chrono\/chronofloor\/#webpage\",\"url\":\"https:\/\/cce.it\/de\/bereich-zugluft\/produkt\/chrono\/chronofloor\/\",\"name\":\"Chronofloor - CCE\",\"isPartOf\":{\"@id\":\"https:\/\/cce.it\/de\/#website\"},\"primaryImageOfPage\":{\"@id\":\"https:\/\/cce.it\/de\/bereich-zugluft\/produkt\/chrono\/chronofloor\/#primaryimage\"},\"datePublished\":\"2015-04-10T13:53:09+00:00\",\"dateModified\":\"2018-07-19T06:55:30+00:00\",\"breadcrumb\":{\"@id\":\"https:\/\/cce.it\/de\/bereich-zugluft\/produkt\/chrono\/chronofloor\/#breadcrumb\"},\"inLanguage\":\"it-IT\",\"potentialAction\":[{\"@type\":\"ReadAction\",\"target\":[\"https:\/\/cce.it\/de\/bereich-zugluft\/produkt\/chrono\/chronofloor\/\"]}]},{\"@type\":\"BreadcrumbList\",\"@id\":\"https:\/\/cce.it\/de\/bereich-zugluft\/produkt\/chrono\/chronofloor\/#breadcrumb\",\"itemListElement\":[{\"@type\":\"ListItem\",\"position\":1,\"item\":{\"@type\":\"WebPage\",\"@id\":\"https:\/\/cce.it\/\",\"url\":\"https:\/\/cce.it\/\",\"name\":\"Home\"}},{\"@type\":\"ListItem\",\"position\":2,\"item\":{\"@type\":\"WebPage\",\"@id\":\"https:\/\/cce.it\/de\/bereich-zugluft\/\",\"url\":\"https:\/\/cce.it\/de\/bereich-zugluft\/\",\"name\":\"Bereich Zugluft\"}},{\"@type\":\"ListItem\",\"position\":3,\"item\":{\"@type\":\"WebPage\",\"@id\":\"https:\/\/cce.it\/de\/bereich-zugluft\/produkt\/\",\"url\":\"https:\/\/cce.it\/de\/bereich-zugluft\/produkt\/\",\"name\":\"Kategorien\"}},{\"@type\":\"ListItem\",\"position\":4,\"item\":{\"@type\":\"WebPage\",\"@id\":\"https:\/\/cce.it\/de\/bereich-zugluft\/produkt\/chrono\/\",\"url\":\"https:\/\/cce.it\/de\/bereich-zugluft\/produkt\/chrono\/\",\"name\":\"Chrono\"}},{\"@type\":\"ListItem\",\"position\":5,\"item\":{\"@type\":\"WebPage\",\"@id\":\"https:\/\/cce.it\/de\/bereich-zugluft\/produkt\/chrono\/chronofloor\/\",\"url\":\"https:\/\/cce.it\/de\/bereich-zugluft\/produkt\/chrono\/chronofloor\/\",\"name\":\"Chronofloor\"}}]}]}<\/script>\n<!-- \/ Yoast SEO plugin. -->","_links":{"self":[{"href":"https:\/\/cce.it\/de\/wp-json\/wp\/v2\/pages\/4148"}],"collection":[{"href":"https:\/\/cce.it\/de\/wp-json\/wp\/v2\/pages"}],"about":[{"href":"https:\/\/cce.it\/de\/wp-json\/wp\/v2\/types\/page"}],"author":[{"embeddable":true,"href":"https:\/\/cce.it\/de\/wp-json\/wp\/v2\/users\/12"}],"replies":[{"embeddable":true,"href":"https:\/\/cce.it\/de\/wp-json\/wp\/v2\/comments?post=4148"}],"version-history":[{"count":12,"href":"https:\/\/cce.it\/de\/wp-json\/wp\/v2\/pages\/4148\/revisions"}],"predecessor-version":[{"id":18214,"href":"https:\/\/cce.it\/de\/wp-json\/wp\/v2\/pages\/4148\/revisions\/18214"}],"up":[{"embeddable":true,"href":"https:\/\/cce.it\/de\/wp-json\/wp\/v2\/pages\/4137"}],"wp:featuredmedia":[{"embeddable":true,"href":"https:\/\/cce.it\/de\/wp-json\/wp\/v2\/media\/8511"}],"wp:attachment":[{"href":"https:\/\/cce.it\/de\/wp-json\/wp\/v2\/media?parent=4148"}],"curies":[{"name":"wp","href":"https:\/\/api.w.org\/{rel}","templated":true}]}}