{"id":4135,"date":"2015-03-04T12:47:09","date_gmt":"2015-03-04T11:47:09","guid":{"rendered":"https:\/\/cce.it\/\/automatic-dropdowns-division\/prodotti\/"},"modified":"2018-05-17T11:04:52","modified_gmt":"2018-05-17T09:04:52","slug":"produkt","status":"publish","type":"page","link":"https:\/\/cce.it\/de\/bereich-zugluft\/produkt\/","title":{"rendered":"Kategorien"},"content":{"rendered":"<h2>L\u00e4rm drau\u00dfen, Wohnqualit\u00e4t drinnen<\/h2>\n<p>Die automatischen Unterblattdichtungen von C.C.E. werden laufend lebensdauergepr\u00fcft, und zwar mit 500.000 \u00d6ffnungs-\/Schlie\u00dfzyklen.  Die besonders f\u00fcr das akustische Abschlie\u00dfen entwickelten Produkte unserer Baureihe \u201eComfort\u201c werden durch das bekannte Institut f\u00fcr Fenster und T\u00fcrentechnik (IFT) in Rosenheim zertifiziert. Mit ihnen wurden in der Spitze bereits bis zu 55dB L\u00e4rmminderung erreicht. Durch richtiges Einbauen der automatischen Unterblattdichtungen an der richtigen T\u00fcre bleibt jeder L\u00e4rm drau\u00dfen. Dies verbessert die Lebensqualit\u00e4t in jeder Umgebung, in der sich Personen aufhalten.<\/p>\n<p>&nbsp;<\/p>\n","protected":false},"excerpt":{"rendered":"<p>L\u00e4rm drau\u00dfen, Wohnqualit\u00e4t drinnen Die automatischen Unterblattdichtungen von C.C.E. werden laufend lebensdauergepr\u00fcft, und zwar mit 500.000 \u00d6ffnungs-\/Schlie\u00dfzyklen. Die besonders f\u00fcr das akustische Abschlie\u00dfen entwickelten Produkte unserer Baureihe \u201eComfort\u201c werden durch das bekannte Institut f\u00fcr Fenster und T\u00fcrentechnik (IFT) in Rosenheim zertifiziert. Mit ihnen wurden in der Spitze bereits bis zu 55dB L\u00e4rmminderung erreicht. Durch richtiges &hellip; <a href=\"https:\/\/cce.it\/de\/bereich-zugluft\/produkt\/\">Continua<\/a><\/p>\n","protected":false},"author":2,"featured_media":0,"parent":26,"menu_order":732,"comment_status":"closed","ping_status":"closed","template":"template-antis-families-list.php","meta":[],"acf":[],"yoast_head":"<!-- This site is optimized with the Yoast SEO plugin v15.0 - https:\/\/yoast.com\/wordpress\/plugins\/seo\/ -->\n<title>Kategorien - CCE<\/title>\n<meta name=\"robots\" content=\"index, follow, max-snippet:-1, max-image-preview:large, max-video-preview:-1\" \/>\n<link rel=\"canonical\" href=\"https:\/\/cce.it\/de\/bereich-zugluft\/produkt\/\" \/>\n<meta property=\"og:locale\" content=\"it_IT\" \/>\n<meta property=\"og:type\" content=\"article\" \/>\n<meta property=\"og:title\" content=\"Kategorien - CCE\" \/>\n<meta property=\"og:description\" content=\"L\u00e4rm drau\u00dfen, Wohnqualit\u00e4t drinnen Die automatischen Unterblattdichtungen von C.C.E. werden laufend lebensdauergepr\u00fcft, und zwar mit 500.000 \u00d6ffnungs-\/Schlie\u00dfzyklen. Die besonders f\u00fcr das akustische Abschlie\u00dfen entwickelten Produkte unserer Baureihe \u201eComfort\u201c werden durch das bekannte Institut f\u00fcr Fenster und T\u00fcrentechnik (IFT) in Rosenheim zertifiziert. Mit ihnen wurden in der Spitze bereits bis zu 55dB L\u00e4rmminderung erreicht. Durch richtiges &hellip; Continua\" \/>\n<meta property=\"og:url\" content=\"https:\/\/cce.it\/de\/bereich-zugluft\/produkt\/\" \/>\n<meta property=\"og:site_name\" content=\"CCE\" \/>\n<meta property=\"article:modified_time\" content=\"2018-05-17T09:04:52+00:00\" \/>\n<script type=\"application\/ld+json\" class=\"yoast-schema-graph\">{\"@context\":\"https:\/\/schema.org\",\"@graph\":[{\"@type\":\"WebSite\",\"@id\":\"https:\/\/cce.it\/de\/#website\",\"url\":\"https:\/\/cce.it\/de\/\",\"name\":\"CCE\",\"description\":\"\",\"potentialAction\":[{\"@type\":\"SearchAction\",\"target\":\"https:\/\/cce.it\/de\/?s={search_term_string}\",\"query-input\":\"required name=search_term_string\"}],\"inLanguage\":\"it-IT\"},{\"@type\":\"WebPage\",\"@id\":\"https:\/\/cce.it\/de\/bereich-zugluft\/produkt\/#webpage\",\"url\":\"https:\/\/cce.it\/de\/bereich-zugluft\/produkt\/\",\"name\":\"Kategorien - CCE\",\"isPartOf\":{\"@id\":\"https:\/\/cce.it\/de\/#website\"},\"datePublished\":\"2015-03-04T11:47:09+00:00\",\"dateModified\":\"2018-05-17T09:04:52+00:00\",\"breadcrumb\":{\"@id\":\"https:\/\/cce.it\/de\/bereich-zugluft\/produkt\/#breadcrumb\"},\"inLanguage\":\"it-IT\",\"potentialAction\":[{\"@type\":\"ReadAction\",\"target\":[\"https:\/\/cce.it\/de\/bereich-zugluft\/produkt\/\"]}]},{\"@type\":\"BreadcrumbList\",\"@id\":\"https:\/\/cce.it\/de\/bereich-zugluft\/produkt\/#breadcrumb\",\"itemListElement\":[{\"@type\":\"ListItem\",\"position\":1,\"item\":{\"@type\":\"WebPage\",\"@id\":\"https:\/\/cce.it\/\",\"url\":\"https:\/\/cce.it\/\",\"name\":\"Home\"}},{\"@type\":\"ListItem\",\"position\":2,\"item\":{\"@type\":\"WebPage\",\"@id\":\"https:\/\/cce.it\/de\/bereich-zugluft\/\",\"url\":\"https:\/\/cce.it\/de\/bereich-zugluft\/\",\"name\":\"Bereich Zugluft\"}},{\"@type\":\"ListItem\",\"position\":3,\"item\":{\"@type\":\"WebPage\",\"@id\":\"https:\/\/cce.it\/de\/bereich-zugluft\/produkt\/\",\"url\":\"https:\/\/cce.it\/de\/bereich-zugluft\/produkt\/\",\"name\":\"Kategorien\"}}]}]}<\/script>\n<!-- \/ Yoast SEO plugin. -->","_links":{"self":[{"href":"https:\/\/cce.it\/de\/wp-json\/wp\/v2\/pages\/4135"}],"collection":[{"href":"https:\/\/cce.it\/de\/wp-json\/wp\/v2\/pages"}],"about":[{"href":"https:\/\/cce.it\/de\/wp-json\/wp\/v2\/types\/page"}],"author":[{"embeddable":true,"href":"https:\/\/cce.it\/de\/wp-json\/wp\/v2\/users\/2"}],"replies":[{"embeddable":true,"href":"https:\/\/cce.it\/de\/wp-json\/wp\/v2\/comments?post=4135"}],"version-history":[{"count":4,"href":"https:\/\/cce.it\/de\/wp-json\/wp\/v2\/pages\/4135\/revisions"}],"predecessor-version":[{"id":16221,"href":"https:\/\/cce.it\/de\/wp-json\/wp\/v2\/pages\/4135\/revisions\/16221"}],"up":[{"embeddable":true,"href":"https:\/\/cce.it\/de\/wp-json\/wp\/v2\/pages\/26"}],"wp:attachment":[{"href":"https:\/\/cce.it\/de\/wp-json\/wp\/v2\/media?parent=4135"}],"curies":[{"name":"wp","href":"https:\/\/api.w.org\/{rel}","templated":true}]}}