{"id":26,"date":"2015-02-18T15:29:26","date_gmt":"2015-02-18T14:29:26","guid":{"rendered":"https:\/\/cce.it\/\/divisione-antispifferi-2\/"},"modified":"2024-04-24T13:19:46","modified_gmt":"2024-04-24T11:19:46","slug":"bereich-zugluft","status":"publish","type":"page","link":"https:\/\/cce.it\/de\/bereich-zugluft\/","title":{"rendered":"Bereich Zugluft"},"content":{"rendered":"<h2>Energie einsparen und die K\u00e4lte drau\u00dfen lassen!<\/h2>\n<p>Die automatischen Unterblattdichtungen, im Volksmund auch Zugluftdichtungen genannt, sind automatisch arbeitende Vorrichtungen, bei denen sich eine Dichtlippe auf den Bodenbelag absenkt, wenn die T\u00fcre geschlossen wird. Sie werden durch einen Druckknopf bet\u00e4tigt, der auf Druck gegen den T\u00fcrrahmen reagiert. Der Spalt zwischen Blatt und Bodenbelag wird vollst\u00e4ndig geschlossen. Richtiges Abschlie\u00dfen von Innenr\u00e4umen gegen kalte Zugluft, Rauch, Abgase, Staub und L\u00e4rm tr\u00e4gt bei zu mehr Wohnkomfort bei und spart auch f\u00fcr das Klimatisieren des Wohnbereichs notwendige Energie ein.<\/p>\n<p>[sg_popup id=3]<\/p>\n","protected":false},"excerpt":{"rendered":"<p>Energie einsparen und die K\u00e4lte drau\u00dfen lassen! Die automatischen Unterblattdichtungen, im Volksmund auch Zugluftdichtungen genannt, sind automatisch arbeitende Vorrichtungen, bei denen sich eine Dichtlippe auf den Bodenbelag absenkt, wenn die T\u00fcre geschlossen wird. Sie werden durch einen Druckknopf bet\u00e4tigt, der auf Druck gegen den T\u00fcrrahmen reagiert. Der Spalt zwischen Blatt und Bodenbelag wird vollst\u00e4ndig geschlossen. &hellip; <a href=\"https:\/\/cce.it\/de\/bereich-zugluft\/\">Continua<\/a><\/p>\n","protected":false},"author":2,"featured_media":21300,"parent":0,"menu_order":172,"comment_status":"closed","ping_status":"open","template":"template-divisione.php","meta":[],"acf":[],"yoast_head":"<!-- This site is optimized with the Yoast SEO plugin v15.0 - https:\/\/yoast.com\/wordpress\/plugins\/seo\/ -->\n<title>Bereich Zugluft - CCE<\/title>\n<meta name=\"robots\" content=\"index, follow, max-snippet:-1, max-image-preview:large, max-video-preview:-1\" \/>\n<link rel=\"canonical\" href=\"https:\/\/cce.it\/de\/bereich-zugluft\/\" \/>\n<meta property=\"og:locale\" content=\"it_IT\" \/>\n<meta property=\"og:type\" content=\"article\" \/>\n<meta property=\"og:title\" content=\"Bereich Zugluft - CCE\" \/>\n<meta property=\"og:description\" content=\"Energie einsparen und die K\u00e4lte drau\u00dfen lassen! Die automatischen Unterblattdichtungen, im Volksmund auch Zugluftdichtungen genannt, sind automatisch arbeitende Vorrichtungen, bei denen sich eine Dichtlippe auf den Bodenbelag absenkt, wenn die T\u00fcre geschlossen wird. Sie werden durch einen Druckknopf bet\u00e4tigt, der auf Druck gegen den T\u00fcrrahmen reagiert. Der Spalt zwischen Blatt und Bodenbelag wird vollst\u00e4ndig geschlossen. &hellip; Continua\" \/>\n<meta property=\"og:url\" content=\"https:\/\/cce.it\/de\/bereich-zugluft\/\" \/>\n<meta property=\"og:site_name\" content=\"CCE\" \/>\n<meta property=\"article:modified_time\" content=\"2024-04-24T11:19:46+00:00\" \/>\n<meta property=\"og:image\" content=\"https:\/\/cce.it\/wp-content\/uploads\/CCE-srl-divisione-antispifferi.jpg\" \/>\n\t<meta property=\"og:image:width\" content=\"700\" \/>\n\t<meta property=\"og:image:height\" content=\"530\" \/>\n<script type=\"application\/ld+json\" class=\"yoast-schema-graph\">{\"@context\":\"https:\/\/schema.org\",\"@graph\":[{\"@type\":\"WebSite\",\"@id\":\"https:\/\/cce.it\/de\/#website\",\"url\":\"https:\/\/cce.it\/de\/\",\"name\":\"CCE\",\"description\":\"\",\"potentialAction\":[{\"@type\":\"SearchAction\",\"target\":\"https:\/\/cce.it\/de\/?s={search_term_string}\",\"query-input\":\"required name=search_term_string\"}],\"inLanguage\":\"it-IT\"},{\"@type\":\"ImageObject\",\"@id\":\"https:\/\/cce.it\/de\/bereich-zugluft\/#primaryimage\",\"inLanguage\":\"it-IT\",\"url\":\"https:\/\/cce.it\/wp-content\/uploads\/CCE-srl-divisione-antispifferi.jpg\",\"width\":700,\"height\":530,\"caption\":\"CCE srl Divisione antispifferi\"},{\"@type\":\"WebPage\",\"@id\":\"https:\/\/cce.it\/de\/bereich-zugluft\/#webpage\",\"url\":\"https:\/\/cce.it\/de\/bereich-zugluft\/\",\"name\":\"Bereich Zugluft - CCE\",\"isPartOf\":{\"@id\":\"https:\/\/cce.it\/de\/#website\"},\"primaryImageOfPage\":{\"@id\":\"https:\/\/cce.it\/de\/bereich-zugluft\/#primaryimage\"},\"datePublished\":\"2015-02-18T14:29:26+00:00\",\"dateModified\":\"2024-04-24T11:19:46+00:00\",\"breadcrumb\":{\"@id\":\"https:\/\/cce.it\/de\/bereich-zugluft\/#breadcrumb\"},\"inLanguage\":\"it-IT\",\"potentialAction\":[{\"@type\":\"ReadAction\",\"target\":[\"https:\/\/cce.it\/de\/bereich-zugluft\/\"]}]},{\"@type\":\"BreadcrumbList\",\"@id\":\"https:\/\/cce.it\/de\/bereich-zugluft\/#breadcrumb\",\"itemListElement\":[{\"@type\":\"ListItem\",\"position\":1,\"item\":{\"@type\":\"WebPage\",\"@id\":\"https:\/\/cce.it\/\",\"url\":\"https:\/\/cce.it\/\",\"name\":\"Home\"}},{\"@type\":\"ListItem\",\"position\":2,\"item\":{\"@type\":\"WebPage\",\"@id\":\"https:\/\/cce.it\/de\/bereich-zugluft\/\",\"url\":\"https:\/\/cce.it\/de\/bereich-zugluft\/\",\"name\":\"Bereich Zugluft\"}}]}]}<\/script>\n<!-- \/ Yoast SEO plugin. -->","_links":{"self":[{"href":"https:\/\/cce.it\/de\/wp-json\/wp\/v2\/pages\/26"}],"collection":[{"href":"https:\/\/cce.it\/de\/wp-json\/wp\/v2\/pages"}],"about":[{"href":"https:\/\/cce.it\/de\/wp-json\/wp\/v2\/types\/page"}],"author":[{"embeddable":true,"href":"https:\/\/cce.it\/de\/wp-json\/wp\/v2\/users\/2"}],"replies":[{"embeddable":true,"href":"https:\/\/cce.it\/de\/wp-json\/wp\/v2\/comments?post=26"}],"version-history":[{"count":3,"href":"https:\/\/cce.it\/de\/wp-json\/wp\/v2\/pages\/26\/revisions"}],"predecessor-version":[{"id":10105,"href":"https:\/\/cce.it\/de\/wp-json\/wp\/v2\/pages\/26\/revisions\/10105"}],"wp:featuredmedia":[{"embeddable":true,"href":"https:\/\/cce.it\/de\/wp-json\/wp\/v2\/media\/21300"}],"wp:attachment":[{"href":"https:\/\/cce.it\/de\/wp-json\/wp\/v2\/media?parent=26"}],"curies":[{"name":"wp","href":"https:\/\/api.w.org\/{rel}","templated":true}]}}