{"id":20563,"date":"2022-01-24T12:33:40","date_gmt":"2022-01-24T11:33:40","guid":{"rendered":"https:\/\/cce.it\/bereich-sicherheit\/produkt\/accessori\/redy-scheda\/"},"modified":"2022-01-26T12:22:08","modified_gmt":"2022-01-26T11:22:08","slug":"redy-scheda","status":"publish","type":"page","link":"https:\/\/cce.it\/de\/bereich-sicherheit\/produkt\/zubehor\/redy-scheda\/","title":{"rendered":"Redy Scheda"},"content":{"rendered":"<h5><span style=\"color: #000;\">Beschreibung<\/span><\/h5>\n<hr \/>\n<p>Familie von universellen Zubeh\u00f6ren f\u00fcr die Automation, die eine gro\u00dfe Auswahl an zweckm\u00e4\u00dfigen und energieeffizienten LED-Blinkleuchten f\u00fcr jede Applikation geeignet anbietet, eine kompakte und unverw\u00fcstliche Ampel und einen universelle Ziffernblock. Die Steuerkarten f\u00fcr Widerstandskontaktleisten SCHED2\/SCHED3 erg\u00e4nzt die Familie.<\/p>\n","protected":false},"excerpt":{"rendered":"<p>Beschreibung Familie von universellen Zubeh\u00f6ren f\u00fcr die Automation, die eine gro\u00dfe Auswahl an zweckm\u00e4\u00dfigen und energieeffizienten LED-Blinkleuchten f\u00fcr jede Applikation geeignet anbietet, eine kompakte und unverw\u00fcstliche Ampel und einen universelle Ziffernblock. Die Steuerkarten f\u00fcr Widerstandskontaktleisten SCHED2\/SCHED3 erg\u00e4nzt die Familie.<\/p>\n","protected":false},"author":12,"featured_media":20482,"parent":20539,"menu_order":1091,"comment_status":"closed","ping_status":"closed","template":"template-sicurezza-product.php","meta":[],"acf":[],"yoast_head":"<!-- This site is optimized with the Yoast SEO plugin v15.0 - https:\/\/yoast.com\/wordpress\/plugins\/seo\/ -->\n<title>Redy Scheda - CCE<\/title>\n<meta name=\"robots\" content=\"index, follow, max-snippet:-1, max-image-preview:large, max-video-preview:-1\" \/>\n<link rel=\"canonical\" href=\"https:\/\/cce.it\/de\/bereich-sicherheit\/produkt\/zubehor\/redy-scheda\/\" \/>\n<meta property=\"og:locale\" content=\"it_IT\" \/>\n<meta property=\"og:type\" content=\"article\" \/>\n<meta property=\"og:title\" content=\"Redy Scheda - CCE\" \/>\n<meta property=\"og:description\" content=\"Beschreibung Familie von universellen Zubeh\u00f6ren f\u00fcr die Automation, die eine gro\u00dfe Auswahl an zweckm\u00e4\u00dfigen und energieeffizienten LED-Blinkleuchten f\u00fcr jede Applikation geeignet anbietet, eine kompakte und unverw\u00fcstliche Ampel und einen universelle Ziffernblock. Die Steuerkarten f\u00fcr Widerstandskontaktleisten SCHED2\/SCHED3 erg\u00e4nzt die Familie.\" \/>\n<meta property=\"og:url\" content=\"https:\/\/cce.it\/de\/bereich-sicherheit\/produkt\/zubehor\/redy-scheda\/\" \/>\n<meta property=\"og:site_name\" content=\"CCE\" \/>\n<meta property=\"article:modified_time\" content=\"2022-01-26T11:22:08+00:00\" \/>\n<meta property=\"og:image\" content=\"https:\/\/cce.it\/wp-content\/uploads\/cce_prodotto_ready_scheda_testata.jpg\" \/>\n\t<meta property=\"og:image:width\" content=\"1920\" \/>\n\t<meta property=\"og:image:height\" content=\"726\" \/>\n<script type=\"application\/ld+json\" class=\"yoast-schema-graph\">{\"@context\":\"https:\/\/schema.org\",\"@graph\":[{\"@type\":\"WebSite\",\"@id\":\"https:\/\/cce.it\/de\/#website\",\"url\":\"https:\/\/cce.it\/de\/\",\"name\":\"CCE\",\"description\":\"\",\"potentialAction\":[{\"@type\":\"SearchAction\",\"target\":\"https:\/\/cce.it\/de\/?s={search_term_string}\",\"query-input\":\"required name=search_term_string\"}],\"inLanguage\":\"it-IT\"},{\"@type\":\"ImageObject\",\"@id\":\"https:\/\/cce.it\/de\/bereich-sicherheit\/produkt\/zubehor\/redy-scheda\/#primaryimage\",\"inLanguage\":\"it-IT\",\"url\":\"https:\/\/cce.it\/wp-content\/uploads\/cce_prodotto_ready_scheda_testata.jpg\",\"width\":1920,\"height\":726},{\"@type\":\"WebPage\",\"@id\":\"https:\/\/cce.it\/de\/bereich-sicherheit\/produkt\/zubehor\/redy-scheda\/#webpage\",\"url\":\"https:\/\/cce.it\/de\/bereich-sicherheit\/produkt\/zubehor\/redy-scheda\/\",\"name\":\"Redy Scheda - CCE\",\"isPartOf\":{\"@id\":\"https:\/\/cce.it\/de\/#website\"},\"primaryImageOfPage\":{\"@id\":\"https:\/\/cce.it\/de\/bereich-sicherheit\/produkt\/zubehor\/redy-scheda\/#primaryimage\"},\"datePublished\":\"2022-01-24T11:33:40+00:00\",\"dateModified\":\"2022-01-26T11:22:08+00:00\",\"breadcrumb\":{\"@id\":\"https:\/\/cce.it\/de\/bereich-sicherheit\/produkt\/zubehor\/redy-scheda\/#breadcrumb\"},\"inLanguage\":\"it-IT\",\"potentialAction\":[{\"@type\":\"ReadAction\",\"target\":[\"https:\/\/cce.it\/de\/bereich-sicherheit\/produkt\/zubehor\/redy-scheda\/\"]}]},{\"@type\":\"BreadcrumbList\",\"@id\":\"https:\/\/cce.it\/de\/bereich-sicherheit\/produkt\/zubehor\/redy-scheda\/#breadcrumb\",\"itemListElement\":[{\"@type\":\"ListItem\",\"position\":1,\"item\":{\"@type\":\"WebPage\",\"@id\":\"https:\/\/cce.it\/\",\"url\":\"https:\/\/cce.it\/\",\"name\":\"Home\"}},{\"@type\":\"ListItem\",\"position\":2,\"item\":{\"@type\":\"WebPage\",\"@id\":\"https:\/\/cce.it\/de\/bereich-sicherheit\/\",\"url\":\"https:\/\/cce.it\/de\/bereich-sicherheit\/\",\"name\":\"Bereich Sicherheit\"}},{\"@type\":\"ListItem\",\"position\":3,\"item\":{\"@type\":\"WebPage\",\"@id\":\"https:\/\/cce.it\/de\/bereich-sicherheit\/produkt\/\",\"url\":\"https:\/\/cce.it\/de\/bereich-sicherheit\/produkt\/\",\"name\":\"Kategorien\"}},{\"@type\":\"ListItem\",\"position\":4,\"item\":{\"@type\":\"WebPage\",\"@id\":\"https:\/\/cce.it\/de\/bereich-sicherheit\/produkt\/zubehor\/\",\"url\":\"https:\/\/cce.it\/de\/bereich-sicherheit\/produkt\/zubehor\/\",\"name\":\"Zubeh\\u00f6r\"}},{\"@type\":\"ListItem\",\"position\":5,\"item\":{\"@type\":\"WebPage\",\"@id\":\"https:\/\/cce.it\/de\/bereich-sicherheit\/produkt\/zubehor\/redy-scheda\/\",\"url\":\"https:\/\/cce.it\/de\/bereich-sicherheit\/produkt\/zubehor\/redy-scheda\/\",\"name\":\"Redy Scheda\"}}]}]}<\/script>\n<!-- \/ Yoast SEO plugin. -->","_links":{"self":[{"href":"https:\/\/cce.it\/de\/wp-json\/wp\/v2\/pages\/20563"}],"collection":[{"href":"https:\/\/cce.it\/de\/wp-json\/wp\/v2\/pages"}],"about":[{"href":"https:\/\/cce.it\/de\/wp-json\/wp\/v2\/types\/page"}],"author":[{"embeddable":true,"href":"https:\/\/cce.it\/de\/wp-json\/wp\/v2\/users\/12"}],"replies":[{"embeddable":true,"href":"https:\/\/cce.it\/de\/wp-json\/wp\/v2\/comments?post=20563"}],"version-history":[{"count":3,"href":"https:\/\/cce.it\/de\/wp-json\/wp\/v2\/pages\/20563\/revisions"}],"predecessor-version":[{"id":20786,"href":"https:\/\/cce.it\/de\/wp-json\/wp\/v2\/pages\/20563\/revisions\/20786"}],"up":[{"embeddable":true,"href":"https:\/\/cce.it\/de\/wp-json\/wp\/v2\/pages\/20539"}],"wp:featuredmedia":[{"embeddable":true,"href":"https:\/\/cce.it\/de\/wp-json\/wp\/v2\/media\/20482"}],"wp:attachment":[{"href":"https:\/\/cce.it\/de\/wp-json\/wp\/v2\/media?parent=20563"}],"curies":[{"name":"wp","href":"https:\/\/api.w.org\/{rel}","templated":true}]}}