{"id":19529,"date":"2020-06-12T10:49:25","date_gmt":"2020-06-12T08:49:25","guid":{"rendered":"https:\/\/cce.it\/?page_id=19529"},"modified":"2020-06-12T10:49:25","modified_gmt":"2020-06-12T08:49:25","slug":"idromini-wood-178x28","status":"publish","type":"page","link":"https:\/\/cce.it\/de\/bereich-zugluft\/produkt\/idrozero\/idromini-wood-178x28\/","title":{"rendered":"Idromini Wood 17,8&#215;28"},"content":{"rendered":"<h5>INFORMATION<\/h5>\n<hr \/>\n<p>Idrozero Mini 17,8 x 28 Wood wurde eigens f\u00fcr die Verwendung an einfl\u00fcgeligen Holzt\u00fcren entworfen. Die spezielle seitliche Dichtung ist so bemessen, dass sie an T\u00fcren mit einem Luftraum von 10 mm zwischen Drehfl\u00fcgel und Zarge eine perfekte Dichtung gew\u00e4hrleistet, wenn an der Zarge angebracht. Sie ist f\u00fcr einen Raumabschluss bis Klasse 9A nach UNI EN 12208 gepr\u00fcft.<\/p>\n","protected":false},"excerpt":{"rendered":"<p>INFORMATION Idrozero Mini 17,8 x 28 Wood wurde eigens f\u00fcr die Verwendung an einfl\u00fcgeligen Holzt\u00fcren entworfen. Die spezielle seitliche Dichtung ist so bemessen, dass sie an T\u00fcren mit einem Luftraum von 10 mm zwischen Drehfl\u00fcgel und Zarge eine perfekte Dichtung gew\u00e4hrleistet, wenn an der Zarge angebracht. Sie ist f\u00fcr einen Raumabschluss bis Klasse 9A nach &hellip; <a href=\"https:\/\/cce.it\/de\/bereich-zugluft\/produkt\/idrozero\/idromini-wood-178x28\/\">Continua<\/a><\/p>\n","protected":false},"author":12,"featured_media":19997,"parent":19458,"menu_order":702,"comment_status":"closed","ping_status":"closed","template":"template-antis-product.php","meta":[],"acf":[],"yoast_head":"<!-- This site is optimized with the Yoast SEO plugin v15.0 - https:\/\/yoast.com\/wordpress\/plugins\/seo\/ -->\n<title>Idromini Wood 17,8x28 - CCE<\/title>\n<meta name=\"robots\" content=\"index, follow, max-snippet:-1, max-image-preview:large, max-video-preview:-1\" \/>\n<link rel=\"canonical\" href=\"https:\/\/cce.it\/de\/bereich-zugluft\/produkt\/idrozero\/idromini-wood-178x28\/\" \/>\n<meta property=\"og:locale\" content=\"it_IT\" \/>\n<meta property=\"og:type\" content=\"article\" \/>\n<meta property=\"og:title\" content=\"Idromini Wood 17,8x28 - CCE\" \/>\n<meta property=\"og:description\" content=\"INFORMATION Idrozero Mini 17,8 x 28 Wood wurde eigens f\u00fcr die Verwendung an einfl\u00fcgeligen Holzt\u00fcren entworfen. Die spezielle seitliche Dichtung ist so bemessen, dass sie an T\u00fcren mit einem Luftraum von 10 mm zwischen Drehfl\u00fcgel und Zarge eine perfekte Dichtung gew\u00e4hrleistet, wenn an der Zarge angebracht. Sie ist f\u00fcr einen Raumabschluss bis Klasse 9A nach &hellip; Continua\" \/>\n<meta property=\"og:url\" content=\"https:\/\/cce.it\/de\/bereich-zugluft\/produkt\/idrozero\/idromini-wood-178x28\/\" \/>\n<meta property=\"og:site_name\" content=\"CCE\" \/>\n<meta property=\"og:image\" content=\"https:\/\/cce.it\/wp-content\/uploads\/prodotto-as1828idzw-testata.jpg\" \/>\n\t<meta property=\"og:image:width\" content=\"1920\" \/>\n\t<meta property=\"og:image:height\" content=\"726\" \/>\n<script type=\"application\/ld+json\" class=\"yoast-schema-graph\">{\"@context\":\"https:\/\/schema.org\",\"@graph\":[{\"@type\":\"WebSite\",\"@id\":\"https:\/\/cce.it\/de\/#website\",\"url\":\"https:\/\/cce.it\/de\/\",\"name\":\"CCE\",\"description\":\"\",\"potentialAction\":[{\"@type\":\"SearchAction\",\"target\":\"https:\/\/cce.it\/de\/?s={search_term_string}\",\"query-input\":\"required name=search_term_string\"}],\"inLanguage\":\"it-IT\"},{\"@type\":\"ImageObject\",\"@id\":\"https:\/\/cce.it\/de\/bereich-zugluft\/produkt\/idrozero\/idromini-wood-178x28\/#primaryimage\",\"inLanguage\":\"it-IT\",\"url\":\"https:\/\/cce.it\/wp-content\/uploads\/prodotto-as1828idzw-testata.jpg\",\"width\":1920,\"height\":726},{\"@type\":\"WebPage\",\"@id\":\"https:\/\/cce.it\/de\/bereich-zugluft\/produkt\/idrozero\/idromini-wood-178x28\/#webpage\",\"url\":\"https:\/\/cce.it\/de\/bereich-zugluft\/produkt\/idrozero\/idromini-wood-178x28\/\",\"name\":\"Idromini Wood 17,8x28 - CCE\",\"isPartOf\":{\"@id\":\"https:\/\/cce.it\/de\/#website\"},\"primaryImageOfPage\":{\"@id\":\"https:\/\/cce.it\/de\/bereich-zugluft\/produkt\/idrozero\/idromini-wood-178x28\/#primaryimage\"},\"datePublished\":\"2020-06-12T08:49:25+00:00\",\"dateModified\":\"2020-06-12T08:49:25+00:00\",\"breadcrumb\":{\"@id\":\"https:\/\/cce.it\/de\/bereich-zugluft\/produkt\/idrozero\/idromini-wood-178x28\/#breadcrumb\"},\"inLanguage\":\"it-IT\",\"potentialAction\":[{\"@type\":\"ReadAction\",\"target\":[\"https:\/\/cce.it\/de\/bereich-zugluft\/produkt\/idrozero\/idromini-wood-178x28\/\"]}]},{\"@type\":\"BreadcrumbList\",\"@id\":\"https:\/\/cce.it\/de\/bereich-zugluft\/produkt\/idrozero\/idromini-wood-178x28\/#breadcrumb\",\"itemListElement\":[{\"@type\":\"ListItem\",\"position\":1,\"item\":{\"@type\":\"WebPage\",\"@id\":\"https:\/\/cce.it\/\",\"url\":\"https:\/\/cce.it\/\",\"name\":\"Home\"}},{\"@type\":\"ListItem\",\"position\":2,\"item\":{\"@type\":\"WebPage\",\"@id\":\"https:\/\/cce.it\/de\/bereich-zugluft\/\",\"url\":\"https:\/\/cce.it\/de\/bereich-zugluft\/\",\"name\":\"Bereich Zugluft\"}},{\"@type\":\"ListItem\",\"position\":3,\"item\":{\"@type\":\"WebPage\",\"@id\":\"https:\/\/cce.it\/de\/bereich-zugluft\/produkt\/\",\"url\":\"https:\/\/cce.it\/de\/bereich-zugluft\/produkt\/\",\"name\":\"Kategorien\"}},{\"@type\":\"ListItem\",\"position\":4,\"item\":{\"@type\":\"WebPage\",\"@id\":\"https:\/\/cce.it\/de\/bereich-zugluft\/produkt\/idrozero\/\",\"url\":\"https:\/\/cce.it\/de\/bereich-zugluft\/produkt\/idrozero\/\",\"name\":\"Idrozero\"}},{\"@type\":\"ListItem\",\"position\":5,\"item\":{\"@type\":\"WebPage\",\"@id\":\"https:\/\/cce.it\/de\/bereich-zugluft\/produkt\/idrozero\/idromini-wood-178x28\/\",\"url\":\"https:\/\/cce.it\/de\/bereich-zugluft\/produkt\/idrozero\/idromini-wood-178x28\/\",\"name\":\"Idromini Wood 17,8&#215;28\"}}]}]}<\/script>\n<!-- \/ Yoast SEO plugin. -->","_links":{"self":[{"href":"https:\/\/cce.it\/de\/wp-json\/wp\/v2\/pages\/19529"}],"collection":[{"href":"https:\/\/cce.it\/de\/wp-json\/wp\/v2\/pages"}],"about":[{"href":"https:\/\/cce.it\/de\/wp-json\/wp\/v2\/types\/page"}],"author":[{"embeddable":true,"href":"https:\/\/cce.it\/de\/wp-json\/wp\/v2\/users\/12"}],"replies":[{"embeddable":true,"href":"https:\/\/cce.it\/de\/wp-json\/wp\/v2\/comments?post=19529"}],"version-history":[{"count":1,"href":"https:\/\/cce.it\/de\/wp-json\/wp\/v2\/pages\/19529\/revisions"}],"predecessor-version":[{"id":19932,"href":"https:\/\/cce.it\/de\/wp-json\/wp\/v2\/pages\/19529\/revisions\/19932"}],"up":[{"embeddable":true,"href":"https:\/\/cce.it\/de\/wp-json\/wp\/v2\/pages\/19458"}],"wp:featuredmedia":[{"embeddable":true,"href":"https:\/\/cce.it\/de\/wp-json\/wp\/v2\/media\/19997"}],"wp:attachment":[{"href":"https:\/\/cce.it\/de\/wp-json\/wp\/v2\/media?parent=19529"}],"curies":[{"name":"wp","href":"https:\/\/api.w.org\/{rel}","templated":true}]}}