{"id":17379,"date":"2017-06-06T16:14:54","date_gmt":"2017-06-06T14:14:54","guid":{"rendered":"https:\/\/cce.it\/\/bereich-sicherheit\/produkt\/mini-lip-cnd\/"},"modified":"2018-07-18T17:29:00","modified_gmt":"2018-07-18T15:29:00","slug":"mini-lip-cnd","status":"publish","type":"page","link":"https:\/\/cce.it\/de\/bereich-sicherheit\/produkt\/mini-lip-cnd\/","title":{"rendered":"Mini Lip CND"},"content":{"rendered":"<h5><span style=\"color: #000;\"> INFORMATION <\/span><\/h5>\n<hr \/>\n<p>Das Modell <strong>MINI LIP CND<\/strong> ist ideal f\u00fcr die horizontale Anwendung an Sektionaltoren und Rolll\u00e4den. Dank seiner seitlichen Kappen und den dazugeh\u00f6rigen Feststelleinrichtungen ist seine Regulierung beim Anbringen sehr einfach. Erh\u00e4ltlich als zweckm\u00e4\u00dfiges Set f\u00fcr das Zusammensetzen in beliebig lange Teile.<\/p>\n","protected":false},"excerpt":{"rendered":"<p>INFORMATION Das Modell MINI LIP CND ist ideal f\u00fcr die horizontale Anwendung an Sektionaltoren und Rolll\u00e4den. Dank seiner seitlichen Kappen und den dazugeh\u00f6rigen Feststelleinrichtungen ist seine Regulierung beim Anbringen sehr einfach. Erh\u00e4ltlich als zweckm\u00e4\u00dfiges Set f\u00fcr das Zusammensetzen in beliebig lange Teile.<\/p>\n","protected":false},"author":12,"featured_media":9246,"parent":102,"menu_order":835,"comment_status":"closed","ping_status":"closed","template":"template-family.php","meta":[],"acf":[],"yoast_head":"<!-- This site is optimized with the Yoast SEO plugin v15.0 - https:\/\/yoast.com\/wordpress\/plugins\/seo\/ -->\n<title>Mini Lip CND - CCE<\/title>\n<meta name=\"robots\" content=\"index, follow, max-snippet:-1, max-image-preview:large, max-video-preview:-1\" \/>\n<link rel=\"canonical\" href=\"https:\/\/cce.it\/de\/bereich-sicherheit\/produkt\/mini-lip-cnd\/\" \/>\n<meta property=\"og:locale\" content=\"it_IT\" \/>\n<meta property=\"og:type\" content=\"article\" \/>\n<meta property=\"og:title\" content=\"Mini Lip CND - CCE\" \/>\n<meta property=\"og:description\" content=\"INFORMATION Das Modell MINI LIP CND ist ideal f\u00fcr die horizontale Anwendung an Sektionaltoren und Rolll\u00e4den. Dank seiner seitlichen Kappen und den dazugeh\u00f6rigen Feststelleinrichtungen ist seine Regulierung beim Anbringen sehr einfach. Erh\u00e4ltlich als zweckm\u00e4\u00dfiges Set f\u00fcr das Zusammensetzen in beliebig lange Teile.\" \/>\n<meta property=\"og:url\" content=\"https:\/\/cce.it\/de\/bereich-sicherheit\/produkt\/mini-lip-cnd\/\" \/>\n<meta property=\"og:site_name\" content=\"CCE\" \/>\n<meta property=\"article:modified_time\" content=\"2018-07-18T15:29:00+00:00\" \/>\n<meta property=\"og:image\" content=\"https:\/\/cce.it\/wp-content\/uploads\/minilip-prodotto.jpg\" \/>\n\t<meta property=\"og:image:width\" content=\"1920\" \/>\n\t<meta property=\"og:image:height\" content=\"726\" \/>\n<script type=\"application\/ld+json\" class=\"yoast-schema-graph\">{\"@context\":\"https:\/\/schema.org\",\"@graph\":[{\"@type\":\"WebSite\",\"@id\":\"https:\/\/cce.it\/de\/#website\",\"url\":\"https:\/\/cce.it\/de\/\",\"name\":\"CCE\",\"description\":\"\",\"potentialAction\":[{\"@type\":\"SearchAction\",\"target\":\"https:\/\/cce.it\/de\/?s={search_term_string}\",\"query-input\":\"required name=search_term_string\"}],\"inLanguage\":\"it-IT\"},{\"@type\":\"ImageObject\",\"@id\":\"https:\/\/cce.it\/de\/bereich-sicherheit\/produkt\/mini-lip-cnd\/#primaryimage\",\"inLanguage\":\"it-IT\",\"url\":\"https:\/\/cce.it\/wp-content\/uploads\/minilip-prodotto.jpg\",\"width\":1920,\"height\":726},{\"@type\":\"WebPage\",\"@id\":\"https:\/\/cce.it\/de\/bereich-sicherheit\/produkt\/mini-lip-cnd\/#webpage\",\"url\":\"https:\/\/cce.it\/de\/bereich-sicherheit\/produkt\/mini-lip-cnd\/\",\"name\":\"Mini Lip CND - CCE\",\"isPartOf\":{\"@id\":\"https:\/\/cce.it\/de\/#website\"},\"primaryImageOfPage\":{\"@id\":\"https:\/\/cce.it\/de\/bereich-sicherheit\/produkt\/mini-lip-cnd\/#primaryimage\"},\"datePublished\":\"2017-06-06T14:14:54+00:00\",\"dateModified\":\"2018-07-18T15:29:00+00:00\",\"breadcrumb\":{\"@id\":\"https:\/\/cce.it\/de\/bereich-sicherheit\/produkt\/mini-lip-cnd\/#breadcrumb\"},\"inLanguage\":\"it-IT\",\"potentialAction\":[{\"@type\":\"ReadAction\",\"target\":[\"https:\/\/cce.it\/de\/bereich-sicherheit\/produkt\/mini-lip-cnd\/\"]}]},{\"@type\":\"BreadcrumbList\",\"@id\":\"https:\/\/cce.it\/de\/bereich-sicherheit\/produkt\/mini-lip-cnd\/#breadcrumb\",\"itemListElement\":[{\"@type\":\"ListItem\",\"position\":1,\"item\":{\"@type\":\"WebPage\",\"@id\":\"https:\/\/cce.it\/\",\"url\":\"https:\/\/cce.it\/\",\"name\":\"Home\"}},{\"@type\":\"ListItem\",\"position\":2,\"item\":{\"@type\":\"WebPage\",\"@id\":\"https:\/\/cce.it\/de\/bereich-sicherheit\/\",\"url\":\"https:\/\/cce.it\/de\/bereich-sicherheit\/\",\"name\":\"Bereich Sicherheit\"}},{\"@type\":\"ListItem\",\"position\":3,\"item\":{\"@type\":\"WebPage\",\"@id\":\"https:\/\/cce.it\/de\/bereich-sicherheit\/produkt\/\",\"url\":\"https:\/\/cce.it\/de\/bereich-sicherheit\/produkt\/\",\"name\":\"Kategorien\"}},{\"@type\":\"ListItem\",\"position\":4,\"item\":{\"@type\":\"WebPage\",\"@id\":\"https:\/\/cce.it\/de\/bereich-sicherheit\/produkt\/mini-lip-cnd\/\",\"url\":\"https:\/\/cce.it\/de\/bereich-sicherheit\/produkt\/mini-lip-cnd\/\",\"name\":\"Mini Lip CND\"}}]}]}<\/script>\n<!-- \/ Yoast SEO plugin. -->","_links":{"self":[{"href":"https:\/\/cce.it\/de\/wp-json\/wp\/v2\/pages\/17379"}],"collection":[{"href":"https:\/\/cce.it\/de\/wp-json\/wp\/v2\/pages"}],"about":[{"href":"https:\/\/cce.it\/de\/wp-json\/wp\/v2\/types\/page"}],"author":[{"embeddable":true,"href":"https:\/\/cce.it\/de\/wp-json\/wp\/v2\/users\/12"}],"replies":[{"embeddable":true,"href":"https:\/\/cce.it\/de\/wp-json\/wp\/v2\/comments?post=17379"}],"version-history":[{"count":6,"href":"https:\/\/cce.it\/de\/wp-json\/wp\/v2\/pages\/17379\/revisions"}],"predecessor-version":[{"id":18181,"href":"https:\/\/cce.it\/de\/wp-json\/wp\/v2\/pages\/17379\/revisions\/18181"}],"up":[{"embeddable":true,"href":"https:\/\/cce.it\/de\/wp-json\/wp\/v2\/pages\/102"}],"wp:featuredmedia":[{"embeddable":true,"href":"https:\/\/cce.it\/de\/wp-json\/wp\/v2\/media\/9246"}],"wp:attachment":[{"href":"https:\/\/cce.it\/de\/wp-json\/wp\/v2\/media?parent=17379"}],"curies":[{"name":"wp","href":"https:\/\/api.w.org\/{rel}","templated":true}]}}