{"id":13919,"date":"2018-04-26T14:17:49","date_gmt":"2018-04-26T12:17:49","guid":{"rendered":"https:\/\/cce.it\/\/con-guarnizione-sfilabile-13x28-one-size\/"},"modified":"2018-07-19T08:52:12","modified_gmt":"2018-07-19T06:52:12","slug":"con-guarnizione-sfilabile-13x28-one-size","status":"publish","type":"page","link":"https:\/\/cce.it\/de\/bereich-zugluft\/produkt\/one-size\/con-guarnizione-sfilabile-13x28-one-size\/","title":{"rendered":"Con Guarnizione Sfilabile 13X28 one size"},"content":{"rendered":"<h5><span>INFORMATION<\/span><\/h5>\n<hr \/>\n<p>Eines der historischen Modelle von CCE, mit vielen verschiedenen Druckknopfkombinationen und Dichtlippen erh\u00e4ltlich. \u00dcberraschend funktionell. Der Mechanismus kann sowohl von der Band- als auch Griffseite aus dem Au\u00dfenprofil gezogen werden (CCE-patentiertes System) Mit dem Zubeh&ouml;rteil Actuator Pivot auch an Pivott\u00fcren anwendbar.<\/p>\n","protected":false},"excerpt":{"rendered":"<p>INFORMATION Eines der historischen Modelle von CCE, mit vielen verschiedenen Druckknopfkombinationen und Dichtlippen erh\u00e4ltlich. \u00dcberraschend funktionell. Der Mechanismus kann sowohl von der Band- als auch Griffseite aus dem Au\u00dfenprofil gezogen werden (CCE-patentiertes System) Mit dem Zubeh&ouml;rteil Actuator Pivot auch an Pivott\u00fcren anwendbar.<\/p>\n","protected":false},"author":12,"featured_media":8883,"parent":15040,"menu_order":752,"comment_status":"closed","ping_status":"closed","template":"template-antis-product.php","meta":[],"acf":[],"yoast_head":"<!-- This site is optimized with the Yoast SEO plugin v15.0 - https:\/\/yoast.com\/wordpress\/plugins\/seo\/ -->\n<title>Con Guarnizione Sfilabile 13X28 one size - CCE<\/title>\n<meta name=\"robots\" content=\"index, follow, max-snippet:-1, max-image-preview:large, max-video-preview:-1\" \/>\n<link rel=\"canonical\" href=\"https:\/\/cce.it\/de\/bereich-zugluft\/produkt\/one-size\/con-guarnizione-sfilabile-13x28-one-size\/\" \/>\n<meta property=\"og:locale\" content=\"it_IT\" \/>\n<meta property=\"og:type\" content=\"article\" \/>\n<meta property=\"og:title\" content=\"Con Guarnizione Sfilabile 13X28 one size - CCE\" \/>\n<meta property=\"og:description\" content=\"INFORMATION Eines der historischen Modelle von CCE, mit vielen verschiedenen Druckknopfkombinationen und Dichtlippen erh\u00e4ltlich. \u00dcberraschend funktionell. Der Mechanismus kann sowohl von der Band- als auch Griffseite aus dem Au\u00dfenprofil gezogen werden (CCE-patentiertes System) Mit dem Zubeh&ouml;rteil Actuator Pivot auch an Pivott\u00fcren anwendbar.\" \/>\n<meta property=\"og:url\" content=\"https:\/\/cce.it\/de\/bereich-zugluft\/produkt\/one-size\/con-guarnizione-sfilabile-13x28-one-size\/\" \/>\n<meta property=\"og:site_name\" content=\"CCE\" \/>\n<meta property=\"article:modified_time\" content=\"2018-07-19T06:52:12+00:00\" \/>\n<meta property=\"og:image\" content=\"https:\/\/cce.it\/wp-content\/uploads\/asdromax-prodotto_rev2.jpg\" \/>\n\t<meta property=\"og:image:width\" content=\"1920\" \/>\n\t<meta property=\"og:image:height\" content=\"726\" \/>\n<script type=\"application\/ld+json\" class=\"yoast-schema-graph\">{\"@context\":\"https:\/\/schema.org\",\"@graph\":[{\"@type\":\"WebSite\",\"@id\":\"https:\/\/cce.it\/de\/#website\",\"url\":\"https:\/\/cce.it\/de\/\",\"name\":\"CCE\",\"description\":\"\",\"potentialAction\":[{\"@type\":\"SearchAction\",\"target\":\"https:\/\/cce.it\/de\/?s={search_term_string}\",\"query-input\":\"required name=search_term_string\"}],\"inLanguage\":\"it-IT\"},{\"@type\":\"ImageObject\",\"@id\":\"https:\/\/cce.it\/de\/bereich-zugluft\/produkt\/one-size\/con-guarnizione-sfilabile-13x28-one-size\/#primaryimage\",\"inLanguage\":\"it-IT\",\"url\":\"https:\/\/cce.it\/wp-content\/uploads\/asdromax-prodotto_rev2.jpg\",\"width\":1920,\"height\":726},{\"@type\":\"WebPage\",\"@id\":\"https:\/\/cce.it\/de\/bereich-zugluft\/produkt\/one-size\/con-guarnizione-sfilabile-13x28-one-size\/#webpage\",\"url\":\"https:\/\/cce.it\/de\/bereich-zugluft\/produkt\/one-size\/con-guarnizione-sfilabile-13x28-one-size\/\",\"name\":\"Con Guarnizione Sfilabile 13X28 one size - CCE\",\"isPartOf\":{\"@id\":\"https:\/\/cce.it\/de\/#website\"},\"primaryImageOfPage\":{\"@id\":\"https:\/\/cce.it\/de\/bereich-zugluft\/produkt\/one-size\/con-guarnizione-sfilabile-13x28-one-size\/#primaryimage\"},\"datePublished\":\"2018-04-26T12:17:49+00:00\",\"dateModified\":\"2018-07-19T06:52:12+00:00\",\"breadcrumb\":{\"@id\":\"https:\/\/cce.it\/de\/bereich-zugluft\/produkt\/one-size\/con-guarnizione-sfilabile-13x28-one-size\/#breadcrumb\"},\"inLanguage\":\"it-IT\",\"potentialAction\":[{\"@type\":\"ReadAction\",\"target\":[\"https:\/\/cce.it\/de\/bereich-zugluft\/produkt\/one-size\/con-guarnizione-sfilabile-13x28-one-size\/\"]}]},{\"@type\":\"BreadcrumbList\",\"@id\":\"https:\/\/cce.it\/de\/bereich-zugluft\/produkt\/one-size\/con-guarnizione-sfilabile-13x28-one-size\/#breadcrumb\",\"itemListElement\":[{\"@type\":\"ListItem\",\"position\":1,\"item\":{\"@type\":\"WebPage\",\"@id\":\"https:\/\/cce.it\/\",\"url\":\"https:\/\/cce.it\/\",\"name\":\"Home\"}},{\"@type\":\"ListItem\",\"position\":2,\"item\":{\"@type\":\"WebPage\",\"@id\":\"https:\/\/cce.it\/de\/bereich-zugluft\/\",\"url\":\"https:\/\/cce.it\/de\/bereich-zugluft\/\",\"name\":\"Bereich Zugluft\"}},{\"@type\":\"ListItem\",\"position\":3,\"item\":{\"@type\":\"WebPage\",\"@id\":\"https:\/\/cce.it\/de\/bereich-zugluft\/produkt\/\",\"url\":\"https:\/\/cce.it\/de\/bereich-zugluft\/produkt\/\",\"name\":\"Kategorien\"}},{\"@type\":\"ListItem\",\"position\":4,\"item\":{\"@type\":\"WebPage\",\"@id\":\"https:\/\/cce.it\/de\/bereich-zugluft\/produkt\/one-size\/\",\"url\":\"https:\/\/cce.it\/de\/bereich-zugluft\/produkt\/one-size\/\",\"name\":\"One size\"}},{\"@type\":\"ListItem\",\"position\":5,\"item\":{\"@type\":\"WebPage\",\"@id\":\"https:\/\/cce.it\/de\/bereich-zugluft\/produkt\/one-size\/con-guarnizione-sfilabile-13x28-one-size\/\",\"url\":\"https:\/\/cce.it\/de\/bereich-zugluft\/produkt\/one-size\/con-guarnizione-sfilabile-13x28-one-size\/\",\"name\":\"Con Guarnizione Sfilabile 13X28 one size\"}}]}]}<\/script>\n<!-- \/ Yoast SEO plugin. -->","_links":{"self":[{"href":"https:\/\/cce.it\/de\/wp-json\/wp\/v2\/pages\/13919"}],"collection":[{"href":"https:\/\/cce.it\/de\/wp-json\/wp\/v2\/pages"}],"about":[{"href":"https:\/\/cce.it\/de\/wp-json\/wp\/v2\/types\/page"}],"author":[{"embeddable":true,"href":"https:\/\/cce.it\/de\/wp-json\/wp\/v2\/users\/12"}],"replies":[{"embeddable":true,"href":"https:\/\/cce.it\/de\/wp-json\/wp\/v2\/comments?post=13919"}],"version-history":[{"count":7,"href":"https:\/\/cce.it\/de\/wp-json\/wp\/v2\/pages\/13919\/revisions"}],"predecessor-version":[{"id":18207,"href":"https:\/\/cce.it\/de\/wp-json\/wp\/v2\/pages\/13919\/revisions\/18207"}],"up":[{"embeddable":true,"href":"https:\/\/cce.it\/de\/wp-json\/wp\/v2\/pages\/15040"}],"wp:featuredmedia":[{"embeddable":true,"href":"https:\/\/cce.it\/de\/wp-json\/wp\/v2\/media\/8883"}],"wp:attachment":[{"href":"https:\/\/cce.it\/de\/wp-json\/wp\/v2\/media?parent=13919"}],"curies":[{"name":"wp","href":"https:\/\/api.w.org\/{rel}","templated":true}]}}