{"id":13713,"date":"2018-04-19T14:22:04","date_gmt":"2018-04-19T12:22:04","guid":{"rendered":"https:\/\/cce.it\/\/applique-acoustic\/"},"modified":"2018-07-19T09:50:26","modified_gmt":"2018-07-19T07:50:26","slug":"applique-acoustic","status":"publish","type":"page","link":"https:\/\/cce.it\/de\/bereich-zugluft\/produkt\/brico\/applique-acoustic\/","title":{"rendered":"Applique acoustic"},"content":{"rendered":"<h5><span>INFORMATION<\/span><\/h5>\n<hr \/>\n<p>F&uuml;r die externe Anwendung an neuen und bestehenden T\u00fcren entworfenes Modell. Erm\u00f6glicht eine hohe Schalld\u00e4mmung und ist in mehreren Farben erh\u00e4ltlich. Kit f\u00fcr die Verwendung des Ausl&ouml;sers auf der Griffseite im Lieferumfang enthalten.<\/p>\n","protected":false},"excerpt":{"rendered":"<p>INFORMATION F&uuml;r die externe Anwendung an neuen und bestehenden T\u00fcren entworfenes Modell. Erm\u00f6glicht eine hohe Schalld\u00e4mmung und ist in mehreren Farben erh\u00e4ltlich. Kit f\u00fcr die Verwendung des Ausl&ouml;sers auf der Griffseite im Lieferumfang enthalten.<\/p>\n","protected":false},"author":12,"featured_media":21703,"parent":4312,"menu_order":340,"comment_status":"closed","ping_status":"closed","template":"template-antis-product.php","meta":[],"acf":[],"yoast_head":"<!-- This site is optimized with the Yoast SEO plugin v15.0 - https:\/\/yoast.com\/wordpress\/plugins\/seo\/ -->\n<title>Applique acoustic - CCE<\/title>\n<meta name=\"robots\" content=\"index, follow, max-snippet:-1, max-image-preview:large, max-video-preview:-1\" \/>\n<link rel=\"canonical\" href=\"https:\/\/cce.it\/de\/bereich-zugluft\/produkt\/brico\/applique-acoustic\/\" \/>\n<meta property=\"og:locale\" content=\"it_IT\" \/>\n<meta property=\"og:type\" content=\"article\" \/>\n<meta property=\"og:title\" content=\"Applique acoustic - CCE\" \/>\n<meta property=\"og:description\" content=\"INFORMATION F&uuml;r die externe Anwendung an neuen und bestehenden T\u00fcren entworfenes Modell. Erm\u00f6glicht eine hohe Schalld\u00e4mmung und ist in mehreren Farben erh\u00e4ltlich. Kit f\u00fcr die Verwendung des Ausl&ouml;sers auf der Griffseite im Lieferumfang enthalten.\" \/>\n<meta property=\"og:url\" content=\"https:\/\/cce.it\/de\/bereich-zugluft\/produkt\/brico\/applique-acoustic\/\" \/>\n<meta property=\"og:site_name\" content=\"CCE\" \/>\n<meta property=\"article:modified_time\" content=\"2018-07-19T07:50:26+00:00\" \/>\n<meta property=\"og:image\" content=\"https:\/\/cce.it\/wp-content\/uploads\/asappacu_solo_rev2_cat.jpg\" \/>\n\t<meta property=\"og:image:width\" content=\"1920\" \/>\n\t<meta property=\"og:image:height\" content=\"726\" \/>\n<script type=\"application\/ld+json\" class=\"yoast-schema-graph\">{\"@context\":\"https:\/\/schema.org\",\"@graph\":[{\"@type\":\"WebSite\",\"@id\":\"https:\/\/cce.it\/de\/#website\",\"url\":\"https:\/\/cce.it\/de\/\",\"name\":\"CCE\",\"description\":\"\",\"potentialAction\":[{\"@type\":\"SearchAction\",\"target\":\"https:\/\/cce.it\/de\/?s={search_term_string}\",\"query-input\":\"required name=search_term_string\"}],\"inLanguage\":\"it-IT\"},{\"@type\":\"ImageObject\",\"@id\":\"https:\/\/cce.it\/de\/bereich-zugluft\/produkt\/brico\/applique-acoustic\/#primaryimage\",\"inLanguage\":\"it-IT\",\"url\":\"https:\/\/cce.it\/wp-content\/uploads\/Applique-acoustic-CCE.jpg\",\"width\":1920,\"height\":726,\"caption\":\"Applique acoustic - CCE\"},{\"@type\":\"WebPage\",\"@id\":\"https:\/\/cce.it\/de\/bereich-zugluft\/produkt\/brico\/applique-acoustic\/#webpage\",\"url\":\"https:\/\/cce.it\/de\/bereich-zugluft\/produkt\/brico\/applique-acoustic\/\",\"name\":\"Applique acoustic - CCE\",\"isPartOf\":{\"@id\":\"https:\/\/cce.it\/de\/#website\"},\"primaryImageOfPage\":{\"@id\":\"https:\/\/cce.it\/de\/bereich-zugluft\/produkt\/brico\/applique-acoustic\/#primaryimage\"},\"datePublished\":\"2018-04-19T12:22:04+00:00\",\"dateModified\":\"2018-07-19T07:50:26+00:00\",\"breadcrumb\":{\"@id\":\"https:\/\/cce.it\/de\/bereich-zugluft\/produkt\/brico\/applique-acoustic\/#breadcrumb\"},\"inLanguage\":\"it-IT\",\"potentialAction\":[{\"@type\":\"ReadAction\",\"target\":[\"https:\/\/cce.it\/de\/bereich-zugluft\/produkt\/brico\/applique-acoustic\/\"]}]},{\"@type\":\"BreadcrumbList\",\"@id\":\"https:\/\/cce.it\/de\/bereich-zugluft\/produkt\/brico\/applique-acoustic\/#breadcrumb\",\"itemListElement\":[{\"@type\":\"ListItem\",\"position\":1,\"item\":{\"@type\":\"WebPage\",\"@id\":\"https:\/\/cce.it\/\",\"url\":\"https:\/\/cce.it\/\",\"name\":\"Home\"}},{\"@type\":\"ListItem\",\"position\":2,\"item\":{\"@type\":\"WebPage\",\"@id\":\"https:\/\/cce.it\/de\/bereich-zugluft\/\",\"url\":\"https:\/\/cce.it\/de\/bereich-zugluft\/\",\"name\":\"Bereich Zugluft\"}},{\"@type\":\"ListItem\",\"position\":3,\"item\":{\"@type\":\"WebPage\",\"@id\":\"https:\/\/cce.it\/de\/bereich-zugluft\/produkt\/\",\"url\":\"https:\/\/cce.it\/de\/bereich-zugluft\/produkt\/\",\"name\":\"Kategorien\"}},{\"@type\":\"ListItem\",\"position\":4,\"item\":{\"@type\":\"WebPage\",\"@id\":\"https:\/\/cce.it\/de\/bereich-zugluft\/produkt\/brico\/\",\"url\":\"https:\/\/cce.it\/de\/bereich-zugluft\/produkt\/brico\/\",\"name\":\"Brico\"}},{\"@type\":\"ListItem\",\"position\":5,\"item\":{\"@type\":\"WebPage\",\"@id\":\"https:\/\/cce.it\/de\/bereich-zugluft\/produkt\/brico\/applique-acoustic\/\",\"url\":\"https:\/\/cce.it\/de\/bereich-zugluft\/produkt\/brico\/applique-acoustic\/\",\"name\":\"Applique acoustic\"}}]}]}<\/script>\n<!-- \/ Yoast SEO plugin. -->","_links":{"self":[{"href":"https:\/\/cce.it\/de\/wp-json\/wp\/v2\/pages\/13713"}],"collection":[{"href":"https:\/\/cce.it\/de\/wp-json\/wp\/v2\/pages"}],"about":[{"href":"https:\/\/cce.it\/de\/wp-json\/wp\/v2\/types\/page"}],"author":[{"embeddable":true,"href":"https:\/\/cce.it\/de\/wp-json\/wp\/v2\/users\/12"}],"replies":[{"embeddable":true,"href":"https:\/\/cce.it\/de\/wp-json\/wp\/v2\/comments?post=13713"}],"version-history":[{"count":7,"href":"https:\/\/cce.it\/de\/wp-json\/wp\/v2\/pages\/13713\/revisions"}],"predecessor-version":[{"id":18335,"href":"https:\/\/cce.it\/de\/wp-json\/wp\/v2\/pages\/13713\/revisions\/18335"}],"up":[{"embeddable":true,"href":"https:\/\/cce.it\/de\/wp-json\/wp\/v2\/pages\/4312"}],"wp:featuredmedia":[{"embeddable":true,"href":"https:\/\/cce.it\/de\/wp-json\/wp\/v2\/media\/21703"}],"wp:attachment":[{"href":"https:\/\/cce.it\/de\/wp-json\/wp\/v2\/media?parent=13713"}],"curies":[{"name":"wp","href":"https:\/\/api.w.org\/{rel}","templated":true}]}}