{"id":13145,"date":"2018-04-19T14:27:18","date_gmt":"2018-04-19T12:27:18","guid":{"rendered":"https:\/\/cce.it\/\/bereich-zugluft\/produkt\/glass\/glass-acoustic\/"},"modified":"2018-07-19T09:56:36","modified_gmt":"2018-07-19T07:56:36","slug":"glass-acoustic","status":"publish","type":"page","link":"https:\/\/cce.it\/de\/bereich-zugluft\/produkt\/glass\/glass-acoustic\/","title":{"rendered":"Glass Acoustic"},"content":{"rendered":"<h5><span>INFORMATION<\/span><\/h5>\n<hr \/>\n<p>Automatische Untert\u00fcrdichtung f&uuml;r die externe Anbringung an Glast\u00fcren mit Band. Hierzu das mitgelieferte, doppelseitige, hochdichte Klebeband verwenden. Gew\u00e4hrleistet hohe Schalld\u00e4mmung und ist mit verschiedenen Oberfl\u00e4chen erh\u00e4ltlich.<\/p>\n","protected":false},"excerpt":{"rendered":"<p>INFORMATION Automatische Untert\u00fcrdichtung f&uuml;r die externe Anbringung an Glast\u00fcren mit Band. Hierzu das mitgelieferte, doppelseitige, hochdichte Klebeband verwenden. Gew\u00e4hrleistet hohe Schalld\u00e4mmung und ist mit verschiedenen Oberfl\u00e4chen erh\u00e4ltlich.<\/p>\n","protected":false},"author":12,"featured_media":15652,"parent":4358,"menu_order":617,"comment_status":"closed","ping_status":"closed","template":"template-antis-product.php","meta":[],"acf":[],"yoast_head":"<!-- This site is optimized with the Yoast SEO plugin v15.0 - https:\/\/yoast.com\/wordpress\/plugins\/seo\/ -->\n<title>Glass Acoustic - CCE<\/title>\n<meta name=\"robots\" content=\"index, follow, max-snippet:-1, max-image-preview:large, max-video-preview:-1\" \/>\n<link rel=\"canonical\" href=\"https:\/\/cce.it\/de\/bereich-zugluft\/produkt\/glass\/glass-acoustic\/\" \/>\n<meta property=\"og:locale\" content=\"it_IT\" \/>\n<meta property=\"og:type\" content=\"article\" \/>\n<meta property=\"og:title\" content=\"Glass Acoustic - CCE\" \/>\n<meta property=\"og:description\" content=\"INFORMATION Automatische Untert\u00fcrdichtung f&uuml;r die externe Anbringung an Glast\u00fcren mit Band. Hierzu das mitgelieferte, doppelseitige, hochdichte Klebeband verwenden. Gew\u00e4hrleistet hohe Schalld\u00e4mmung und ist mit verschiedenen Oberfl\u00e4chen erh\u00e4ltlich.\" \/>\n<meta property=\"og:url\" content=\"https:\/\/cce.it\/de\/bereich-zugluft\/produkt\/glass\/glass-acoustic\/\" \/>\n<meta property=\"og:site_name\" content=\"CCE\" \/>\n<meta property=\"article:modified_time\" content=\"2018-07-19T07:56:36+00:00\" \/>\n<meta property=\"og:image\" content=\"https:\/\/cce.it\/wp-content\/uploads\/asglacu_solo_cat.jpg\" \/>\n\t<meta property=\"og:image:width\" content=\"1920\" \/>\n\t<meta property=\"og:image:height\" content=\"726\" \/>\n<script type=\"application\/ld+json\" class=\"yoast-schema-graph\">{\"@context\":\"https:\/\/schema.org\",\"@graph\":[{\"@type\":\"WebSite\",\"@id\":\"https:\/\/cce.it\/de\/#website\",\"url\":\"https:\/\/cce.it\/de\/\",\"name\":\"CCE\",\"description\":\"\",\"potentialAction\":[{\"@type\":\"SearchAction\",\"target\":\"https:\/\/cce.it\/de\/?s={search_term_string}\",\"query-input\":\"required name=search_term_string\"}],\"inLanguage\":\"it-IT\"},{\"@type\":\"ImageObject\",\"@id\":\"https:\/\/cce.it\/de\/bereich-zugluft\/produkt\/glass\/glass-acoustic\/#primaryimage\",\"inLanguage\":\"it-IT\",\"url\":\"https:\/\/cce.it\/wp-content\/uploads\/asglacu_solo_cat.jpg\",\"width\":1920,\"height\":726},{\"@type\":\"WebPage\",\"@id\":\"https:\/\/cce.it\/de\/bereich-zugluft\/produkt\/glass\/glass-acoustic\/#webpage\",\"url\":\"https:\/\/cce.it\/de\/bereich-zugluft\/produkt\/glass\/glass-acoustic\/\",\"name\":\"Glass Acoustic - CCE\",\"isPartOf\":{\"@id\":\"https:\/\/cce.it\/de\/#website\"},\"primaryImageOfPage\":{\"@id\":\"https:\/\/cce.it\/de\/bereich-zugluft\/produkt\/glass\/glass-acoustic\/#primaryimage\"},\"datePublished\":\"2018-04-19T12:27:18+00:00\",\"dateModified\":\"2018-07-19T07:56:36+00:00\",\"breadcrumb\":{\"@id\":\"https:\/\/cce.it\/de\/bereich-zugluft\/produkt\/glass\/glass-acoustic\/#breadcrumb\"},\"inLanguage\":\"it-IT\",\"potentialAction\":[{\"@type\":\"ReadAction\",\"target\":[\"https:\/\/cce.it\/de\/bereich-zugluft\/produkt\/glass\/glass-acoustic\/\"]}]},{\"@type\":\"BreadcrumbList\",\"@id\":\"https:\/\/cce.it\/de\/bereich-zugluft\/produkt\/glass\/glass-acoustic\/#breadcrumb\",\"itemListElement\":[{\"@type\":\"ListItem\",\"position\":1,\"item\":{\"@type\":\"WebPage\",\"@id\":\"https:\/\/cce.it\/\",\"url\":\"https:\/\/cce.it\/\",\"name\":\"Home\"}},{\"@type\":\"ListItem\",\"position\":2,\"item\":{\"@type\":\"WebPage\",\"@id\":\"https:\/\/cce.it\/de\/bereich-zugluft\/\",\"url\":\"https:\/\/cce.it\/de\/bereich-zugluft\/\",\"name\":\"Bereich Zugluft\"}},{\"@type\":\"ListItem\",\"position\":3,\"item\":{\"@type\":\"WebPage\",\"@id\":\"https:\/\/cce.it\/de\/bereich-zugluft\/produkt\/\",\"url\":\"https:\/\/cce.it\/de\/bereich-zugluft\/produkt\/\",\"name\":\"Kategorien\"}},{\"@type\":\"ListItem\",\"position\":4,\"item\":{\"@type\":\"WebPage\",\"@id\":\"https:\/\/cce.it\/de\/bereich-zugluft\/produkt\/glass\/\",\"url\":\"https:\/\/cce.it\/de\/bereich-zugluft\/produkt\/glass\/\",\"name\":\"Glass\"}},{\"@type\":\"ListItem\",\"position\":5,\"item\":{\"@type\":\"WebPage\",\"@id\":\"https:\/\/cce.it\/de\/bereich-zugluft\/produkt\/glass\/glass-acoustic\/\",\"url\":\"https:\/\/cce.it\/de\/bereich-zugluft\/produkt\/glass\/glass-acoustic\/\",\"name\":\"Glass Acoustic\"}}]}]}<\/script>\n<!-- \/ Yoast SEO plugin. -->","_links":{"self":[{"href":"https:\/\/cce.it\/de\/wp-json\/wp\/v2\/pages\/13145"}],"collection":[{"href":"https:\/\/cce.it\/de\/wp-json\/wp\/v2\/pages"}],"about":[{"href":"https:\/\/cce.it\/de\/wp-json\/wp\/v2\/types\/page"}],"author":[{"embeddable":true,"href":"https:\/\/cce.it\/de\/wp-json\/wp\/v2\/users\/12"}],"replies":[{"embeddable":true,"href":"https:\/\/cce.it\/de\/wp-json\/wp\/v2\/comments?post=13145"}],"version-history":[{"count":7,"href":"https:\/\/cce.it\/de\/wp-json\/wp\/v2\/pages\/13145\/revisions"}],"predecessor-version":[{"id":18351,"href":"https:\/\/cce.it\/de\/wp-json\/wp\/v2\/pages\/13145\/revisions\/18351"}],"up":[{"embeddable":true,"href":"https:\/\/cce.it\/de\/wp-json\/wp\/v2\/pages\/4358"}],"wp:featuredmedia":[{"embeddable":true,"href":"https:\/\/cce.it\/de\/wp-json\/wp\/v2\/media\/15652"}],"wp:attachment":[{"href":"https:\/\/cce.it\/de\/wp-json\/wp\/v2\/media?parent=13145"}],"curies":[{"name":"wp","href":"https:\/\/api.w.org\/{rel}","templated":true}]}}