{"id":13042,"date":"2018-04-19T14:12:05","date_gmt":"2018-04-19T12:12:05","guid":{"rendered":"https:\/\/cce.it\/\/drop-20-mini-one-size\/"},"modified":"2018-07-19T08:52:19","modified_gmt":"2018-07-19T06:52:19","slug":"drop-20-mini-one-size","status":"publish","type":"page","link":"https:\/\/cce.it\/de\/bereich-zugluft\/produkt\/one-size\/drop-20-mini-one-size\/","title":{"rendered":"Drop 20 Mini one size"},"content":{"rendered":"<h5><span style=\"color: #000;\"> INFORMAZIONI<\/span><\/h5>\n<hr \/>\n<p>Dieses absolute Top-Modell mit 20 mm Hub und drei m\u00f6glichen Befestigungsarten ist f\u00fcr 60 Minuten Feuerfestigkeit und 50 dB Schalld\u00e4mmung zerti ziert. Kann auch mit dem Zubeh\u00f6rteil Doppio Pulsante verwendet werden, das eine noch wirksamere Bodenschlie\u00dfung erm&ouml;glicht. Mit dem Zubeh\u00f6rteil Actuator Pivot auch an Pivott\u00fcren anwendbar.<\/p>\n","protected":false},"excerpt":{"rendered":"<p>INFORMAZIONI Dieses absolute Top-Modell mit 20 mm Hub und drei m\u00f6glichen Befestigungsarten ist f\u00fcr 60 Minuten Feuerfestigkeit und 50 dB Schalld\u00e4mmung zerti ziert. Kann auch mit dem Zubeh\u00f6rteil Doppio Pulsante verwendet werden, das eine noch wirksamere Bodenschlie\u00dfung erm&ouml;glicht. Mit dem Zubeh\u00f6rteil Actuator Pivot auch an Pivott\u00fcren anwendbar.<\/p>\n","protected":false},"author":12,"featured_media":15710,"parent":15040,"menu_order":772,"comment_status":"closed","ping_status":"closed","template":"template-antis-product.php","meta":[],"acf":[],"yoast_head":"<!-- This site is optimized with the Yoast SEO plugin v15.0 - https:\/\/yoast.com\/wordpress\/plugins\/seo\/ -->\n<title>Drop 20 Mini one size - CCE<\/title>\n<meta name=\"robots\" content=\"index, follow, max-snippet:-1, max-image-preview:large, max-video-preview:-1\" \/>\n<link rel=\"canonical\" href=\"https:\/\/cce.it\/de\/bereich-zugluft\/produkt\/one-size\/drop-20-mini-one-size\/\" \/>\n<meta property=\"og:locale\" content=\"it_IT\" \/>\n<meta property=\"og:type\" content=\"article\" \/>\n<meta property=\"og:title\" content=\"Drop 20 Mini one size - CCE\" \/>\n<meta property=\"og:description\" content=\"INFORMAZIONI Dieses absolute Top-Modell mit 20 mm Hub und drei m\u00f6glichen Befestigungsarten ist f\u00fcr 60 Minuten Feuerfestigkeit und 50 dB Schalld\u00e4mmung zerti ziert. Kann auch mit dem Zubeh\u00f6rteil Doppio Pulsante verwendet werden, das eine noch wirksamere Bodenschlie\u00dfung erm&ouml;glicht. Mit dem Zubeh\u00f6rteil Actuator Pivot auch an Pivott\u00fcren anwendbar.\" \/>\n<meta property=\"og:url\" content=\"https:\/\/cce.it\/de\/bereich-zugluft\/produkt\/one-size\/drop-20-mini-one-size\/\" \/>\n<meta property=\"og:site_name\" content=\"CCE\" \/>\n<meta property=\"article:modified_time\" content=\"2018-07-19T06:52:19+00:00\" \/>\n<meta property=\"og:image\" content=\"https:\/\/cce.it\/wp-content\/uploads\/asdro60m_solo_cat.jpg\" \/>\n\t<meta property=\"og:image:width\" content=\"1920\" \/>\n\t<meta property=\"og:image:height\" content=\"726\" \/>\n<script type=\"application\/ld+json\" class=\"yoast-schema-graph\">{\"@context\":\"https:\/\/schema.org\",\"@graph\":[{\"@type\":\"WebSite\",\"@id\":\"https:\/\/cce.it\/de\/#website\",\"url\":\"https:\/\/cce.it\/de\/\",\"name\":\"CCE\",\"description\":\"\",\"potentialAction\":[{\"@type\":\"SearchAction\",\"target\":\"https:\/\/cce.it\/de\/?s={search_term_string}\",\"query-input\":\"required name=search_term_string\"}],\"inLanguage\":\"it-IT\"},{\"@type\":\"ImageObject\",\"@id\":\"https:\/\/cce.it\/de\/bereich-zugluft\/produkt\/one-size\/drop-20-mini-one-size\/#primaryimage\",\"inLanguage\":\"it-IT\",\"url\":\"https:\/\/cce.it\/wp-content\/uploads\/asdro60m_solo_cat.jpg\",\"width\":1920,\"height\":726},{\"@type\":\"WebPage\",\"@id\":\"https:\/\/cce.it\/de\/bereich-zugluft\/produkt\/one-size\/drop-20-mini-one-size\/#webpage\",\"url\":\"https:\/\/cce.it\/de\/bereich-zugluft\/produkt\/one-size\/drop-20-mini-one-size\/\",\"name\":\"Drop 20 Mini one size - CCE\",\"isPartOf\":{\"@id\":\"https:\/\/cce.it\/de\/#website\"},\"primaryImageOfPage\":{\"@id\":\"https:\/\/cce.it\/de\/bereich-zugluft\/produkt\/one-size\/drop-20-mini-one-size\/#primaryimage\"},\"datePublished\":\"2018-04-19T12:12:05+00:00\",\"dateModified\":\"2018-07-19T06:52:19+00:00\",\"breadcrumb\":{\"@id\":\"https:\/\/cce.it\/de\/bereich-zugluft\/produkt\/one-size\/drop-20-mini-one-size\/#breadcrumb\"},\"inLanguage\":\"it-IT\",\"potentialAction\":[{\"@type\":\"ReadAction\",\"target\":[\"https:\/\/cce.it\/de\/bereich-zugluft\/produkt\/one-size\/drop-20-mini-one-size\/\"]}]},{\"@type\":\"BreadcrumbList\",\"@id\":\"https:\/\/cce.it\/de\/bereich-zugluft\/produkt\/one-size\/drop-20-mini-one-size\/#breadcrumb\",\"itemListElement\":[{\"@type\":\"ListItem\",\"position\":1,\"item\":{\"@type\":\"WebPage\",\"@id\":\"https:\/\/cce.it\/\",\"url\":\"https:\/\/cce.it\/\",\"name\":\"Home\"}},{\"@type\":\"ListItem\",\"position\":2,\"item\":{\"@type\":\"WebPage\",\"@id\":\"https:\/\/cce.it\/de\/bereich-zugluft\/\",\"url\":\"https:\/\/cce.it\/de\/bereich-zugluft\/\",\"name\":\"Bereich Zugluft\"}},{\"@type\":\"ListItem\",\"position\":3,\"item\":{\"@type\":\"WebPage\",\"@id\":\"https:\/\/cce.it\/de\/bereich-zugluft\/produkt\/\",\"url\":\"https:\/\/cce.it\/de\/bereich-zugluft\/produkt\/\",\"name\":\"Kategorien\"}},{\"@type\":\"ListItem\",\"position\":4,\"item\":{\"@type\":\"WebPage\",\"@id\":\"https:\/\/cce.it\/de\/bereich-zugluft\/produkt\/one-size\/\",\"url\":\"https:\/\/cce.it\/de\/bereich-zugluft\/produkt\/one-size\/\",\"name\":\"One size\"}},{\"@type\":\"ListItem\",\"position\":5,\"item\":{\"@type\":\"WebPage\",\"@id\":\"https:\/\/cce.it\/de\/bereich-zugluft\/produkt\/one-size\/drop-20-mini-one-size\/\",\"url\":\"https:\/\/cce.it\/de\/bereich-zugluft\/produkt\/one-size\/drop-20-mini-one-size\/\",\"name\":\"Drop 20 Mini one size\"}}]}]}<\/script>\n<!-- \/ Yoast SEO plugin. -->","_links":{"self":[{"href":"https:\/\/cce.it\/de\/wp-json\/wp\/v2\/pages\/13042"}],"collection":[{"href":"https:\/\/cce.it\/de\/wp-json\/wp\/v2\/pages"}],"about":[{"href":"https:\/\/cce.it\/de\/wp-json\/wp\/v2\/types\/page"}],"author":[{"embeddable":true,"href":"https:\/\/cce.it\/de\/wp-json\/wp\/v2\/users\/12"}],"replies":[{"embeddable":true,"href":"https:\/\/cce.it\/de\/wp-json\/wp\/v2\/comments?post=13042"}],"version-history":[{"count":10,"href":"https:\/\/cce.it\/de\/wp-json\/wp\/v2\/pages\/13042\/revisions"}],"predecessor-version":[{"id":18208,"href":"https:\/\/cce.it\/de\/wp-json\/wp\/v2\/pages\/13042\/revisions\/18208"}],"up":[{"embeddable":true,"href":"https:\/\/cce.it\/de\/wp-json\/wp\/v2\/pages\/15040"}],"wp:featuredmedia":[{"embeddable":true,"href":"https:\/\/cce.it\/de\/wp-json\/wp\/v2\/media\/15710"}],"wp:attachment":[{"href":"https:\/\/cce.it\/de\/wp-json\/wp\/v2\/media?parent=13042"}],"curies":[{"name":"wp","href":"https:\/\/api.w.org\/{rel}","templated":true}]}}