{"id":126,"date":"2015-02-20T17:10:44","date_gmt":"2015-02-20T16:10:44","guid":{"rendered":"https:\/\/cce.it\/\/divisione-sicurezza\/accessori\/"},"modified":"2015-08-05T09:29:54","modified_gmt":"2015-08-05T07:29:54","slug":"zubehore","status":"publish","type":"page","link":"https:\/\/cce.it\/de\/bereich-sicherheit\/zubehore\/","title":{"rendered":"Zubeh\u00f6re"},"content":{"rendered":"<p>Unsere \u201eZUBEH\u00d6RE\u201c umfasst eine vollst\u00e4ndige Palette von hilfreichen Vorrichtungen und Systemen, die den Einbau der Automatisierungstechnik vereinfachen und gegen das Einklemmen von Fingern an Fl\u00fcgelt\u00fcren sch\u00fctzen.<\/p>\n","protected":false},"excerpt":{"rendered":"<p>Unsere \u201eZUBEH\u00d6RE\u201c umfasst eine vollst\u00e4ndige Palette von hilfreichen Vorrichtungen und Systemen, die den Einbau der Automatisierungstechnik vereinfachen und gegen das Einklemmen von Fingern an Fl\u00fcgelt\u00fcren sch\u00fctzen.<\/p>\n","protected":false},"author":2,"featured_media":0,"parent":48,"menu_order":1336,"comment_status":"closed","ping_status":"open","template":"template-products.php","meta":[],"acf":[],"yoast_head":"<!-- This site is optimized with the Yoast SEO plugin v15.0 - https:\/\/yoast.com\/wordpress\/plugins\/seo\/ -->\n<title>Zubeh\u00f6re - CCE<\/title>\n<meta name=\"robots\" content=\"index, follow, max-snippet:-1, max-image-preview:large, max-video-preview:-1\" \/>\n<link rel=\"canonical\" href=\"https:\/\/cce.it\/de\/bereich-sicherheit\/zubehore\/\" \/>\n<meta property=\"og:locale\" content=\"it_IT\" \/>\n<meta property=\"og:type\" content=\"article\" \/>\n<meta property=\"og:title\" content=\"Zubeh\u00f6re - CCE\" \/>\n<meta property=\"og:description\" content=\"Unsere \u201eZUBEH\u00d6RE\u201c umfasst eine vollst\u00e4ndige Palette von hilfreichen Vorrichtungen und Systemen, die den Einbau der Automatisierungstechnik vereinfachen und gegen das Einklemmen von Fingern an Fl\u00fcgelt\u00fcren sch\u00fctzen.\" \/>\n<meta property=\"og:url\" content=\"https:\/\/cce.it\/de\/bereich-sicherheit\/zubehore\/\" \/>\n<meta property=\"og:site_name\" content=\"CCE\" \/>\n<meta property=\"article:modified_time\" content=\"2015-08-05T07:29:54+00:00\" \/>\n<script type=\"application\/ld+json\" class=\"yoast-schema-graph\">{\"@context\":\"https:\/\/schema.org\",\"@graph\":[{\"@type\":\"WebSite\",\"@id\":\"https:\/\/cce.it\/de\/#website\",\"url\":\"https:\/\/cce.it\/de\/\",\"name\":\"CCE\",\"description\":\"\",\"potentialAction\":[{\"@type\":\"SearchAction\",\"target\":\"https:\/\/cce.it\/de\/?s={search_term_string}\",\"query-input\":\"required name=search_term_string\"}],\"inLanguage\":\"it-IT\"},{\"@type\":\"WebPage\",\"@id\":\"https:\/\/cce.it\/de\/bereich-sicherheit\/zubehore\/#webpage\",\"url\":\"https:\/\/cce.it\/de\/bereich-sicherheit\/zubehore\/\",\"name\":\"Zubeh\\u00f6re - CCE\",\"isPartOf\":{\"@id\":\"https:\/\/cce.it\/de\/#website\"},\"datePublished\":\"2015-02-20T16:10:44+00:00\",\"dateModified\":\"2015-08-05T07:29:54+00:00\",\"breadcrumb\":{\"@id\":\"https:\/\/cce.it\/de\/bereich-sicherheit\/zubehore\/#breadcrumb\"},\"inLanguage\":\"it-IT\",\"potentialAction\":[{\"@type\":\"ReadAction\",\"target\":[\"https:\/\/cce.it\/de\/bereich-sicherheit\/zubehore\/\"]}]},{\"@type\":\"BreadcrumbList\",\"@id\":\"https:\/\/cce.it\/de\/bereich-sicherheit\/zubehore\/#breadcrumb\",\"itemListElement\":[{\"@type\":\"ListItem\",\"position\":1,\"item\":{\"@type\":\"WebPage\",\"@id\":\"https:\/\/cce.it\/\",\"url\":\"https:\/\/cce.it\/\",\"name\":\"Home\"}},{\"@type\":\"ListItem\",\"position\":2,\"item\":{\"@type\":\"WebPage\",\"@id\":\"https:\/\/cce.it\/de\/bereich-sicherheit\/\",\"url\":\"https:\/\/cce.it\/de\/bereich-sicherheit\/\",\"name\":\"Bereich Sicherheit\"}},{\"@type\":\"ListItem\",\"position\":3,\"item\":{\"@type\":\"WebPage\",\"@id\":\"https:\/\/cce.it\/de\/bereich-sicherheit\/zubehore\/\",\"url\":\"https:\/\/cce.it\/de\/bereich-sicherheit\/zubehore\/\",\"name\":\"Zubeh\\u00f6re\"}}]}]}<\/script>\n<!-- \/ Yoast SEO plugin. -->","_links":{"self":[{"href":"https:\/\/cce.it\/de\/wp-json\/wp\/v2\/pages\/126"}],"collection":[{"href":"https:\/\/cce.it\/de\/wp-json\/wp\/v2\/pages"}],"about":[{"href":"https:\/\/cce.it\/de\/wp-json\/wp\/v2\/types\/page"}],"author":[{"embeddable":true,"href":"https:\/\/cce.it\/de\/wp-json\/wp\/v2\/users\/2"}],"replies":[{"embeddable":true,"href":"https:\/\/cce.it\/de\/wp-json\/wp\/v2\/comments?post=126"}],"version-history":[{"count":4,"href":"https:\/\/cce.it\/de\/wp-json\/wp\/v2\/pages\/126\/revisions"}],"predecessor-version":[{"id":6606,"href":"https:\/\/cce.it\/de\/wp-json\/wp\/v2\/pages\/126\/revisions\/6606"}],"up":[{"embeddable":true,"href":"https:\/\/cce.it\/de\/wp-json\/wp\/v2\/pages\/48"}],"wp:attachment":[{"href":"https:\/\/cce.it\/de\/wp-json\/wp\/v2\/media?parent=126"}],"curies":[{"name":"wp","href":"https:\/\/api.w.org\/{rel}","templated":true}]}}