{"id":12425,"date":"2017-05-30T16:07:54","date_gmt":"2017-05-30T14:07:54","guid":{"rendered":"https:\/\/cce.it\/\/bereich-zugluft\/produkt\/glass\/glass-lip-slide-2\/"},"modified":"2018-07-19T10:00:42","modified_gmt":"2018-07-19T08:00:42","slug":"glass-lip-slide-2","status":"publish","type":"page","link":"https:\/\/cce.it\/de\/bereich-zugluft\/produkt\/glass\/glass-lip-slide-2\/","title":{"rendered":"Glass Lip Slide"},"content":{"rendered":"<h5><span> INFORMATION<\/span><\/h5>\n<hr \/>\n<p>GLASS LIP SLIDE ist eine einfach und schnell zu montierende Dichtung f\u00fcr Glasschiebet\u00fcren, die mit einem starken Klebestreifen befestigt wird. Die millimeterweise durch Abrei\u00dfen k&uuml;rzbare Dichtlippe erm\u00f6glicht das Schlie\u00dfen von 12 bis 30 mm breiten Spalten an 8 bis 14 mm starken Glasscheiben.<\/p>\n","protected":false},"excerpt":{"rendered":"<p>INFORMATION GLASS LIP SLIDE ist eine einfach und schnell zu montierende Dichtung f\u00fcr Glasschiebet\u00fcren, die mit einem starken Klebestreifen befestigt wird. Die millimeterweise durch Abrei\u00dfen k&uuml;rzbare Dichtlippe erm\u00f6glicht das Schlie\u00dfen von 12 bis 30 mm breiten Spalten an 8 bis 14 mm starken Glasscheiben.<\/p>\n","protected":false},"author":12,"featured_media":17759,"parent":4358,"menu_order":669,"comment_status":"closed","ping_status":"closed","template":"template-antis-product.php","meta":[],"acf":[],"yoast_head":"<!-- This site is optimized with the Yoast SEO plugin v15.0 - https:\/\/yoast.com\/wordpress\/plugins\/seo\/ -->\n<title>Glass Lip Slide - CCE<\/title>\n<meta name=\"robots\" content=\"index, follow, max-snippet:-1, max-image-preview:large, max-video-preview:-1\" \/>\n<link rel=\"canonical\" href=\"https:\/\/cce.it\/de\/bereich-zugluft\/produkt\/glass\/glass-lip-slide-2\/\" \/>\n<meta property=\"og:locale\" content=\"it_IT\" \/>\n<meta property=\"og:type\" content=\"article\" \/>\n<meta property=\"og:title\" content=\"Glass Lip Slide - CCE\" \/>\n<meta property=\"og:description\" content=\"INFORMATION GLASS LIP SLIDE ist eine einfach und schnell zu montierende Dichtung f\u00fcr Glasschiebet\u00fcren, die mit einem starken Klebestreifen befestigt wird. Die millimeterweise durch Abrei\u00dfen k&uuml;rzbare Dichtlippe erm\u00f6glicht das Schlie\u00dfen von 12 bis 30 mm breiten Spalten an 8 bis 14 mm starken Glasscheiben.\" \/>\n<meta property=\"og:url\" content=\"https:\/\/cce.it\/de\/bereich-zugluft\/produkt\/glass\/glass-lip-slide-2\/\" \/>\n<meta property=\"og:site_name\" content=\"CCE\" \/>\n<meta property=\"article:modified_time\" content=\"2018-07-19T08:00:42+00:00\" \/>\n<meta property=\"og:image\" content=\"https:\/\/cce.it\/wp-content\/uploads\/glasslips.png\" \/>\n\t<meta property=\"og:image:width\" content=\"1920\" \/>\n\t<meta property=\"og:image:height\" content=\"726\" \/>\n<script type=\"application\/ld+json\" class=\"yoast-schema-graph\">{\"@context\":\"https:\/\/schema.org\",\"@graph\":[{\"@type\":\"WebSite\",\"@id\":\"https:\/\/cce.it\/de\/#website\",\"url\":\"https:\/\/cce.it\/de\/\",\"name\":\"CCE\",\"description\":\"\",\"potentialAction\":[{\"@type\":\"SearchAction\",\"target\":\"https:\/\/cce.it\/de\/?s={search_term_string}\",\"query-input\":\"required name=search_term_string\"}],\"inLanguage\":\"it-IT\"},{\"@type\":\"ImageObject\",\"@id\":\"https:\/\/cce.it\/de\/bereich-zugluft\/produkt\/glass\/glass-lip-slide-2\/#primaryimage\",\"inLanguage\":\"it-IT\",\"url\":\"https:\/\/cce.it\/wp-content\/uploads\/glasslips.png\",\"width\":1920,\"height\":726},{\"@type\":\"WebPage\",\"@id\":\"https:\/\/cce.it\/de\/bereich-zugluft\/produkt\/glass\/glass-lip-slide-2\/#webpage\",\"url\":\"https:\/\/cce.it\/de\/bereich-zugluft\/produkt\/glass\/glass-lip-slide-2\/\",\"name\":\"Glass Lip Slide - CCE\",\"isPartOf\":{\"@id\":\"https:\/\/cce.it\/de\/#website\"},\"primaryImageOfPage\":{\"@id\":\"https:\/\/cce.it\/de\/bereich-zugluft\/produkt\/glass\/glass-lip-slide-2\/#primaryimage\"},\"datePublished\":\"2017-05-30T14:07:54+00:00\",\"dateModified\":\"2018-07-19T08:00:42+00:00\",\"breadcrumb\":{\"@id\":\"https:\/\/cce.it\/de\/bereich-zugluft\/produkt\/glass\/glass-lip-slide-2\/#breadcrumb\"},\"inLanguage\":\"it-IT\",\"potentialAction\":[{\"@type\":\"ReadAction\",\"target\":[\"https:\/\/cce.it\/de\/bereich-zugluft\/produkt\/glass\/glass-lip-slide-2\/\"]}]},{\"@type\":\"BreadcrumbList\",\"@id\":\"https:\/\/cce.it\/de\/bereich-zugluft\/produkt\/glass\/glass-lip-slide-2\/#breadcrumb\",\"itemListElement\":[{\"@type\":\"ListItem\",\"position\":1,\"item\":{\"@type\":\"WebPage\",\"@id\":\"https:\/\/cce.it\/\",\"url\":\"https:\/\/cce.it\/\",\"name\":\"Home\"}},{\"@type\":\"ListItem\",\"position\":2,\"item\":{\"@type\":\"WebPage\",\"@id\":\"https:\/\/cce.it\/de\/bereich-zugluft\/\",\"url\":\"https:\/\/cce.it\/de\/bereich-zugluft\/\",\"name\":\"Bereich Zugluft\"}},{\"@type\":\"ListItem\",\"position\":3,\"item\":{\"@type\":\"WebPage\",\"@id\":\"https:\/\/cce.it\/de\/bereich-zugluft\/produkt\/\",\"url\":\"https:\/\/cce.it\/de\/bereich-zugluft\/produkt\/\",\"name\":\"Kategorien\"}},{\"@type\":\"ListItem\",\"position\":4,\"item\":{\"@type\":\"WebPage\",\"@id\":\"https:\/\/cce.it\/de\/bereich-zugluft\/produkt\/glass\/\",\"url\":\"https:\/\/cce.it\/de\/bereich-zugluft\/produkt\/glass\/\",\"name\":\"Glass\"}},{\"@type\":\"ListItem\",\"position\":5,\"item\":{\"@type\":\"WebPage\",\"@id\":\"https:\/\/cce.it\/de\/bereich-zugluft\/produkt\/glass\/glass-lip-slide-2\/\",\"url\":\"https:\/\/cce.it\/de\/bereich-zugluft\/produkt\/glass\/glass-lip-slide-2\/\",\"name\":\"Glass Lip Slide\"}}]}]}<\/script>\n<!-- \/ Yoast SEO plugin. -->","_links":{"self":[{"href":"https:\/\/cce.it\/de\/wp-json\/wp\/v2\/pages\/12425"}],"collection":[{"href":"https:\/\/cce.it\/de\/wp-json\/wp\/v2\/pages"}],"about":[{"href":"https:\/\/cce.it\/de\/wp-json\/wp\/v2\/types\/page"}],"author":[{"embeddable":true,"href":"https:\/\/cce.it\/de\/wp-json\/wp\/v2\/users\/12"}],"replies":[{"embeddable":true,"href":"https:\/\/cce.it\/de\/wp-json\/wp\/v2\/comments?post=12425"}],"version-history":[{"count":9,"href":"https:\/\/cce.it\/de\/wp-json\/wp\/v2\/pages\/12425\/revisions"}],"predecessor-version":[{"id":18363,"href":"https:\/\/cce.it\/de\/wp-json\/wp\/v2\/pages\/12425\/revisions\/18363"}],"up":[{"embeddable":true,"href":"https:\/\/cce.it\/de\/wp-json\/wp\/v2\/pages\/4358"}],"wp:featuredmedia":[{"embeddable":true,"href":"https:\/\/cce.it\/de\/wp-json\/wp\/v2\/media\/17759"}],"wp:attachment":[{"href":"https:\/\/cce.it\/de\/wp-json\/wp\/v2\/media?parent=12425"}],"curies":[{"name":"wp","href":"https:\/\/api.w.org\/{rel}","templated":true}]}}