{"id":12283,"date":"2018-05-02T10:32:33","date_gmt":"2018-05-02T08:32:33","guid":{"rendered":"https:\/\/cce.it\/\/tecnostop-radio\/"},"modified":"2018-07-18T16:58:58","modified_gmt":"2018-07-18T14:58:58","slug":"tecnostop-radio","status":"publish","type":"page","link":"https:\/\/cce.it\/de\/bereich-sicherheit\/produkt\/tecnostop\/tecnostop-radio\/","title":{"rendered":"Tecnostop Proto"},"content":{"rendered":"<h5><span style=\"color: #000;\"> INFORMATION <\/span><\/h5>\n<hr \/>\n<p><strong>TECNOSTOP<\/strong> ist eine vollst&auml;ndig aus koextruiertem Kunststoff bestehende Kontaktleiste, die besonders f\u00fcr Kipp- und Schwenktore ausgelegt ist. Sie ist leicht und einfach zu verlegen, arbeitet mit dichten Mikroschaltern und eignet sich wegen ihrer besonderen Wasserbest\u00e4ndigkeit besonders f\u00fcr den Gebrauch im Au\u00dfenbereich.<\/p>\n","protected":false},"excerpt":{"rendered":"<p>INFORMATION TECNOSTOP ist eine vollst&auml;ndig aus koextruiertem Kunststoff bestehende Kontaktleiste, die besonders f\u00fcr Kipp- und Schwenktore ausgelegt ist. Sie ist leicht und einfach zu verlegen, arbeitet mit dichten Mikroschaltern und eignet sich wegen ihrer besonderen Wasserbest\u00e4ndigkeit besonders f\u00fcr den Gebrauch im Au\u00dfenbereich.<\/p>\n","protected":false},"author":12,"featured_media":16200,"parent":5026,"menu_order":1223,"comment_status":"closed","ping_status":"closed","template":"template-sicurezza-product.php","meta":[],"acf":[],"yoast_head":"<!-- This site is optimized with the Yoast SEO plugin v15.0 - https:\/\/yoast.com\/wordpress\/plugins\/seo\/ -->\n<title>Tecnostop Proto - CCE<\/title>\n<meta name=\"robots\" content=\"index, follow, max-snippet:-1, max-image-preview:large, max-video-preview:-1\" \/>\n<link rel=\"canonical\" href=\"https:\/\/cce.it\/de\/bereich-sicherheit\/produkt\/tecnostop\/tecnostop-radio\/\" \/>\n<meta property=\"og:locale\" content=\"it_IT\" \/>\n<meta property=\"og:type\" content=\"article\" \/>\n<meta property=\"og:title\" content=\"Tecnostop Proto - CCE\" \/>\n<meta property=\"og:description\" content=\"INFORMATION TECNOSTOP ist eine vollst&auml;ndig aus koextruiertem Kunststoff bestehende Kontaktleiste, die besonders f\u00fcr Kipp- und Schwenktore ausgelegt ist. Sie ist leicht und einfach zu verlegen, arbeitet mit dichten Mikroschaltern und eignet sich wegen ihrer besonderen Wasserbest\u00e4ndigkeit besonders f\u00fcr den Gebrauch im Au\u00dfenbereich.\" \/>\n<meta property=\"og:url\" content=\"https:\/\/cce.it\/de\/bereich-sicherheit\/produkt\/tecnostop\/tecnostop-radio\/\" \/>\n<meta property=\"og:site_name\" content=\"CCE\" \/>\n<meta property=\"article:modified_time\" content=\"2018-07-18T14:58:58+00:00\" \/>\n<meta property=\"og:image\" content=\"https:\/\/cce.it\/wp-content\/uploads\/tecnopr_testata.jpg\" \/>\n\t<meta property=\"og:image:width\" content=\"1920\" \/>\n\t<meta property=\"og:image:height\" content=\"726\" \/>\n<script type=\"application\/ld+json\" class=\"yoast-schema-graph\">{\"@context\":\"https:\/\/schema.org\",\"@graph\":[{\"@type\":\"WebSite\",\"@id\":\"https:\/\/cce.it\/de\/#website\",\"url\":\"https:\/\/cce.it\/de\/\",\"name\":\"CCE\",\"description\":\"\",\"potentialAction\":[{\"@type\":\"SearchAction\",\"target\":\"https:\/\/cce.it\/de\/?s={search_term_string}\",\"query-input\":\"required name=search_term_string\"}],\"inLanguage\":\"it-IT\"},{\"@type\":\"ImageObject\",\"@id\":\"https:\/\/cce.it\/de\/bereich-sicherheit\/produkt\/tecnostop\/tecnostop-radio\/#primaryimage\",\"inLanguage\":\"it-IT\",\"url\":\"https:\/\/cce.it\/wp-content\/uploads\/tecnopr_testata.jpg\",\"width\":1920,\"height\":726},{\"@type\":\"WebPage\",\"@id\":\"https:\/\/cce.it\/de\/bereich-sicherheit\/produkt\/tecnostop\/tecnostop-radio\/#webpage\",\"url\":\"https:\/\/cce.it\/de\/bereich-sicherheit\/produkt\/tecnostop\/tecnostop-radio\/\",\"name\":\"Tecnostop Proto - CCE\",\"isPartOf\":{\"@id\":\"https:\/\/cce.it\/de\/#website\"},\"primaryImageOfPage\":{\"@id\":\"https:\/\/cce.it\/de\/bereich-sicherheit\/produkt\/tecnostop\/tecnostop-radio\/#primaryimage\"},\"datePublished\":\"2018-05-02T08:32:33+00:00\",\"dateModified\":\"2018-07-18T14:58:58+00:00\",\"breadcrumb\":{\"@id\":\"https:\/\/cce.it\/de\/bereich-sicherheit\/produkt\/tecnostop\/tecnostop-radio\/#breadcrumb\"},\"inLanguage\":\"it-IT\",\"potentialAction\":[{\"@type\":\"ReadAction\",\"target\":[\"https:\/\/cce.it\/de\/bereich-sicherheit\/produkt\/tecnostop\/tecnostop-radio\/\"]}]},{\"@type\":\"BreadcrumbList\",\"@id\":\"https:\/\/cce.it\/de\/bereich-sicherheit\/produkt\/tecnostop\/tecnostop-radio\/#breadcrumb\",\"itemListElement\":[{\"@type\":\"ListItem\",\"position\":1,\"item\":{\"@type\":\"WebPage\",\"@id\":\"https:\/\/cce.it\/\",\"url\":\"https:\/\/cce.it\/\",\"name\":\"Home\"}},{\"@type\":\"ListItem\",\"position\":2,\"item\":{\"@type\":\"WebPage\",\"@id\":\"https:\/\/cce.it\/de\/bereich-sicherheit\/\",\"url\":\"https:\/\/cce.it\/de\/bereich-sicherheit\/\",\"name\":\"Bereich Sicherheit\"}},{\"@type\":\"ListItem\",\"position\":3,\"item\":{\"@type\":\"WebPage\",\"@id\":\"https:\/\/cce.it\/de\/bereich-sicherheit\/produkt\/\",\"url\":\"https:\/\/cce.it\/de\/bereich-sicherheit\/produkt\/\",\"name\":\"Kategorien\"}},{\"@type\":\"ListItem\",\"position\":4,\"item\":{\"@type\":\"WebPage\",\"@id\":\"https:\/\/cce.it\/de\/bereich-sicherheit\/produkt\/tecnostop\/\",\"url\":\"https:\/\/cce.it\/de\/bereich-sicherheit\/produkt\/tecnostop\/\",\"name\":\"Tecnostop\"}},{\"@type\":\"ListItem\",\"position\":5,\"item\":{\"@type\":\"WebPage\",\"@id\":\"https:\/\/cce.it\/de\/bereich-sicherheit\/produkt\/tecnostop\/tecnostop-radio\/\",\"url\":\"https:\/\/cce.it\/de\/bereich-sicherheit\/produkt\/tecnostop\/tecnostop-radio\/\",\"name\":\"Tecnostop Proto\"}}]}]}<\/script>\n<!-- \/ Yoast SEO plugin. -->","_links":{"self":[{"href":"https:\/\/cce.it\/de\/wp-json\/wp\/v2\/pages\/12283"}],"collection":[{"href":"https:\/\/cce.it\/de\/wp-json\/wp\/v2\/pages"}],"about":[{"href":"https:\/\/cce.it\/de\/wp-json\/wp\/v2\/types\/page"}],"author":[{"embeddable":true,"href":"https:\/\/cce.it\/de\/wp-json\/wp\/v2\/users\/12"}],"replies":[{"embeddable":true,"href":"https:\/\/cce.it\/de\/wp-json\/wp\/v2\/comments?post=12283"}],"version-history":[{"count":5,"href":"https:\/\/cce.it\/de\/wp-json\/wp\/v2\/pages\/12283\/revisions"}],"predecessor-version":[{"id":18127,"href":"https:\/\/cce.it\/de\/wp-json\/wp\/v2\/pages\/12283\/revisions\/18127"}],"up":[{"embeddable":true,"href":"https:\/\/cce.it\/de\/wp-json\/wp\/v2\/pages\/5026"}],"wp:featuredmedia":[{"embeddable":true,"href":"https:\/\/cce.it\/de\/wp-json\/wp\/v2\/media\/16200"}],"wp:attachment":[{"href":"https:\/\/cce.it\/de\/wp-json\/wp\/v2\/media?parent=12283"}],"curies":[{"name":"wp","href":"https:\/\/api.w.org\/{rel}","templated":true}]}}