{"id":12009,"date":"2018-04-18T14:11:33","date_gmt":"2018-04-18T12:11:33","guid":{"rendered":"https:\/\/cce.it\/\/piccola-cnd-kit\/"},"modified":"2018-07-18T16:36:13","modified_gmt":"2018-07-18T14:36:13","slug":"piccola-cnd-kit","status":"publish","type":"page","link":"https:\/\/cce.it\/de\/bereich-sicherheit\/produkt\/piccola-cnd\/piccola-cnd-kit\/","title":{"rendered":"Piccola CND kit"},"content":{"rendered":"<h5><span style=\"color: #000;\"> INFORMATION <\/span><\/h5>\n<hr \/>\n<p>Das Modell <strong>PICCOLA CND<\/strong> kann sowohl auf Drehtoren angewendet werden, um den Scherpunkt zwischen dem Torblatt und dem Pfosten zu sch\u00fctzen, als auch im Industriebereich als Sicherheitsleiste an Maschinen. Erh&auml;ltlich sowohl als fertige St\u00e4be als auch als bequeme Sets f\u00fcr das Zusammensetzen in beliebig lange Teile.<\/p>\n","protected":false},"excerpt":{"rendered":"<p>INFORMATION Das Modell PICCOLA CND kann sowohl auf Drehtoren angewendet werden, um den Scherpunkt zwischen dem Torblatt und dem Pfosten zu sch\u00fctzen, als auch im Industriebereich als Sicherheitsleiste an Maschinen. Erh&auml;ltlich sowohl als fertige St\u00e4be als auch als bequeme Sets f\u00fcr das Zusammensetzen in beliebig lange Teile.<\/p>\n","protected":false},"author":12,"featured_media":16122,"parent":12008,"menu_order":985,"comment_status":"closed","ping_status":"closed","template":"template-sicurezza-product.php","meta":[],"acf":[],"yoast_head":"<!-- This site is optimized with the Yoast SEO plugin v15.0 - https:\/\/yoast.com\/wordpress\/plugins\/seo\/ -->\n<title>Piccola CND kit - CCE<\/title>\n<meta name=\"robots\" content=\"index, follow, max-snippet:-1, max-image-preview:large, max-video-preview:-1\" \/>\n<link rel=\"canonical\" href=\"https:\/\/cce.it\/de\/bereich-sicherheit\/produkt\/piccola-cnd\/piccola-cnd-kit\/\" \/>\n<meta property=\"og:locale\" content=\"it_IT\" \/>\n<meta property=\"og:type\" content=\"article\" \/>\n<meta property=\"og:title\" content=\"Piccola CND kit - CCE\" \/>\n<meta property=\"og:description\" content=\"INFORMATION Das Modell PICCOLA CND kann sowohl auf Drehtoren angewendet werden, um den Scherpunkt zwischen dem Torblatt und dem Pfosten zu sch\u00fctzen, als auch im Industriebereich als Sicherheitsleiste an Maschinen. Erh&auml;ltlich sowohl als fertige St\u00e4be als auch als bequeme Sets f\u00fcr das Zusammensetzen in beliebig lange Teile.\" \/>\n<meta property=\"og:url\" content=\"https:\/\/cce.it\/de\/bereich-sicherheit\/produkt\/piccola-cnd\/piccola-cnd-kit\/\" \/>\n<meta property=\"og:site_name\" content=\"CCE\" \/>\n<meta property=\"article:modified_time\" content=\"2018-07-18T14:36:13+00:00\" \/>\n<meta property=\"og:image\" content=\"https:\/\/cce.it\/wp-content\/uploads\/piccolakit_testata.jpg\" \/>\n\t<meta property=\"og:image:width\" content=\"1920\" \/>\n\t<meta property=\"og:image:height\" content=\"726\" \/>\n<script type=\"application\/ld+json\" class=\"yoast-schema-graph\">{\"@context\":\"https:\/\/schema.org\",\"@graph\":[{\"@type\":\"WebSite\",\"@id\":\"https:\/\/cce.it\/de\/#website\",\"url\":\"https:\/\/cce.it\/de\/\",\"name\":\"CCE\",\"description\":\"\",\"potentialAction\":[{\"@type\":\"SearchAction\",\"target\":\"https:\/\/cce.it\/de\/?s={search_term_string}\",\"query-input\":\"required name=search_term_string\"}],\"inLanguage\":\"it-IT\"},{\"@type\":\"ImageObject\",\"@id\":\"https:\/\/cce.it\/de\/bereich-sicherheit\/produkt\/piccola-cnd\/piccola-cnd-kit\/#primaryimage\",\"inLanguage\":\"it-IT\",\"url\":\"https:\/\/cce.it\/wp-content\/uploads\/piccolakit_testata.jpg\",\"width\":1920,\"height\":726},{\"@type\":\"WebPage\",\"@id\":\"https:\/\/cce.it\/de\/bereich-sicherheit\/produkt\/piccola-cnd\/piccola-cnd-kit\/#webpage\",\"url\":\"https:\/\/cce.it\/de\/bereich-sicherheit\/produkt\/piccola-cnd\/piccola-cnd-kit\/\",\"name\":\"Piccola CND kit - CCE\",\"isPartOf\":{\"@id\":\"https:\/\/cce.it\/de\/#website\"},\"primaryImageOfPage\":{\"@id\":\"https:\/\/cce.it\/de\/bereich-sicherheit\/produkt\/piccola-cnd\/piccola-cnd-kit\/#primaryimage\"},\"datePublished\":\"2018-04-18T12:11:33+00:00\",\"dateModified\":\"2018-07-18T14:36:13+00:00\",\"breadcrumb\":{\"@id\":\"https:\/\/cce.it\/de\/bereich-sicherheit\/produkt\/piccola-cnd\/piccola-cnd-kit\/#breadcrumb\"},\"inLanguage\":\"it-IT\",\"potentialAction\":[{\"@type\":\"ReadAction\",\"target\":[\"https:\/\/cce.it\/de\/bereich-sicherheit\/produkt\/piccola-cnd\/piccola-cnd-kit\/\"]}]},{\"@type\":\"BreadcrumbList\",\"@id\":\"https:\/\/cce.it\/de\/bereich-sicherheit\/produkt\/piccola-cnd\/piccola-cnd-kit\/#breadcrumb\",\"itemListElement\":[{\"@type\":\"ListItem\",\"position\":1,\"item\":{\"@type\":\"WebPage\",\"@id\":\"https:\/\/cce.it\/\",\"url\":\"https:\/\/cce.it\/\",\"name\":\"Home\"}},{\"@type\":\"ListItem\",\"position\":2,\"item\":{\"@type\":\"WebPage\",\"@id\":\"https:\/\/cce.it\/de\/bereich-sicherheit\/\",\"url\":\"https:\/\/cce.it\/de\/bereich-sicherheit\/\",\"name\":\"Bereich Sicherheit\"}},{\"@type\":\"ListItem\",\"position\":3,\"item\":{\"@type\":\"WebPage\",\"@id\":\"https:\/\/cce.it\/de\/bereich-sicherheit\/produkt\/\",\"url\":\"https:\/\/cce.it\/de\/bereich-sicherheit\/produkt\/\",\"name\":\"Kategorien\"}},{\"@type\":\"ListItem\",\"position\":4,\"item\":{\"@type\":\"WebPage\",\"@id\":\"https:\/\/cce.it\/de\/bereich-sicherheit\/produkt\/piccola-cnd\/\",\"url\":\"https:\/\/cce.it\/de\/bereich-sicherheit\/produkt\/piccola-cnd\/\",\"name\":\"Piccola CND\"}},{\"@type\":\"ListItem\",\"position\":5,\"item\":{\"@type\":\"WebPage\",\"@id\":\"https:\/\/cce.it\/de\/bereich-sicherheit\/produkt\/piccola-cnd\/piccola-cnd-kit\/\",\"url\":\"https:\/\/cce.it\/de\/bereich-sicherheit\/produkt\/piccola-cnd\/piccola-cnd-kit\/\",\"name\":\"Piccola CND kit\"}}]}]}<\/script>\n<!-- \/ Yoast SEO plugin. -->","_links":{"self":[{"href":"https:\/\/cce.it\/de\/wp-json\/wp\/v2\/pages\/12009"}],"collection":[{"href":"https:\/\/cce.it\/de\/wp-json\/wp\/v2\/pages"}],"about":[{"href":"https:\/\/cce.it\/de\/wp-json\/wp\/v2\/types\/page"}],"author":[{"embeddable":true,"href":"https:\/\/cce.it\/de\/wp-json\/wp\/v2\/users\/12"}],"replies":[{"embeddable":true,"href":"https:\/\/cce.it\/de\/wp-json\/wp\/v2\/comments?post=12009"}],"version-history":[{"count":5,"href":"https:\/\/cce.it\/de\/wp-json\/wp\/v2\/pages\/12009\/revisions"}],"predecessor-version":[{"id":18106,"href":"https:\/\/cce.it\/de\/wp-json\/wp\/v2\/pages\/12009\/revisions\/18106"}],"up":[{"embeddable":true,"href":"https:\/\/cce.it\/de\/wp-json\/wp\/v2\/pages\/12008"}],"wp:featuredmedia":[{"embeddable":true,"href":"https:\/\/cce.it\/de\/wp-json\/wp\/v2\/media\/16122"}],"wp:attachment":[{"href":"https:\/\/cce.it\/de\/wp-json\/wp\/v2\/media?parent=12009"}],"curies":[{"name":"wp","href":"https:\/\/api.w.org\/{rel}","templated":true}]}}