{"id":11956,"date":"2018-04-18T16:01:25","date_gmt":"2018-04-18T14:01:25","guid":{"rendered":"https:\/\/cce.it\/\/compatta-passiva\/"},"modified":"2018-07-25T14:11:02","modified_gmt":"2018-07-25T12:11:02","slug":"compatta-passiva","status":"publish","type":"page","link":"https:\/\/cce.it\/de\/bereich-sicherheit\/produkt\/passiva\/compatta-passiva\/","title":{"rendered":"Compatta passiva"},"content":{"rendered":"<h5>INFORMATION<\/h5>\n<hr \/>\n<p>Alle Kontaktleisten f\u00fcr Schiebetore von C.C.E. sind auch in einer Ausf\u00fchrung ohne integrierte Elektronik erh&auml;ltlich. <strong>PASSIVA<\/strong> ist eine Reihe von Klemmschutzvorrichtungen mit verschiedensten Abmessungen, welche als Zubeh\u00f6r f\u00fcr Schiebetore verwendbar sind, um dort St\u00f6\u00dfe abzud\u00e4mpfen.<\/p>\n","protected":false},"excerpt":{"rendered":"<p>INFORMATION Alle Kontaktleisten f\u00fcr Schiebetore von C.C.E. sind auch in einer Ausf\u00fchrung ohne integrierte Elektronik erh&auml;ltlich. PASSIVA ist eine Reihe von Klemmschutzvorrichtungen mit verschiedensten Abmessungen, welche als Zubeh\u00f6r f\u00fcr Schiebetore verwendbar sind, um dort St\u00f6\u00dfe abzud\u00e4mpfen.<\/p>\n","protected":false},"author":12,"featured_media":15978,"parent":5025,"menu_order":375,"comment_status":"closed","ping_status":"closed","template":"template-sicurezza-product.php","meta":[],"acf":[],"yoast_head":"<!-- This site is optimized with the Yoast SEO plugin v15.0 - https:\/\/yoast.com\/wordpress\/plugins\/seo\/ -->\n<title>Compatta passiva - CCE<\/title>\n<meta name=\"robots\" content=\"index, follow, max-snippet:-1, max-image-preview:large, max-video-preview:-1\" \/>\n<link rel=\"canonical\" href=\"https:\/\/cce.it\/de\/bereich-sicherheit\/produkt\/passiva\/compatta-passiva\/\" \/>\n<meta property=\"og:locale\" content=\"it_IT\" \/>\n<meta property=\"og:type\" content=\"article\" \/>\n<meta property=\"og:title\" content=\"Compatta passiva - CCE\" \/>\n<meta property=\"og:description\" content=\"INFORMATION Alle Kontaktleisten f\u00fcr Schiebetore von C.C.E. sind auch in einer Ausf\u00fchrung ohne integrierte Elektronik erh&auml;ltlich. PASSIVA ist eine Reihe von Klemmschutzvorrichtungen mit verschiedensten Abmessungen, welche als Zubeh\u00f6r f\u00fcr Schiebetore verwendbar sind, um dort St\u00f6\u00dfe abzud\u00e4mpfen.\" \/>\n<meta property=\"og:url\" content=\"https:\/\/cce.it\/de\/bereich-sicherheit\/produkt\/passiva\/compatta-passiva\/\" \/>\n<meta property=\"og:site_name\" content=\"CCE\" \/>\n<meta property=\"article:modified_time\" content=\"2018-07-25T12:11:02+00:00\" \/>\n<meta property=\"og:image\" content=\"https:\/\/cce.it\/wp-content\/uploads\/compapassiva_testata.jpg\" \/>\n\t<meta property=\"og:image:width\" content=\"1920\" \/>\n\t<meta property=\"og:image:height\" content=\"726\" \/>\n<script type=\"application\/ld+json\" class=\"yoast-schema-graph\">{\"@context\":\"https:\/\/schema.org\",\"@graph\":[{\"@type\":\"WebSite\",\"@id\":\"https:\/\/cce.it\/de\/#website\",\"url\":\"https:\/\/cce.it\/de\/\",\"name\":\"CCE\",\"description\":\"\",\"potentialAction\":[{\"@type\":\"SearchAction\",\"target\":\"https:\/\/cce.it\/de\/?s={search_term_string}\",\"query-input\":\"required name=search_term_string\"}],\"inLanguage\":\"it-IT\"},{\"@type\":\"ImageObject\",\"@id\":\"https:\/\/cce.it\/de\/bereich-sicherheit\/produkt\/passiva\/compatta-passiva\/#primaryimage\",\"inLanguage\":\"it-IT\",\"url\":\"https:\/\/cce.it\/wp-content\/uploads\/compapassiva_testata.jpg\",\"width\":1920,\"height\":726},{\"@type\":\"WebPage\",\"@id\":\"https:\/\/cce.it\/de\/bereich-sicherheit\/produkt\/passiva\/compatta-passiva\/#webpage\",\"url\":\"https:\/\/cce.it\/de\/bereich-sicherheit\/produkt\/passiva\/compatta-passiva\/\",\"name\":\"Compatta passiva - CCE\",\"isPartOf\":{\"@id\":\"https:\/\/cce.it\/de\/#website\"},\"primaryImageOfPage\":{\"@id\":\"https:\/\/cce.it\/de\/bereich-sicherheit\/produkt\/passiva\/compatta-passiva\/#primaryimage\"},\"datePublished\":\"2018-04-18T14:01:25+00:00\",\"dateModified\":\"2018-07-25T12:11:02+00:00\",\"breadcrumb\":{\"@id\":\"https:\/\/cce.it\/de\/bereich-sicherheit\/produkt\/passiva\/compatta-passiva\/#breadcrumb\"},\"inLanguage\":\"it-IT\",\"potentialAction\":[{\"@type\":\"ReadAction\",\"target\":[\"https:\/\/cce.it\/de\/bereich-sicherheit\/produkt\/passiva\/compatta-passiva\/\"]}]},{\"@type\":\"BreadcrumbList\",\"@id\":\"https:\/\/cce.it\/de\/bereich-sicherheit\/produkt\/passiva\/compatta-passiva\/#breadcrumb\",\"itemListElement\":[{\"@type\":\"ListItem\",\"position\":1,\"item\":{\"@type\":\"WebPage\",\"@id\":\"https:\/\/cce.it\/\",\"url\":\"https:\/\/cce.it\/\",\"name\":\"Home\"}},{\"@type\":\"ListItem\",\"position\":2,\"item\":{\"@type\":\"WebPage\",\"@id\":\"https:\/\/cce.it\/de\/bereich-sicherheit\/\",\"url\":\"https:\/\/cce.it\/de\/bereich-sicherheit\/\",\"name\":\"Bereich Sicherheit\"}},{\"@type\":\"ListItem\",\"position\":3,\"item\":{\"@type\":\"WebPage\",\"@id\":\"https:\/\/cce.it\/de\/bereich-sicherheit\/produkt\/\",\"url\":\"https:\/\/cce.it\/de\/bereich-sicherheit\/produkt\/\",\"name\":\"Kategorien\"}},{\"@type\":\"ListItem\",\"position\":4,\"item\":{\"@type\":\"WebPage\",\"@id\":\"https:\/\/cce.it\/de\/bereich-sicherheit\/produkt\/passiva\/\",\"url\":\"https:\/\/cce.it\/de\/bereich-sicherheit\/produkt\/passiva\/\",\"name\":\"Passiva\"}},{\"@type\":\"ListItem\",\"position\":5,\"item\":{\"@type\":\"WebPage\",\"@id\":\"https:\/\/cce.it\/de\/bereich-sicherheit\/produkt\/passiva\/compatta-passiva\/\",\"url\":\"https:\/\/cce.it\/de\/bereich-sicherheit\/produkt\/passiva\/compatta-passiva\/\",\"name\":\"Compatta passiva\"}}]}]}<\/script>\n<!-- \/ Yoast SEO plugin. -->","_links":{"self":[{"href":"https:\/\/cce.it\/de\/wp-json\/wp\/v2\/pages\/11956"}],"collection":[{"href":"https:\/\/cce.it\/de\/wp-json\/wp\/v2\/pages"}],"about":[{"href":"https:\/\/cce.it\/de\/wp-json\/wp\/v2\/types\/page"}],"author":[{"embeddable":true,"href":"https:\/\/cce.it\/de\/wp-json\/wp\/v2\/users\/12"}],"replies":[{"embeddable":true,"href":"https:\/\/cce.it\/de\/wp-json\/wp\/v2\/comments?post=11956"}],"version-history":[{"count":8,"href":"https:\/\/cce.it\/de\/wp-json\/wp\/v2\/pages\/11956\/revisions"}],"predecessor-version":[{"id":18452,"href":"https:\/\/cce.it\/de\/wp-json\/wp\/v2\/pages\/11956\/revisions\/18452"}],"up":[{"embeddable":true,"href":"https:\/\/cce.it\/de\/wp-json\/wp\/v2\/pages\/5025"}],"wp:featuredmedia":[{"embeddable":true,"href":"https:\/\/cce.it\/de\/wp-json\/wp\/v2\/media\/15978"}],"wp:attachment":[{"href":"https:\/\/cce.it\/de\/wp-json\/wp\/v2\/media?parent=11956"}],"curies":[{"name":"wp","href":"https:\/\/api.w.org\/{rel}","templated":true}]}}