{"id":11925,"date":"2018-04-18T12:30:35","date_gmt":"2018-04-18T10:30:35","guid":{"rendered":"https:\/\/cce.it\/\/mini-roll-cnd\/"},"modified":"2018-07-25T14:31:22","modified_gmt":"2018-07-25T12:31:22","slug":"mini-roll-cnd","status":"publish","type":"page","link":"https:\/\/cce.it\/de\/bereich-sicherheit\/produkt\/mini-roll-cnd-2\/mini-roll-cnd\/","title":{"rendered":"Mini roll CND"},"content":{"rendered":"<h5><span style=\"color: #000;\"> INFORMATION <\/span><\/h5>\n<hr \/>\n<p>Das Modell <strong>MINI ROLL CND<\/strong> wurde f\u00fcr Drehtore ausgelegt und wird umlaufend montiert. Ein intern verlaufendes koextrudiertes Leiterprofil aus TPE ist beliebig abl&auml;ngbar und gew\u00e4hrleistet das sofortige Ansprechen bei jeder Ber\u00fchrung. <strong>MINI ROLL CND<\/strong> Erh\u00e4ltlich als zweckm\u00e4\u00dfiges Set f\u00fcr das<br \/>\nZusammensetzen in beliebig lange Teile.<\/p>\n","protected":false},"excerpt":{"rendered":"<p>INFORMATION Das Modell MINI ROLL CND wurde f\u00fcr Drehtore ausgelegt und wird umlaufend montiert. Ein intern verlaufendes koextrudiertes Leiterprofil aus TPE ist beliebig abl&auml;ngbar und gew\u00e4hrleistet das sofortige Ansprechen bei jeder Ber\u00fchrung. MINI ROLL CND Erh\u00e4ltlich als zweckm\u00e4\u00dfiges Set f\u00fcr das Zusammensetzen in beliebig lange Teile.<\/p>\n","protected":false},"author":12,"featured_media":16071,"parent":16062,"menu_order":867,"comment_status":"closed","ping_status":"closed","template":"template-sicurezza-product.php","meta":[],"acf":[],"yoast_head":"<!-- This site is optimized with the Yoast SEO plugin v15.0 - https:\/\/yoast.com\/wordpress\/plugins\/seo\/ -->\n<title>Mini roll CND - CCE<\/title>\n<meta name=\"robots\" content=\"index, follow, max-snippet:-1, max-image-preview:large, max-video-preview:-1\" \/>\n<link rel=\"canonical\" href=\"https:\/\/cce.it\/de\/bereich-sicherheit\/produkt\/mini-roll-cnd-2\/mini-roll-cnd\/\" \/>\n<meta property=\"og:locale\" content=\"it_IT\" \/>\n<meta property=\"og:type\" content=\"article\" \/>\n<meta property=\"og:title\" content=\"Mini roll CND - CCE\" \/>\n<meta property=\"og:description\" content=\"INFORMATION Das Modell MINI ROLL CND wurde f\u00fcr Drehtore ausgelegt und wird umlaufend montiert. Ein intern verlaufendes koextrudiertes Leiterprofil aus TPE ist beliebig abl&auml;ngbar und gew\u00e4hrleistet das sofortige Ansprechen bei jeder Ber\u00fchrung. MINI ROLL CND Erh\u00e4ltlich als zweckm\u00e4\u00dfiges Set f\u00fcr das Zusammensetzen in beliebig lange Teile.\" \/>\n<meta property=\"og:url\" content=\"https:\/\/cce.it\/de\/bereich-sicherheit\/produkt\/mini-roll-cnd-2\/mini-roll-cnd\/\" \/>\n<meta property=\"og:site_name\" content=\"CCE\" \/>\n<meta property=\"article:modified_time\" content=\"2018-07-25T12:31:22+00:00\" \/>\n<meta property=\"og:image\" content=\"https:\/\/cce.it\/wp-content\/uploads\/minirollcnd_testata_cat.jpg\" \/>\n\t<meta property=\"og:image:width\" content=\"1920\" \/>\n\t<meta property=\"og:image:height\" content=\"726\" \/>\n<script type=\"application\/ld+json\" class=\"yoast-schema-graph\">{\"@context\":\"https:\/\/schema.org\",\"@graph\":[{\"@type\":\"WebSite\",\"@id\":\"https:\/\/cce.it\/de\/#website\",\"url\":\"https:\/\/cce.it\/de\/\",\"name\":\"CCE\",\"description\":\"\",\"potentialAction\":[{\"@type\":\"SearchAction\",\"target\":\"https:\/\/cce.it\/de\/?s={search_term_string}\",\"query-input\":\"required name=search_term_string\"}],\"inLanguage\":\"it-IT\"},{\"@type\":\"ImageObject\",\"@id\":\"https:\/\/cce.it\/de\/bereich-sicherheit\/produkt\/mini-roll-cnd-2\/mini-roll-cnd\/#primaryimage\",\"inLanguage\":\"it-IT\",\"url\":\"https:\/\/cce.it\/wp-content\/uploads\/minirollcnd_testata_cat.jpg\",\"width\":1920,\"height\":726},{\"@type\":\"WebPage\",\"@id\":\"https:\/\/cce.it\/de\/bereich-sicherheit\/produkt\/mini-roll-cnd-2\/mini-roll-cnd\/#webpage\",\"url\":\"https:\/\/cce.it\/de\/bereich-sicherheit\/produkt\/mini-roll-cnd-2\/mini-roll-cnd\/\",\"name\":\"Mini roll CND - CCE\",\"isPartOf\":{\"@id\":\"https:\/\/cce.it\/de\/#website\"},\"primaryImageOfPage\":{\"@id\":\"https:\/\/cce.it\/de\/bereich-sicherheit\/produkt\/mini-roll-cnd-2\/mini-roll-cnd\/#primaryimage\"},\"datePublished\":\"2018-04-18T10:30:35+00:00\",\"dateModified\":\"2018-07-25T12:31:22+00:00\",\"breadcrumb\":{\"@id\":\"https:\/\/cce.it\/de\/bereich-sicherheit\/produkt\/mini-roll-cnd-2\/mini-roll-cnd\/#breadcrumb\"},\"inLanguage\":\"it-IT\",\"potentialAction\":[{\"@type\":\"ReadAction\",\"target\":[\"https:\/\/cce.it\/de\/bereich-sicherheit\/produkt\/mini-roll-cnd-2\/mini-roll-cnd\/\"]}]},{\"@type\":\"BreadcrumbList\",\"@id\":\"https:\/\/cce.it\/de\/bereich-sicherheit\/produkt\/mini-roll-cnd-2\/mini-roll-cnd\/#breadcrumb\",\"itemListElement\":[{\"@type\":\"ListItem\",\"position\":1,\"item\":{\"@type\":\"WebPage\",\"@id\":\"https:\/\/cce.it\/\",\"url\":\"https:\/\/cce.it\/\",\"name\":\"Home\"}},{\"@type\":\"ListItem\",\"position\":2,\"item\":{\"@type\":\"WebPage\",\"@id\":\"https:\/\/cce.it\/de\/bereich-sicherheit\/\",\"url\":\"https:\/\/cce.it\/de\/bereich-sicherheit\/\",\"name\":\"Bereich Sicherheit\"}},{\"@type\":\"ListItem\",\"position\":3,\"item\":{\"@type\":\"WebPage\",\"@id\":\"https:\/\/cce.it\/de\/bereich-sicherheit\/produkt\/\",\"url\":\"https:\/\/cce.it\/de\/bereich-sicherheit\/produkt\/\",\"name\":\"Kategorien\"}},{\"@type\":\"ListItem\",\"position\":4,\"item\":{\"@type\":\"WebPage\",\"@id\":\"https:\/\/cce.it\/de\/bereich-sicherheit\/produkt\/mini-roll-cnd-2\/\",\"url\":\"https:\/\/cce.it\/de\/bereich-sicherheit\/produkt\/mini-roll-cnd-2\/\",\"name\":\"Mini roll CND\"}},{\"@type\":\"ListItem\",\"position\":5,\"item\":{\"@type\":\"WebPage\",\"@id\":\"https:\/\/cce.it\/de\/bereich-sicherheit\/produkt\/mini-roll-cnd-2\/mini-roll-cnd\/\",\"url\":\"https:\/\/cce.it\/de\/bereich-sicherheit\/produkt\/mini-roll-cnd-2\/mini-roll-cnd\/\",\"name\":\"Mini roll CND\"}}]}]}<\/script>\n<!-- \/ Yoast SEO plugin. -->","_links":{"self":[{"href":"https:\/\/cce.it\/de\/wp-json\/wp\/v2\/pages\/11925"}],"collection":[{"href":"https:\/\/cce.it\/de\/wp-json\/wp\/v2\/pages"}],"about":[{"href":"https:\/\/cce.it\/de\/wp-json\/wp\/v2\/types\/page"}],"author":[{"embeddable":true,"href":"https:\/\/cce.it\/de\/wp-json\/wp\/v2\/users\/12"}],"replies":[{"embeddable":true,"href":"https:\/\/cce.it\/de\/wp-json\/wp\/v2\/comments?post=11925"}],"version-history":[{"count":8,"href":"https:\/\/cce.it\/de\/wp-json\/wp\/v2\/pages\/11925\/revisions"}],"predecessor-version":[{"id":18487,"href":"https:\/\/cce.it\/de\/wp-json\/wp\/v2\/pages\/11925\/revisions\/18487"}],"up":[{"embeddable":true,"href":"https:\/\/cce.it\/de\/wp-json\/wp\/v2\/pages\/16062"}],"wp:featuredmedia":[{"embeddable":true,"href":"https:\/\/cce.it\/de\/wp-json\/wp\/v2\/media\/16071"}],"wp:attachment":[{"href":"https:\/\/cce.it\/de\/wp-json\/wp\/v2\/media?parent=11925"}],"curies":[{"name":"wp","href":"https:\/\/api.w.org\/{rel}","templated":true}]}}