{"id":11859,"date":"2018-04-18T12:17:48","date_gmt":"2018-04-18T10:17:48","guid":{"rendered":"https:\/\/cce.it\/\/maxxi-cnd-link-cable\/"},"modified":"2018-07-18T17:21:22","modified_gmt":"2018-07-18T15:21:22","slug":"maxxi-cnd-link-cable","status":"publish","type":"page","link":"https:\/\/cce.it\/de\/bereich-sicherheit\/produkt\/maxxi-cnd\/maxxi-cnd-link-cable\/","title":{"rendered":"Maxxi CND LINK CABLE"},"content":{"rendered":"<h5><span style=\"color: #000;\"> INFORMATION <\/span><\/h5>\n<hr \/>\n<p><strong>MAXXI CND<\/strong> ist das Flaggschiff der Kontaktleistenreihe und f\u00fcr besonders schwere Schiebetore konzipiert. Das Modell hat ein innenliegendes koextrudiertes TPE-Profil, das besonders rasch auf jedes Ansto\u00dfen reagiert, stufenlos abl\u00e4ngbar und auch mit integriertem Funksender erh\u00e4ltlich ist.<\/p>\n<p><strong><a href=\"https:\/\/vimeo.com\/141065814\" target=\"_blank\" rel=\"noopener\"><i class=\"glyphicon glyphicon-play-circle\"><\/i> VIDEO ANSEHEN<\/a><\/strong><\/p>\n","protected":false},"excerpt":{"rendered":"<p>INFORMATION MAXXI CND ist das Flaggschiff der Kontaktleistenreihe und f\u00fcr besonders schwere Schiebetore konzipiert. Das Modell hat ein innenliegendes koextrudiertes TPE-Profil, das besonders rasch auf jedes Ansto\u00dfen reagiert, stufenlos abl\u00e4ngbar und auch mit integriertem Funksender erh\u00e4ltlich ist. VIDEO ANSEHEN<\/p>\n","protected":false},"author":12,"featured_media":16006,"parent":5018,"menu_order":791,"comment_status":"closed","ping_status":"closed","template":"template-sicurezza-product.php","meta":[],"acf":[],"yoast_head":"<!-- This site is optimized with the Yoast SEO plugin v15.0 - https:\/\/yoast.com\/wordpress\/plugins\/seo\/ -->\n<title>Maxxi CND LINK CABLE - CCE<\/title>\n<meta name=\"robots\" content=\"index, follow, max-snippet:-1, max-image-preview:large, max-video-preview:-1\" \/>\n<link rel=\"canonical\" href=\"https:\/\/cce.it\/de\/bereich-sicherheit\/produkt\/maxxi-cnd\/maxxi-cnd-link-cable\/\" \/>\n<meta property=\"og:locale\" content=\"it_IT\" \/>\n<meta property=\"og:type\" content=\"article\" \/>\n<meta property=\"og:title\" content=\"Maxxi CND LINK CABLE - CCE\" \/>\n<meta property=\"og:description\" content=\"INFORMATION MAXXI CND ist das Flaggschiff der Kontaktleistenreihe und f\u00fcr besonders schwere Schiebetore konzipiert. Das Modell hat ein innenliegendes koextrudiertes TPE-Profil, das besonders rasch auf jedes Ansto\u00dfen reagiert, stufenlos abl\u00e4ngbar und auch mit integriertem Funksender erh\u00e4ltlich ist. VIDEO ANSEHEN\" \/>\n<meta property=\"og:url\" content=\"https:\/\/cce.it\/de\/bereich-sicherheit\/produkt\/maxxi-cnd\/maxxi-cnd-link-cable\/\" \/>\n<meta property=\"og:site_name\" content=\"CCE\" \/>\n<meta property=\"article:modified_time\" content=\"2018-07-18T15:21:22+00:00\" \/>\n<meta property=\"og:image\" content=\"https:\/\/cce.it\/wp-content\/uploads\/maxxicable_testata_cat.jpg\" \/>\n\t<meta property=\"og:image:width\" content=\"1920\" \/>\n\t<meta property=\"og:image:height\" content=\"726\" \/>\n<script type=\"application\/ld+json\" class=\"yoast-schema-graph\">{\"@context\":\"https:\/\/schema.org\",\"@graph\":[{\"@type\":\"WebSite\",\"@id\":\"https:\/\/cce.it\/de\/#website\",\"url\":\"https:\/\/cce.it\/de\/\",\"name\":\"CCE\",\"description\":\"\",\"potentialAction\":[{\"@type\":\"SearchAction\",\"target\":\"https:\/\/cce.it\/de\/?s={search_term_string}\",\"query-input\":\"required name=search_term_string\"}],\"inLanguage\":\"it-IT\"},{\"@type\":\"ImageObject\",\"@id\":\"https:\/\/cce.it\/de\/bereich-sicherheit\/produkt\/maxxi-cnd\/maxxi-cnd-link-cable\/#primaryimage\",\"inLanguage\":\"it-IT\",\"url\":\"https:\/\/cce.it\/wp-content\/uploads\/maxxicable_testata_cat.jpg\",\"width\":1920,\"height\":726},{\"@type\":\"WebPage\",\"@id\":\"https:\/\/cce.it\/de\/bereich-sicherheit\/produkt\/maxxi-cnd\/maxxi-cnd-link-cable\/#webpage\",\"url\":\"https:\/\/cce.it\/de\/bereich-sicherheit\/produkt\/maxxi-cnd\/maxxi-cnd-link-cable\/\",\"name\":\"Maxxi CND LINK CABLE - CCE\",\"isPartOf\":{\"@id\":\"https:\/\/cce.it\/de\/#website\"},\"primaryImageOfPage\":{\"@id\":\"https:\/\/cce.it\/de\/bereich-sicherheit\/produkt\/maxxi-cnd\/maxxi-cnd-link-cable\/#primaryimage\"},\"datePublished\":\"2018-04-18T10:17:48+00:00\",\"dateModified\":\"2018-07-18T15:21:22+00:00\",\"breadcrumb\":{\"@id\":\"https:\/\/cce.it\/de\/bereich-sicherheit\/produkt\/maxxi-cnd\/maxxi-cnd-link-cable\/#breadcrumb\"},\"inLanguage\":\"it-IT\",\"potentialAction\":[{\"@type\":\"ReadAction\",\"target\":[\"https:\/\/cce.it\/de\/bereich-sicherheit\/produkt\/maxxi-cnd\/maxxi-cnd-link-cable\/\"]}]},{\"@type\":\"BreadcrumbList\",\"@id\":\"https:\/\/cce.it\/de\/bereich-sicherheit\/produkt\/maxxi-cnd\/maxxi-cnd-link-cable\/#breadcrumb\",\"itemListElement\":[{\"@type\":\"ListItem\",\"position\":1,\"item\":{\"@type\":\"WebPage\",\"@id\":\"https:\/\/cce.it\/\",\"url\":\"https:\/\/cce.it\/\",\"name\":\"Home\"}},{\"@type\":\"ListItem\",\"position\":2,\"item\":{\"@type\":\"WebPage\",\"@id\":\"https:\/\/cce.it\/de\/bereich-sicherheit\/\",\"url\":\"https:\/\/cce.it\/de\/bereich-sicherheit\/\",\"name\":\"Bereich Sicherheit\"}},{\"@type\":\"ListItem\",\"position\":3,\"item\":{\"@type\":\"WebPage\",\"@id\":\"https:\/\/cce.it\/de\/bereich-sicherheit\/produkt\/\",\"url\":\"https:\/\/cce.it\/de\/bereich-sicherheit\/produkt\/\",\"name\":\"Kategorien\"}},{\"@type\":\"ListItem\",\"position\":4,\"item\":{\"@type\":\"WebPage\",\"@id\":\"https:\/\/cce.it\/de\/bereich-sicherheit\/produkt\/maxxi-cnd\/\",\"url\":\"https:\/\/cce.it\/de\/bereich-sicherheit\/produkt\/maxxi-cnd\/\",\"name\":\"Maxxi CND\"}},{\"@type\":\"ListItem\",\"position\":5,\"item\":{\"@type\":\"WebPage\",\"@id\":\"https:\/\/cce.it\/de\/bereich-sicherheit\/produkt\/maxxi-cnd\/maxxi-cnd-link-cable\/\",\"url\":\"https:\/\/cce.it\/de\/bereich-sicherheit\/produkt\/maxxi-cnd\/maxxi-cnd-link-cable\/\",\"name\":\"Maxxi CND LINK CABLE\"}}]}]}<\/script>\n<!-- \/ Yoast SEO plugin. -->","_links":{"self":[{"href":"https:\/\/cce.it\/de\/wp-json\/wp\/v2\/pages\/11859"}],"collection":[{"href":"https:\/\/cce.it\/de\/wp-json\/wp\/v2\/pages"}],"about":[{"href":"https:\/\/cce.it\/de\/wp-json\/wp\/v2\/types\/page"}],"author":[{"embeddable":true,"href":"https:\/\/cce.it\/de\/wp-json\/wp\/v2\/users\/12"}],"replies":[{"embeddable":true,"href":"https:\/\/cce.it\/de\/wp-json\/wp\/v2\/comments?post=11859"}],"version-history":[{"count":5,"href":"https:\/\/cce.it\/de\/wp-json\/wp\/v2\/pages\/11859\/revisions"}],"predecessor-version":[{"id":18165,"href":"https:\/\/cce.it\/de\/wp-json\/wp\/v2\/pages\/11859\/revisions\/18165"}],"up":[{"embeddable":true,"href":"https:\/\/cce.it\/de\/wp-json\/wp\/v2\/pages\/5018"}],"wp:featuredmedia":[{"embeddable":true,"href":"https:\/\/cce.it\/de\/wp-json\/wp\/v2\/media\/16006"}],"wp:attachment":[{"href":"https:\/\/cce.it\/de\/wp-json\/wp\/v2\/media?parent=11859"}],"curies":[{"name":"wp","href":"https:\/\/api.w.org\/{rel}","templated":true}]}}