{"id":11777,"date":"2018-04-18T12:24:33","date_gmt":"2018-04-18T10:24:33","guid":{"rendered":"https:\/\/cce.it\/\/compatta-cnd-radio\/"},"modified":"2018-07-18T17:17:01","modified_gmt":"2018-07-18T15:17:01","slug":"compatta-cnd-radio","status":"publish","type":"page","link":"https:\/\/cce.it\/de\/bereich-sicherheit\/produkt\/compatta-cnd\/compatta-cnd-radio\/","title":{"rendered":"Compatta CND radio"},"content":{"rendered":"<h5><span style=\"color: #000;\"> INFORMATION <\/span><\/h5>\n<hr \/>\n<p><strong>COMPATTA CND<\/strong> ist einfach zu verlegen, alle elektrischen Leiter sind in einer kleinen und diskreten Kontaktleiste gef\u00fchrt. Diese reagiert schnell auf St\u00f6\u00dfe an jeder Stelle des Profils.<\/p>\n","protected":false},"excerpt":{"rendered":"<p>INFORMATION COMPATTA CND ist einfach zu verlegen, alle elektrischen Leiter sind in einer kleinen und diskreten Kontaktleiste gef\u00fchrt. Diese reagiert schnell auf St\u00f6\u00dfe an jeder Stelle des Profils.<\/p>\n","protected":false},"author":12,"featured_media":15999,"parent":5020,"menu_order":367,"comment_status":"closed","ping_status":"closed","template":"template-sicurezza-product.php","meta":[],"acf":[],"yoast_head":"<!-- This site is optimized with the Yoast SEO plugin v15.0 - https:\/\/yoast.com\/wordpress\/plugins\/seo\/ -->\n<title>Compatta CND radio - CCE<\/title>\n<meta name=\"robots\" content=\"index, follow, max-snippet:-1, max-image-preview:large, max-video-preview:-1\" \/>\n<link rel=\"canonical\" href=\"https:\/\/cce.it\/de\/bereich-sicherheit\/produkt\/compatta-cnd\/compatta-cnd-radio\/\" \/>\n<meta property=\"og:locale\" content=\"it_IT\" \/>\n<meta property=\"og:type\" content=\"article\" \/>\n<meta property=\"og:title\" content=\"Compatta CND radio - CCE\" \/>\n<meta property=\"og:description\" content=\"INFORMATION COMPATTA CND ist einfach zu verlegen, alle elektrischen Leiter sind in einer kleinen und diskreten Kontaktleiste gef\u00fchrt. Diese reagiert schnell auf St\u00f6\u00dfe an jeder Stelle des Profils.\" \/>\n<meta property=\"og:url\" content=\"https:\/\/cce.it\/de\/bereich-sicherheit\/produkt\/compatta-cnd\/compatta-cnd-radio\/\" \/>\n<meta property=\"og:site_name\" content=\"CCE\" \/>\n<meta property=\"article:modified_time\" content=\"2018-07-18T15:17:01+00:00\" \/>\n<meta property=\"og:image\" content=\"https:\/\/cce.it\/wp-content\/uploads\/compattacndradio_testata.jpg\" \/>\n\t<meta property=\"og:image:width\" content=\"1920\" \/>\n\t<meta property=\"og:image:height\" content=\"726\" \/>\n<script type=\"application\/ld+json\" class=\"yoast-schema-graph\">{\"@context\":\"https:\/\/schema.org\",\"@graph\":[{\"@type\":\"WebSite\",\"@id\":\"https:\/\/cce.it\/de\/#website\",\"url\":\"https:\/\/cce.it\/de\/\",\"name\":\"CCE\",\"description\":\"\",\"potentialAction\":[{\"@type\":\"SearchAction\",\"target\":\"https:\/\/cce.it\/de\/?s={search_term_string}\",\"query-input\":\"required name=search_term_string\"}],\"inLanguage\":\"it-IT\"},{\"@type\":\"ImageObject\",\"@id\":\"https:\/\/cce.it\/de\/bereich-sicherheit\/produkt\/compatta-cnd\/compatta-cnd-radio\/#primaryimage\",\"inLanguage\":\"it-IT\",\"url\":\"https:\/\/cce.it\/wp-content\/uploads\/compattacndradio_testata.jpg\",\"width\":1920,\"height\":726},{\"@type\":\"WebPage\",\"@id\":\"https:\/\/cce.it\/de\/bereich-sicherheit\/produkt\/compatta-cnd\/compatta-cnd-radio\/#webpage\",\"url\":\"https:\/\/cce.it\/de\/bereich-sicherheit\/produkt\/compatta-cnd\/compatta-cnd-radio\/\",\"name\":\"Compatta CND radio - CCE\",\"isPartOf\":{\"@id\":\"https:\/\/cce.it\/de\/#website\"},\"primaryImageOfPage\":{\"@id\":\"https:\/\/cce.it\/de\/bereich-sicherheit\/produkt\/compatta-cnd\/compatta-cnd-radio\/#primaryimage\"},\"datePublished\":\"2018-04-18T10:24:33+00:00\",\"dateModified\":\"2018-07-18T15:17:01+00:00\",\"breadcrumb\":{\"@id\":\"https:\/\/cce.it\/de\/bereich-sicherheit\/produkt\/compatta-cnd\/compatta-cnd-radio\/#breadcrumb\"},\"inLanguage\":\"it-IT\",\"potentialAction\":[{\"@type\":\"ReadAction\",\"target\":[\"https:\/\/cce.it\/de\/bereich-sicherheit\/produkt\/compatta-cnd\/compatta-cnd-radio\/\"]}]},{\"@type\":\"BreadcrumbList\",\"@id\":\"https:\/\/cce.it\/de\/bereich-sicherheit\/produkt\/compatta-cnd\/compatta-cnd-radio\/#breadcrumb\",\"itemListElement\":[{\"@type\":\"ListItem\",\"position\":1,\"item\":{\"@type\":\"WebPage\",\"@id\":\"https:\/\/cce.it\/\",\"url\":\"https:\/\/cce.it\/\",\"name\":\"Home\"}},{\"@type\":\"ListItem\",\"position\":2,\"item\":{\"@type\":\"WebPage\",\"@id\":\"https:\/\/cce.it\/de\/bereich-sicherheit\/\",\"url\":\"https:\/\/cce.it\/de\/bereich-sicherheit\/\",\"name\":\"Bereich Sicherheit\"}},{\"@type\":\"ListItem\",\"position\":3,\"item\":{\"@type\":\"WebPage\",\"@id\":\"https:\/\/cce.it\/de\/bereich-sicherheit\/produkt\/\",\"url\":\"https:\/\/cce.it\/de\/bereich-sicherheit\/produkt\/\",\"name\":\"Kategorien\"}},{\"@type\":\"ListItem\",\"position\":4,\"item\":{\"@type\":\"WebPage\",\"@id\":\"https:\/\/cce.it\/de\/bereich-sicherheit\/produkt\/compatta-cnd\/\",\"url\":\"https:\/\/cce.it\/de\/bereich-sicherheit\/produkt\/compatta-cnd\/\",\"name\":\"Compatta CND\"}},{\"@type\":\"ListItem\",\"position\":5,\"item\":{\"@type\":\"WebPage\",\"@id\":\"https:\/\/cce.it\/de\/bereich-sicherheit\/produkt\/compatta-cnd\/compatta-cnd-radio\/\",\"url\":\"https:\/\/cce.it\/de\/bereich-sicherheit\/produkt\/compatta-cnd\/compatta-cnd-radio\/\",\"name\":\"Compatta CND radio\"}}]}]}<\/script>\n<!-- \/ Yoast SEO plugin. -->","_links":{"self":[{"href":"https:\/\/cce.it\/de\/wp-json\/wp\/v2\/pages\/11777"}],"collection":[{"href":"https:\/\/cce.it\/de\/wp-json\/wp\/v2\/pages"}],"about":[{"href":"https:\/\/cce.it\/de\/wp-json\/wp\/v2\/types\/page"}],"author":[{"embeddable":true,"href":"https:\/\/cce.it\/de\/wp-json\/wp\/v2\/users\/12"}],"replies":[{"embeddable":true,"href":"https:\/\/cce.it\/de\/wp-json\/wp\/v2\/comments?post=11777"}],"version-history":[{"count":4,"href":"https:\/\/cce.it\/de\/wp-json\/wp\/v2\/pages\/11777\/revisions"}],"predecessor-version":[{"id":18158,"href":"https:\/\/cce.it\/de\/wp-json\/wp\/v2\/pages\/11777\/revisions\/18158"}],"up":[{"embeddable":true,"href":"https:\/\/cce.it\/de\/wp-json\/wp\/v2\/pages\/5020"}],"wp:featuredmedia":[{"embeddable":true,"href":"https:\/\/cce.it\/de\/wp-json\/wp\/v2\/media\/15999"}],"wp:attachment":[{"href":"https:\/\/cce.it\/de\/wp-json\/wp\/v2\/media?parent=11777"}],"curies":[{"name":"wp","href":"https:\/\/api.w.org\/{rel}","templated":true}]}}