{"id":11725,"date":"2018-04-18T14:32:15","date_gmt":"2018-04-18T12:32:15","guid":{"rendered":"https:\/\/cce.it\/\/multi-proto\/"},"modified":"2018-07-18T17:24:33","modified_gmt":"2018-07-18T15:24:33","slug":"multi-proto","status":"publish","type":"page","link":"https:\/\/cce.it\/de\/bereich-sicherheit\/produkt\/multi\/multi-proto\/","title":{"rendered":"Multi proto"},"content":{"rendered":"<h5><span style=\"color: #000;\"> INFORMATION <\/span><\/h5>\n<hr \/>\n<p><strong>MULTI<\/strong> ist eine Kontaktleiste in gef\u00e4lligem Design mit gro\u00dfartiger Leistung. Sie arbeitet mit einem System dichter Mikroschalter und eignet sich ideal f\u00fcr Schiebetore. Sie ist auch mit einem integrierten, zum Anschluss weiterer<br \/>\nKontaktleisten geeigneten Funksender erh\u00e4ltlich.<\/p>\n","protected":false},"excerpt":{"rendered":"<p>INFORMATION MULTI ist eine Kontaktleiste in gef\u00e4lligem Design mit gro\u00dfartiger Leistung. Sie arbeitet mit einem System dichter Mikroschalter und eignet sich ideal f\u00fcr Schiebetore. Sie ist auch mit einem integrierten, zum Anschluss weiterer Kontaktleisten geeigneten Funksender erh\u00e4ltlich.<\/p>\n","protected":false},"author":12,"featured_media":16101,"parent":5022,"menu_order":912,"comment_status":"closed","ping_status":"closed","template":"template-sicurezza-product.php","meta":[],"acf":[],"yoast_head":"<!-- This site is optimized with the Yoast SEO plugin v15.0 - https:\/\/yoast.com\/wordpress\/plugins\/seo\/ -->\n<title>Multi proto - CCE<\/title>\n<meta name=\"robots\" content=\"index, follow, max-snippet:-1, max-image-preview:large, max-video-preview:-1\" \/>\n<link rel=\"canonical\" href=\"https:\/\/cce.it\/de\/bereich-sicherheit\/produkt\/multi\/multi-proto\/\" \/>\n<meta property=\"og:locale\" content=\"it_IT\" \/>\n<meta property=\"og:type\" content=\"article\" \/>\n<meta property=\"og:title\" content=\"Multi proto - CCE\" \/>\n<meta property=\"og:description\" content=\"INFORMATION MULTI ist eine Kontaktleiste in gef\u00e4lligem Design mit gro\u00dfartiger Leistung. Sie arbeitet mit einem System dichter Mikroschalter und eignet sich ideal f\u00fcr Schiebetore. Sie ist auch mit einem integrierten, zum Anschluss weiterer Kontaktleisten geeigneten Funksender erh\u00e4ltlich.\" \/>\n<meta property=\"og:url\" content=\"https:\/\/cce.it\/de\/bereich-sicherheit\/produkt\/multi\/multi-proto\/\" \/>\n<meta property=\"og:site_name\" content=\"CCE\" \/>\n<meta property=\"article:modified_time\" content=\"2018-07-18T15:24:33+00:00\" \/>\n<meta property=\"og:image\" content=\"https:\/\/cce.it\/wp-content\/uploads\/multiproto_testata.jpg\" \/>\n\t<meta property=\"og:image:width\" content=\"1920\" \/>\n\t<meta property=\"og:image:height\" content=\"726\" \/>\n<script type=\"application\/ld+json\" class=\"yoast-schema-graph\">{\"@context\":\"https:\/\/schema.org\",\"@graph\":[{\"@type\":\"WebSite\",\"@id\":\"https:\/\/cce.it\/de\/#website\",\"url\":\"https:\/\/cce.it\/de\/\",\"name\":\"CCE\",\"description\":\"\",\"potentialAction\":[{\"@type\":\"SearchAction\",\"target\":\"https:\/\/cce.it\/de\/?s={search_term_string}\",\"query-input\":\"required name=search_term_string\"}],\"inLanguage\":\"it-IT\"},{\"@type\":\"ImageObject\",\"@id\":\"https:\/\/cce.it\/de\/bereich-sicherheit\/produkt\/multi\/multi-proto\/#primaryimage\",\"inLanguage\":\"it-IT\",\"url\":\"https:\/\/cce.it\/wp-content\/uploads\/multiproto_testata.jpg\",\"width\":1920,\"height\":726},{\"@type\":\"WebPage\",\"@id\":\"https:\/\/cce.it\/de\/bereich-sicherheit\/produkt\/multi\/multi-proto\/#webpage\",\"url\":\"https:\/\/cce.it\/de\/bereich-sicherheit\/produkt\/multi\/multi-proto\/\",\"name\":\"Multi proto - CCE\",\"isPartOf\":{\"@id\":\"https:\/\/cce.it\/de\/#website\"},\"primaryImageOfPage\":{\"@id\":\"https:\/\/cce.it\/de\/bereich-sicherheit\/produkt\/multi\/multi-proto\/#primaryimage\"},\"datePublished\":\"2018-04-18T12:32:15+00:00\",\"dateModified\":\"2018-07-18T15:24:33+00:00\",\"breadcrumb\":{\"@id\":\"https:\/\/cce.it\/de\/bereich-sicherheit\/produkt\/multi\/multi-proto\/#breadcrumb\"},\"inLanguage\":\"it-IT\",\"potentialAction\":[{\"@type\":\"ReadAction\",\"target\":[\"https:\/\/cce.it\/de\/bereich-sicherheit\/produkt\/multi\/multi-proto\/\"]}]},{\"@type\":\"BreadcrumbList\",\"@id\":\"https:\/\/cce.it\/de\/bereich-sicherheit\/produkt\/multi\/multi-proto\/#breadcrumb\",\"itemListElement\":[{\"@type\":\"ListItem\",\"position\":1,\"item\":{\"@type\":\"WebPage\",\"@id\":\"https:\/\/cce.it\/\",\"url\":\"https:\/\/cce.it\/\",\"name\":\"Home\"}},{\"@type\":\"ListItem\",\"position\":2,\"item\":{\"@type\":\"WebPage\",\"@id\":\"https:\/\/cce.it\/de\/bereich-sicherheit\/\",\"url\":\"https:\/\/cce.it\/de\/bereich-sicherheit\/\",\"name\":\"Bereich Sicherheit\"}},{\"@type\":\"ListItem\",\"position\":3,\"item\":{\"@type\":\"WebPage\",\"@id\":\"https:\/\/cce.it\/de\/bereich-sicherheit\/produkt\/\",\"url\":\"https:\/\/cce.it\/de\/bereich-sicherheit\/produkt\/\",\"name\":\"Kategorien\"}},{\"@type\":\"ListItem\",\"position\":4,\"item\":{\"@type\":\"WebPage\",\"@id\":\"https:\/\/cce.it\/de\/bereich-sicherheit\/produkt\/multi\/\",\"url\":\"https:\/\/cce.it\/de\/bereich-sicherheit\/produkt\/multi\/\",\"name\":\"Multi\"}},{\"@type\":\"ListItem\",\"position\":5,\"item\":{\"@type\":\"WebPage\",\"@id\":\"https:\/\/cce.it\/de\/bereich-sicherheit\/produkt\/multi\/multi-proto\/\",\"url\":\"https:\/\/cce.it\/de\/bereich-sicherheit\/produkt\/multi\/multi-proto\/\",\"name\":\"Multi proto\"}}]}]}<\/script>\n<!-- \/ Yoast SEO plugin. -->","_links":{"self":[{"href":"https:\/\/cce.it\/de\/wp-json\/wp\/v2\/pages\/11725"}],"collection":[{"href":"https:\/\/cce.it\/de\/wp-json\/wp\/v2\/pages"}],"about":[{"href":"https:\/\/cce.it\/de\/wp-json\/wp\/v2\/types\/page"}],"author":[{"embeddable":true,"href":"https:\/\/cce.it\/de\/wp-json\/wp\/v2\/users\/12"}],"replies":[{"embeddable":true,"href":"https:\/\/cce.it\/de\/wp-json\/wp\/v2\/comments?post=11725"}],"version-history":[{"count":4,"href":"https:\/\/cce.it\/de\/wp-json\/wp\/v2\/pages\/11725\/revisions"}],"predecessor-version":[{"id":18172,"href":"https:\/\/cce.it\/de\/wp-json\/wp\/v2\/pages\/11725\/revisions\/18172"}],"up":[{"embeddable":true,"href":"https:\/\/cce.it\/de\/wp-json\/wp\/v2\/pages\/5022"}],"wp:featuredmedia":[{"embeddable":true,"href":"https:\/\/cce.it\/de\/wp-json\/wp\/v2\/media\/16101"}],"wp:attachment":[{"href":"https:\/\/cce.it\/de\/wp-json\/wp\/v2\/media?parent=11725"}],"curies":[{"name":"wp","href":"https:\/\/api.w.org\/{rel}","templated":true}]}}