{"id":10258,"date":"2017-06-05T16:18:51","date_gmt":"2017-06-05T14:18:51","guid":{"rendered":"https:\/\/cce.it\/\/bereich-zugluft\/produkt\/threshold\/unitermo-metal\/"},"modified":"2018-07-19T10:05:37","modified_gmt":"2018-07-19T08:05:37","slug":"unitermo-metal","status":"publish","type":"page","link":"https:\/\/cce.it\/de\/bereich-zugluft\/produkt\/threshold\/unitermo-metal\/","title":{"rendered":"Unitermo Metal"},"content":{"rendered":"<h5><span>INFORMATION<\/span><\/h5>\n<hr \/>\n<p>Bei UNITERMO METAL handelt es sich um eine universelle, thermisch getrennte Bodenschwelle f&uuml;r Sicherheitst\u00fcren aus zwei PVC-Profilen und einem externen Aluminiumprofil. Sie gew\u00e4hrleistet eine hochwertige thermische Trennung f\u00fcr mehr Komfort und Energieeinsparung.<br \/>\nF\u00fcr zwei \u00fcgelige Sicherheitssysteme mit Riegel erm\u00f6glicht die Bodenschwelle UNITERMO METAL die Verwendung einer Schlie\u00dfplatte aus Kunststoff mit einem allen T\u00fcrarten anpassbaren Achsabstand der Bohrung.<\/p>\n","protected":false},"excerpt":{"rendered":"<p>INFORMATION Bei UNITERMO METAL handelt es sich um eine universelle, thermisch getrennte Bodenschwelle f&uuml;r Sicherheitst\u00fcren aus zwei PVC-Profilen und einem externen Aluminiumprofil. Sie gew\u00e4hrleistet eine hochwertige thermische Trennung f\u00fcr mehr Komfort und Energieeinsparung. F\u00fcr zwei \u00fcgelige Sicherheitssysteme mit Riegel erm\u00f6glicht die Bodenschwelle UNITERMO METAL die Verwendung einer Schlie\u00dfplatte aus Kunststoff mit einem allen T\u00fcrarten anpassbaren &hellip; <a href=\"https:\/\/cce.it\/de\/bereich-zugluft\/produkt\/threshold\/unitermo-metal\/\">Continua<\/a><\/p>\n","protected":false},"author":12,"featured_media":9111,"parent":4395,"menu_order":1312,"comment_status":"closed","ping_status":"closed","template":"template-antis-product.php","meta":[],"acf":[],"yoast_head":"<!-- This site is optimized with the Yoast SEO plugin v15.0 - https:\/\/yoast.com\/wordpress\/plugins\/seo\/ -->\n<title>Unitermo Metal - CCE<\/title>\n<meta name=\"robots\" content=\"index, follow, max-snippet:-1, max-image-preview:large, max-video-preview:-1\" \/>\n<link rel=\"canonical\" href=\"https:\/\/cce.it\/de\/bereich-zugluft\/produkt\/threshold\/unitermo-metal\/\" \/>\n<meta property=\"og:locale\" content=\"it_IT\" \/>\n<meta property=\"og:type\" content=\"article\" \/>\n<meta property=\"og:title\" content=\"Unitermo Metal - CCE\" \/>\n<meta property=\"og:description\" content=\"INFORMATION Bei UNITERMO METAL handelt es sich um eine universelle, thermisch getrennte Bodenschwelle f&uuml;r Sicherheitst\u00fcren aus zwei PVC-Profilen und einem externen Aluminiumprofil. Sie gew\u00e4hrleistet eine hochwertige thermische Trennung f\u00fcr mehr Komfort und Energieeinsparung. F\u00fcr zwei \u00fcgelige Sicherheitssysteme mit Riegel erm\u00f6glicht die Bodenschwelle UNITERMO METAL die Verwendung einer Schlie\u00dfplatte aus Kunststoff mit einem allen T\u00fcrarten anpassbaren &hellip; Continua\" \/>\n<meta property=\"og:url\" content=\"https:\/\/cce.it\/de\/bereich-zugluft\/produkt\/threshold\/unitermo-metal\/\" \/>\n<meta property=\"og:site_name\" content=\"CCE\" \/>\n<meta property=\"article:modified_time\" content=\"2018-07-19T08:05:37+00:00\" \/>\n<meta property=\"og:image\" content=\"https:\/\/cce.it\/wp-content\/uploads\/unitermometal-prodotto_rev2.jpg\" \/>\n\t<meta property=\"og:image:width\" content=\"1920\" \/>\n\t<meta property=\"og:image:height\" content=\"726\" \/>\n<script type=\"application\/ld+json\" class=\"yoast-schema-graph\">{\"@context\":\"https:\/\/schema.org\",\"@graph\":[{\"@type\":\"WebSite\",\"@id\":\"https:\/\/cce.it\/de\/#website\",\"url\":\"https:\/\/cce.it\/de\/\",\"name\":\"CCE\",\"description\":\"\",\"potentialAction\":[{\"@type\":\"SearchAction\",\"target\":\"https:\/\/cce.it\/de\/?s={search_term_string}\",\"query-input\":\"required name=search_term_string\"}],\"inLanguage\":\"it-IT\"},{\"@type\":\"ImageObject\",\"@id\":\"https:\/\/cce.it\/de\/bereich-zugluft\/produkt\/threshold\/unitermo-metal\/#primaryimage\",\"inLanguage\":\"it-IT\",\"url\":\"https:\/\/cce.it\/wp-content\/uploads\/unitermometal-prodotto_rev2.jpg\",\"width\":1920,\"height\":726},{\"@type\":\"WebPage\",\"@id\":\"https:\/\/cce.it\/de\/bereich-zugluft\/produkt\/threshold\/unitermo-metal\/#webpage\",\"url\":\"https:\/\/cce.it\/de\/bereich-zugluft\/produkt\/threshold\/unitermo-metal\/\",\"name\":\"Unitermo Metal - CCE\",\"isPartOf\":{\"@id\":\"https:\/\/cce.it\/de\/#website\"},\"primaryImageOfPage\":{\"@id\":\"https:\/\/cce.it\/de\/bereich-zugluft\/produkt\/threshold\/unitermo-metal\/#primaryimage\"},\"datePublished\":\"2017-06-05T14:18:51+00:00\",\"dateModified\":\"2018-07-19T08:05:37+00:00\",\"breadcrumb\":{\"@id\":\"https:\/\/cce.it\/de\/bereich-zugluft\/produkt\/threshold\/unitermo-metal\/#breadcrumb\"},\"inLanguage\":\"it-IT\",\"potentialAction\":[{\"@type\":\"ReadAction\",\"target\":[\"https:\/\/cce.it\/de\/bereich-zugluft\/produkt\/threshold\/unitermo-metal\/\"]}]},{\"@type\":\"BreadcrumbList\",\"@id\":\"https:\/\/cce.it\/de\/bereich-zugluft\/produkt\/threshold\/unitermo-metal\/#breadcrumb\",\"itemListElement\":[{\"@type\":\"ListItem\",\"position\":1,\"item\":{\"@type\":\"WebPage\",\"@id\":\"https:\/\/cce.it\/\",\"url\":\"https:\/\/cce.it\/\",\"name\":\"Home\"}},{\"@type\":\"ListItem\",\"position\":2,\"item\":{\"@type\":\"WebPage\",\"@id\":\"https:\/\/cce.it\/de\/bereich-zugluft\/\",\"url\":\"https:\/\/cce.it\/de\/bereich-zugluft\/\",\"name\":\"Bereich Zugluft\"}},{\"@type\":\"ListItem\",\"position\":3,\"item\":{\"@type\":\"WebPage\",\"@id\":\"https:\/\/cce.it\/de\/bereich-zugluft\/produkt\/\",\"url\":\"https:\/\/cce.it\/de\/bereich-zugluft\/produkt\/\",\"name\":\"Kategorien\"}},{\"@type\":\"ListItem\",\"position\":4,\"item\":{\"@type\":\"WebPage\",\"@id\":\"https:\/\/cce.it\/de\/bereich-zugluft\/produkt\/threshold\/\",\"url\":\"https:\/\/cce.it\/de\/bereich-zugluft\/produkt\/threshold\/\",\"name\":\"Threshold\"}},{\"@type\":\"ListItem\",\"position\":5,\"item\":{\"@type\":\"WebPage\",\"@id\":\"https:\/\/cce.it\/de\/bereich-zugluft\/produkt\/threshold\/unitermo-metal\/\",\"url\":\"https:\/\/cce.it\/de\/bereich-zugluft\/produkt\/threshold\/unitermo-metal\/\",\"name\":\"Unitermo Metal\"}}]}]}<\/script>\n<!-- \/ Yoast SEO plugin. -->","_links":{"self":[{"href":"https:\/\/cce.it\/de\/wp-json\/wp\/v2\/pages\/10258"}],"collection":[{"href":"https:\/\/cce.it\/de\/wp-json\/wp\/v2\/pages"}],"about":[{"href":"https:\/\/cce.it\/de\/wp-json\/wp\/v2\/types\/page"}],"author":[{"embeddable":true,"href":"https:\/\/cce.it\/de\/wp-json\/wp\/v2\/users\/12"}],"replies":[{"embeddable":true,"href":"https:\/\/cce.it\/de\/wp-json\/wp\/v2\/comments?post=10258"}],"version-history":[{"count":10,"href":"https:\/\/cce.it\/de\/wp-json\/wp\/v2\/pages\/10258\/revisions"}],"predecessor-version":[{"id":18377,"href":"https:\/\/cce.it\/de\/wp-json\/wp\/v2\/pages\/10258\/revisions\/18377"}],"up":[{"embeddable":true,"href":"https:\/\/cce.it\/de\/wp-json\/wp\/v2\/pages\/4395"}],"wp:featuredmedia":[{"embeddable":true,"href":"https:\/\/cce.it\/de\/wp-json\/wp\/v2\/media\/9111"}],"wp:attachment":[{"href":"https:\/\/cce.it\/de\/wp-json\/wp\/v2\/media?parent=10258"}],"curies":[{"name":"wp","href":"https:\/\/api.w.org\/{rel}","templated":true}]}}