{"id":10177,"date":"2017-05-30T10:34:21","date_gmt":"2017-05-30T08:34:21","guid":{"rendered":"https:\/\/cce.it\/\/bereich-zugluft\/produkt\/comfort\/acoustic-alu-alette-mediane\/"},"modified":"2018-07-19T09:17:16","modified_gmt":"2018-07-19T07:17:16","slug":"acoustic-alu-alette-mediane","status":"publish","type":"page","link":"https:\/\/cce.it\/de\/bereich-zugluft\/produkt\/comfort\/acoustic-alu-alette-mediane\/","title":{"rendered":"Acoustic Alu Con Alette Mediane"},"content":{"rendered":"<h5><span>INFORMATION<\/span><\/h5>\n<hr \/>\n<p>Alternative Ausf\u00fchrung zum Modell Acoustic Alu mit Befestigung durch Laschen am mittleren K\u00f6rper des Au\u00dfenprofils. Die Struktur \u00e4hnelt sehr dem klassischen Modell, erm&ouml;glicht dieselben Druckknopfkombinationen und bietet starken Schallschutz.<\/p>\n","protected":false},"excerpt":{"rendered":"<p>INFORMATION Alternative Ausf\u00fchrung zum Modell Acoustic Alu mit Befestigung durch Laschen am mittleren K\u00f6rper des Au\u00dfenprofils. Die Struktur \u00e4hnelt sehr dem klassischen Modell, erm&ouml;glicht dieselben Druckknopfkombinationen und bietet starken Schallschutz.<\/p>\n","protected":false},"author":12,"featured_media":15695,"parent":4169,"menu_order":160,"comment_status":"closed","ping_status":"closed","template":"template-antis-product.php","meta":[],"acf":[],"yoast_head":"<!-- This site is optimized with the Yoast SEO plugin v15.0 - https:\/\/yoast.com\/wordpress\/plugins\/seo\/ -->\n<title>Acoustic Alu Con Alette Mediane - CCE<\/title>\n<meta name=\"robots\" content=\"index, follow, max-snippet:-1, max-image-preview:large, max-video-preview:-1\" \/>\n<link rel=\"canonical\" href=\"https:\/\/cce.it\/de\/bereich-zugluft\/produkt\/comfort\/acoustic-alu-alette-mediane\/\" \/>\n<meta property=\"og:locale\" content=\"it_IT\" \/>\n<meta property=\"og:type\" content=\"article\" \/>\n<meta property=\"og:title\" content=\"Acoustic Alu Con Alette Mediane - CCE\" \/>\n<meta property=\"og:description\" content=\"INFORMATION Alternative Ausf\u00fchrung zum Modell Acoustic Alu mit Befestigung durch Laschen am mittleren K\u00f6rper des Au\u00dfenprofils. Die Struktur \u00e4hnelt sehr dem klassischen Modell, erm&ouml;glicht dieselben Druckknopfkombinationen und bietet starken Schallschutz.\" \/>\n<meta property=\"og:url\" content=\"https:\/\/cce.it\/de\/bereich-zugluft\/produkt\/comfort\/acoustic-alu-alette-mediane\/\" \/>\n<meta property=\"og:site_name\" content=\"CCE\" \/>\n<meta property=\"article:modified_time\" content=\"2018-07-19T07:17:16+00:00\" \/>\n<meta property=\"og:image\" content=\"https:\/\/cce.it\/wp-content\/uploads\/asacam_solo_cat.jpg\" \/>\n\t<meta property=\"og:image:width\" content=\"1920\" \/>\n\t<meta property=\"og:image:height\" content=\"726\" \/>\n<script type=\"application\/ld+json\" class=\"yoast-schema-graph\">{\"@context\":\"https:\/\/schema.org\",\"@graph\":[{\"@type\":\"WebSite\",\"@id\":\"https:\/\/cce.it\/de\/#website\",\"url\":\"https:\/\/cce.it\/de\/\",\"name\":\"CCE\",\"description\":\"\",\"potentialAction\":[{\"@type\":\"SearchAction\",\"target\":\"https:\/\/cce.it\/de\/?s={search_term_string}\",\"query-input\":\"required name=search_term_string\"}],\"inLanguage\":\"it-IT\"},{\"@type\":\"ImageObject\",\"@id\":\"https:\/\/cce.it\/de\/bereich-zugluft\/produkt\/comfort\/acoustic-alu-alette-mediane\/#primaryimage\",\"inLanguage\":\"it-IT\",\"url\":\"https:\/\/cce.it\/wp-content\/uploads\/asacam_solo_cat.jpg\",\"width\":1920,\"height\":726},{\"@type\":\"WebPage\",\"@id\":\"https:\/\/cce.it\/de\/bereich-zugluft\/produkt\/comfort\/acoustic-alu-alette-mediane\/#webpage\",\"url\":\"https:\/\/cce.it\/de\/bereich-zugluft\/produkt\/comfort\/acoustic-alu-alette-mediane\/\",\"name\":\"Acoustic Alu Con Alette Mediane - CCE\",\"isPartOf\":{\"@id\":\"https:\/\/cce.it\/de\/#website\"},\"primaryImageOfPage\":{\"@id\":\"https:\/\/cce.it\/de\/bereich-zugluft\/produkt\/comfort\/acoustic-alu-alette-mediane\/#primaryimage\"},\"datePublished\":\"2017-05-30T08:34:21+00:00\",\"dateModified\":\"2018-07-19T07:17:16+00:00\",\"breadcrumb\":{\"@id\":\"https:\/\/cce.it\/de\/bereich-zugluft\/produkt\/comfort\/acoustic-alu-alette-mediane\/#breadcrumb\"},\"inLanguage\":\"it-IT\",\"potentialAction\":[{\"@type\":\"ReadAction\",\"target\":[\"https:\/\/cce.it\/de\/bereich-zugluft\/produkt\/comfort\/acoustic-alu-alette-mediane\/\"]}]},{\"@type\":\"BreadcrumbList\",\"@id\":\"https:\/\/cce.it\/de\/bereich-zugluft\/produkt\/comfort\/acoustic-alu-alette-mediane\/#breadcrumb\",\"itemListElement\":[{\"@type\":\"ListItem\",\"position\":1,\"item\":{\"@type\":\"WebPage\",\"@id\":\"https:\/\/cce.it\/\",\"url\":\"https:\/\/cce.it\/\",\"name\":\"Home\"}},{\"@type\":\"ListItem\",\"position\":2,\"item\":{\"@type\":\"WebPage\",\"@id\":\"https:\/\/cce.it\/de\/bereich-zugluft\/\",\"url\":\"https:\/\/cce.it\/de\/bereich-zugluft\/\",\"name\":\"Bereich Zugluft\"}},{\"@type\":\"ListItem\",\"position\":3,\"item\":{\"@type\":\"WebPage\",\"@id\":\"https:\/\/cce.it\/de\/bereich-zugluft\/produkt\/\",\"url\":\"https:\/\/cce.it\/de\/bereich-zugluft\/produkt\/\",\"name\":\"Kategorien\"}},{\"@type\":\"ListItem\",\"position\":4,\"item\":{\"@type\":\"WebPage\",\"@id\":\"https:\/\/cce.it\/de\/bereich-zugluft\/produkt\/comfort\/\",\"url\":\"https:\/\/cce.it\/de\/bereich-zugluft\/produkt\/comfort\/\",\"name\":\"Comfort\"}},{\"@type\":\"ListItem\",\"position\":5,\"item\":{\"@type\":\"WebPage\",\"@id\":\"https:\/\/cce.it\/de\/bereich-zugluft\/produkt\/comfort\/acoustic-alu-alette-mediane\/\",\"url\":\"https:\/\/cce.it\/de\/bereich-zugluft\/produkt\/comfort\/acoustic-alu-alette-mediane\/\",\"name\":\"Acoustic Alu Con Alette Mediane\"}}]}]}<\/script>\n<!-- \/ Yoast SEO plugin. -->","_links":{"self":[{"href":"https:\/\/cce.it\/de\/wp-json\/wp\/v2\/pages\/10177"}],"collection":[{"href":"https:\/\/cce.it\/de\/wp-json\/wp\/v2\/pages"}],"about":[{"href":"https:\/\/cce.it\/de\/wp-json\/wp\/v2\/types\/page"}],"author":[{"embeddable":true,"href":"https:\/\/cce.it\/de\/wp-json\/wp\/v2\/users\/12"}],"replies":[{"embeddable":true,"href":"https:\/\/cce.it\/de\/wp-json\/wp\/v2\/comments?post=10177"}],"version-history":[{"count":11,"href":"https:\/\/cce.it\/de\/wp-json\/wp\/v2\/pages\/10177\/revisions"}],"predecessor-version":[{"id":18260,"href":"https:\/\/cce.it\/de\/wp-json\/wp\/v2\/pages\/10177\/revisions\/18260"}],"up":[{"embeddable":true,"href":"https:\/\/cce.it\/de\/wp-json\/wp\/v2\/pages\/4169"}],"wp:featuredmedia":[{"embeddable":true,"href":"https:\/\/cce.it\/de\/wp-json\/wp\/v2\/media\/15695"}],"wp:attachment":[{"href":"https:\/\/cce.it\/de\/wp-json\/wp\/v2\/media?parent=10177"}],"curies":[{"name":"wp","href":"https:\/\/api.w.org\/{rel}","templated":true}]}}